{"id":606579,"date":"2025-08-12T18:00:00","date_gmt":"2025-08-12T16:00:00","guid":{"rendered":"https:\/\/lucacastelli.com\/prodotto\/milwaukee-hammer-mit-flachem-kugelfoermigem-kopf\/"},"modified":"2025-08-12T18:00:00","modified_gmt":"2025-08-12T16:00:00","slug":"milwaukee-hammer-mit-flachem-kugelfoermigem-kopf","status":"publish","type":"product","link":"https:\/\/lucacastelli.com\/de\/produkt\/milwaukee-hammer-mit-flachem-kugelfoermigem-kopf\/","title":{"rendered":"Milwaukee Hammer mit flachem, kugelf\u00f6rmigem Kopf"},"content":{"rendered":"<p>FLAT HEAD\/SPHERIC PEN 907g<br \/>\nAusgewogenes Design und mit Stahlkorn gef\u00fcllter Kopf f\u00fcr bessere Kontrolle; Langlebiges Metall an Kopf und Stift, um Absplitterungen zu verhindern; Stahlverst\u00e4rkter Griff f\u00fcr zus\u00e4tzliche St\u00e4rke; \u00dcbergossener Griff f\u00fcr besseren Halt<\/p>\n<p>4932492349<br \/>\n4058546417161<\/p>\n","protected":false},"excerpt":{"rendered":"<p>FLACHER KOPF\/FLACHER STIFT 907g<\/p>\n","protected":false},"featured_media":555973,"template":"","meta":{"_seopress_robots_primary_cat":"","_seopress_titles_title":"","_seopress_titles_desc":"","_seopress_robots_index":""},"product_brand":[3407],"product_cat":[5416,33],"product_tag":[3270],"class_list":{"0":"post-606579","1":"product","2":"type-product","3":"status-publish","4":"has-post-thumbnail","6":"product_brand-milwaukee","7":"product_cat-utensili-per-officina","8":"product_cat-attrezzature","9":"product_tag-import-milwau","10":"sws-gruppo-macchinari-de","11":"sws-conto-ricavi-merci-rivendita-macchinari-de","12":"sws-gruppo-iva-iva81-de","14":"first","15":"onbackorder","16":"sale","17":"shipping-taxable","18":"purchasable","19":"product-type-simple"},"_links":{"self":[{"href":"https:\/\/lucacastelli.com\/de\/wp-json\/wp\/v2\/product\/606579","targetHints":{"allow":["GET"]}}],"collection":[{"href":"https:\/\/lucacastelli.com\/de\/wp-json\/wp\/v2\/product"}],"about":[{"href":"https:\/\/lucacastelli.com\/de\/wp-json\/wp\/v2\/types\/product"}],"wp:featuredmedia":[{"embeddable":true,"href":"https:\/\/lucacastelli.com\/de\/wp-json\/wp\/v2\/media\/555973"}],"wp:attachment":[{"href":"https:\/\/lucacastelli.com\/de\/wp-json\/wp\/v2\/media?parent=606579"}],"wp:term":[{"taxonomy":"product_brand","embeddable":true,"href":"https:\/\/lucacastelli.com\/de\/wp-json\/wp\/v2\/product_brand?post=606579"},{"taxonomy":"product_cat","embeddable":true,"href":"https:\/\/lucacastelli.com\/de\/wp-json\/wp\/v2\/product_cat?post=606579"},{"taxonomy":"product_tag","embeddable":true,"href":"https:\/\/lucacastelli.com\/de\/wp-json\/wp\/v2\/product_tag?post=606579"}],"curies":[{"name":"wp","href":"https:\/\/api.w.org\/{rel}","templated":true}]}}