{"id":606573,"date":"2025-08-10T16:46:45","date_gmt":"2025-08-10T14:46:45","guid":{"rendered":"https:\/\/lucacastelli.com\/prodotto\/milwaukee-radio-m18-dab-akku-strom\/"},"modified":"2026-04-15T12:08:23","modified_gmt":"2026-04-15T10:08:23","slug":"milwaukee-radio-m18-dab-akku-strom","status":"publish","type":"product","link":"https:\/\/lucacastelli.com\/de\/produkt\/milwaukee-radio-m18-dab-akku-strom\/","title":{"rendered":"MILWAUKEE Radio M18\u2122 DAB+ Akku\/Netz"},"content":{"rendered":"<p>M18 RADDAB+G2-0 \/AUDIOGER\u00c4TE<br \/>\nHochleistungs-Soundsystem &#8211; DAB+- und UKW-Radiotuner mit Digitalprozessor f\u00fcr maximalen Signalempfang und Anzeige; Bluetooth\u00ae-Konnektivit\u00e4t: funktioniert bis zu 36 m Entfernung von Smartphone, Computer oder Tablet; Integrierte Griffe und Aufbewahrungsfach erm\u00f6glichen einfachen Transport und bequeme Aufbewahrung von Telefonen; Doppel-Woofer 8,89 cm f\u00fcr klaren und ausgewogenen Sound; Doppel-Hochton-Hocht\u00f6ner f\u00fcr klare H\u00f6hen; Anpassbarer Equalizer f\u00fcr bessere Klangqualit\u00e4t und 18 voreingestellte Sender; Seitliche sto\u00dfabsorbierende Verst\u00e4rkungen und Metalllautsprechergitter sch\u00fctzen vor St\u00fcrzen, Wasser und Schmutz auf der Baustelle; Die gesch\u00fctzte USB-C-Steckdose erm\u00f6glicht das Aufladen elektronischer Ger\u00e4te sowohl bei Akkubetrieb als auch bei Netzbetrieb; Betrieben mit Milwaukee\u00ae M18\u2122-Akkus oder Netzstrom; Bis zu 13 Stunden Laufzeit mit einem M18\u2122 REDLITHIUM\u2122 5-Ah-Akku<\/p>\n<p>4933492344<br \/>\n4058546417116<\/p>\n","protected":false},"excerpt":{"rendered":"<p>M18 RADDAB+G2-0 \/AUDIOGER\u00c4TE<\/p>\n","protected":false},"featured_media":435507,"template":"","meta":{"_seopress_robots_primary_cat":"none","_seopress_titles_title":"","_seopress_titles_desc":"","_seopress_robots_index":""},"product_brand":[3407],"product_cat":[5531,29],"product_tag":[3270],"class_list":{"0":"post-606573","1":"product","2":"type-product","3":"status-publish","4":"has-post-thumbnail","6":"product_brand-milwaukee","7":"product_cat-vari-macchinari-milwaukee","8":"product_cat-macchinari","9":"product_tag-import-milwau","10":"sws-gruppo-macchinari-de","11":"sws-conto-ricavi-merci-rivendita-macchinari-de","12":"sws-gruppo-iva-iva81-de","14":"first","15":"onbackorder","16":"sale","17":"shipping-taxable","18":"purchasable","19":"product-type-simple"},"_links":{"self":[{"href":"https:\/\/lucacastelli.com\/de\/wp-json\/wp\/v2\/product\/606573","targetHints":{"allow":["GET"]}}],"collection":[{"href":"https:\/\/lucacastelli.com\/de\/wp-json\/wp\/v2\/product"}],"about":[{"href":"https:\/\/lucacastelli.com\/de\/wp-json\/wp\/v2\/types\/product"}],"wp:featuredmedia":[{"embeddable":true,"href":"https:\/\/lucacastelli.com\/de\/wp-json\/wp\/v2\/media\/435507"}],"wp:attachment":[{"href":"https:\/\/lucacastelli.com\/de\/wp-json\/wp\/v2\/media?parent=606573"}],"wp:term":[{"taxonomy":"product_brand","embeddable":true,"href":"https:\/\/lucacastelli.com\/de\/wp-json\/wp\/v2\/product_brand?post=606573"},{"taxonomy":"product_cat","embeddable":true,"href":"https:\/\/lucacastelli.com\/de\/wp-json\/wp\/v2\/product_cat?post=606573"},{"taxonomy":"product_tag","embeddable":true,"href":"https:\/\/lucacastelli.com\/de\/wp-json\/wp\/v2\/product_tag?post=606573"}],"curies":[{"name":"wp","href":"https:\/\/api.w.org\/{rel}","templated":true}]}}