{"id":606571,"date":"2025-08-10T16:46:49","date_gmt":"2025-08-10T14:46:49","guid":{"rendered":"https:\/\/lucacastelli.com\/prodotto\/milwaukee-mini-hydraulikpumpe-m18-700-bar-2\/"},"modified":"2025-08-10T16:46:49","modified_gmt":"2025-08-10T14:46:49","slug":"milwaukee-mini-hydraulikpumpe-m18-700-bar-2","status":"publish","type":"product","link":"https:\/\/lucacastelli.com\/de\/produkt\/milwaukee-mini-hydraulikpumpe-m18-700-bar-2\/","title":{"rendered":"Milwaukee Mini-Hydraulikpumpe M18 700 bar"},"content":{"rendered":"<p>M18 HMP700-0\/HYDRAULIKPUMPE<br \/>\nDie FORCE LOGIC\u2122-Hydraulikpumpe versorgt g\u00e4ngige Ger\u00e4te mit 700 bar;Die kompakte Gr\u00f6\u00dfe erm\u00f6glicht den Einsatz in engen R\u00e4umen;Die Pumpe hat ein 3\/8-Zoll-Gewinde, um die meisten g\u00e4ngigen Anbauger\u00e4te zu montieren;Die Pumpe h\u00e4lt das Druckniveau f\u00fcr den gleichm\u00e4\u00dfigen Einsatz in einer Vielzahl von Anwendungen aufrecht;Perfekte L\u00f6sung zum Heben und Stanzen;Einfach zu heben und zu tragen dank des praktischen Griffs und Schultergurts;Im Vergleich zu Handpumpen erledigt sie die Arbeit schneller und m\u00fcheloser;B\u00fcrstenloser Motor, REDLINK PLUS\u2122-Elektronik und REDLITHIUM\u2122-Akku sorgen f\u00fcr \u00fcberragende Leistung und Langlebigkeit;Funktioniert mit allen Milwaukee M18-Akkus;REDLITHIUM\u2122-Akku bietet eine fortschrittliche Akku-Konstruktion f\u00fcr l\u00e4ngere Laufzeiten und gleichbleibende Leistung<\/p>\n<p>4933493928<br \/>\n4058546510886<\/p>\n","protected":false},"excerpt":{"rendered":"<p>M18 HMP700-0\/HYDRAULIKPUMPE<\/p>\n","protected":false},"featured_media":586553,"template":"","meta":{"_seopress_robots_primary_cat":"","_seopress_titles_title":"","_seopress_titles_desc":"","_seopress_robots_index":""},"product_brand":[3656],"product_cat":[169,5534],"product_tag":[3272],"class_list":{"0":"post-606571","1":"product","2":"type-product","3":"status-publish","4":"has-post-thumbnail","6":"product_brand-milwaukee-de","7":"product_cat-maschinen","8":"product_cat-verschiedene-maschinen-von-milwaukee","9":"product_tag-import-milwau-de","10":"sws-conto-ricavi-merci-rivendita-macchinari-de","11":"sws-gruppo-iva-iva81-de","13":"first","14":"onbackorder","15":"sale","16":"shipping-taxable","17":"purchasable","18":"product-type-simple"},"_links":{"self":[{"href":"https:\/\/lucacastelli.com\/de\/wp-json\/wp\/v2\/product\/606571","targetHints":{"allow":["GET"]}}],"collection":[{"href":"https:\/\/lucacastelli.com\/de\/wp-json\/wp\/v2\/product"}],"about":[{"href":"https:\/\/lucacastelli.com\/de\/wp-json\/wp\/v2\/types\/product"}],"wp:featuredmedia":[{"embeddable":true,"href":"https:\/\/lucacastelli.com\/de\/wp-json\/wp\/v2\/media\/586553"}],"wp:attachment":[{"href":"https:\/\/lucacastelli.com\/de\/wp-json\/wp\/v2\/media?parent=606571"}],"wp:term":[{"taxonomy":"product_brand","embeddable":true,"href":"https:\/\/lucacastelli.com\/de\/wp-json\/wp\/v2\/product_brand?post=606571"},{"taxonomy":"product_cat","embeddable":true,"href":"https:\/\/lucacastelli.com\/de\/wp-json\/wp\/v2\/product_cat?post=606571"},{"taxonomy":"product_tag","embeddable":true,"href":"https:\/\/lucacastelli.com\/de\/wp-json\/wp\/v2\/product_tag?post=606571"}],"curies":[{"name":"wp","href":"https:\/\/api.w.org\/{rel}","templated":true}]}}