{"id":606570,"date":"2025-08-10T16:38:17","date_gmt":"2025-08-10T14:38:17","guid":{"rendered":"https:\/\/lucacastelli.com\/prodotto\/milwaukee-easy-load-drahtspule-fuer-freischneider-enthaelt-20-mm-draht\/"},"modified":"2025-08-10T16:38:17","modified_gmt":"2025-08-10T14:38:17","slug":"milwaukee-easy-load-drahtspule-fuer-freischneider-enthaelt-20-mm-draht","status":"publish","type":"product","link":"https:\/\/lucacastelli.com\/de\/produkt\/milwaukee-easy-load-drahtspule-fuer-freischneider-enthaelt-20-mm-draht\/","title":{"rendered":"Milwaukee Easy Load Drahtspule f\u00fcr Freischneider (enth\u00e4lt 2,0 mm Draht)"},"content":{"rendered":"<p>EasyLoad spools ric EasyLoad decespuglACC SIST<br \/>\nDer Milwaukee\u00ae Easy Load Freischneiderkopf wurde entwickelt, um die professionellen Anforderungen des Landschaftsbaus zu erf\u00fcllen.&lt;br&gt;  Der Freischneiderkopf erleichtert das Laden des Seils und kann in weniger als 30 Sekunden mit einem 25&#8242;, .080&#8242; oder 20&#8242; .095 Freischneiderseil geladen werden.&lt;br&gt;  Der Kopf ist mit allen Milwaukee M18 FUEL und M18 Brushless String Trimmern kompatibel und kann bis zu 16 Zoll in einem Durchgang r\u00e4umen.&lt;br&gt;  Der Kopf verwendet einen Vorschubmechanismus und ist extrem verschlei\u00dffest, so dass er l\u00e4nger verwendet werden kann.<\/p>\n<p>4932480180<br \/>\n4058546404659<\/p>\n","protected":false},"excerpt":{"rendered":"<p>EasyLoad spools ric EasyLoad decespuglACC SIST<\/p>\n","protected":false},"featured_media":547194,"template":"","meta":{"_seopress_robots_primary_cat":"","_seopress_titles_title":"","_seopress_titles_desc":"","_seopress_robots_index":""},"product_brand":[3407],"product_cat":[29,270,281],"product_tag":[3270],"class_list":{"0":"post-606570","1":"product","2":"type-product","3":"status-publish","4":"has-post-thumbnail","6":"product_brand-milwaukee","7":"product_cat-macchinari","8":"product_cat-decespugliatori-e-tagliabordi","9":"product_cat-decespugliatori-e-tagliabordi-a-batteria","10":"product_tag-import-milwau","11":"sws-conto-ricavi-merci-rivendita-macchinari-de","12":"sws-gruppo-iva-iva81-de","14":"first","15":"onbackorder","16":"shipping-taxable","17":"purchasable","18":"product-type-simple"},"_links":{"self":[{"href":"https:\/\/lucacastelli.com\/de\/wp-json\/wp\/v2\/product\/606570","targetHints":{"allow":["GET"]}}],"collection":[{"href":"https:\/\/lucacastelli.com\/de\/wp-json\/wp\/v2\/product"}],"about":[{"href":"https:\/\/lucacastelli.com\/de\/wp-json\/wp\/v2\/types\/product"}],"wp:featuredmedia":[{"embeddable":true,"href":"https:\/\/lucacastelli.com\/de\/wp-json\/wp\/v2\/media\/547194"}],"wp:attachment":[{"href":"https:\/\/lucacastelli.com\/de\/wp-json\/wp\/v2\/media?parent=606570"}],"wp:term":[{"taxonomy":"product_brand","embeddable":true,"href":"https:\/\/lucacastelli.com\/de\/wp-json\/wp\/v2\/product_brand?post=606570"},{"taxonomy":"product_cat","embeddable":true,"href":"https:\/\/lucacastelli.com\/de\/wp-json\/wp\/v2\/product_cat?post=606570"},{"taxonomy":"product_tag","embeddable":true,"href":"https:\/\/lucacastelli.com\/de\/wp-json\/wp\/v2\/product_tag?post=606570"}],"curies":[{"name":"wp","href":"https:\/\/api.w.org\/{rel}","templated":true}]}}