{"id":606566,"date":"2025-08-10T16:51:08","date_gmt":"2025-08-10T14:51:08","guid":{"rendered":"https:\/\/lucacastelli.com\/prodotto\/milwaukee-gartengeblaese-m18-foph\/"},"modified":"2025-08-10T16:51:08","modified_gmt":"2025-08-10T14:51:08","slug":"milwaukee-gartengeblaese-m18-foph","status":"publish","type":"product","link":"https:\/\/lucacastelli.com\/de\/produkt\/milwaukee-gartengeblaese-m18-foph\/","title":{"rendered":"Milwaukee Gartengebl\u00e4se M18 FOPH"},"content":{"rendered":"<p>M18 FOPH-BA \/MULTIMASCHINE<br \/>\nBis zu 14.2 m\u00b3\/min Luftmenge bei 193 km\/h f\u00fcr maximale Reinigung von Laub, Schutt und Kies;Reinigt effektiv enge Ecken und andere schwer zug\u00e4ngliche Bereiche;Ideal f\u00fcr den Einsatz unter \u00dcberh\u00e4ngen oder anderen Objekten, um Materialien zu entfernen;Kompatibel mit flacher und konischer D\u00fcse;Erreicht die maximale Geschwindigkeit in weniger als 1 Sekunde, f\u00fcr sofortige Leistung;Gebl\u00e4severl\u00e4ngerung f\u00fcr M18 FOPH Garten-Multiwerkzeug<\/p>\n<p>4932492668<br \/>\n4058546475390<\/p>\n","protected":false},"excerpt":{"rendered":"<p>M18 FOPH-BA \/MULTI-TOOL<\/p>\n","protected":false},"featured_media":596304,"template":"","meta":{"_seopress_robots_primary_cat":"","_seopress_titles_title":"","_seopress_titles_desc":"","_seopress_robots_index":""},"product_brand":[3656],"product_cat":[169,1639],"product_tag":[3272],"class_list":{"0":"post-606566","1":"product","2":"type-product","3":"status-publish","4":"has-post-thumbnail","6":"product_brand-milwaukee-de","7":"product_cat-maschinen","8":"product_cat-kombi-und-multi-systeme","9":"product_tag-import-milwau-de","10":"sws-conto-ricavi-merci-rivendita-macchinari-de","11":"sws-gruppo-iva-iva81-de","13":"first","14":"onbackorder","15":"sale","16":"shipping-taxable","17":"purchasable","18":"product-type-simple"},"_links":{"self":[{"href":"https:\/\/lucacastelli.com\/de\/wp-json\/wp\/v2\/product\/606566","targetHints":{"allow":["GET"]}}],"collection":[{"href":"https:\/\/lucacastelli.com\/de\/wp-json\/wp\/v2\/product"}],"about":[{"href":"https:\/\/lucacastelli.com\/de\/wp-json\/wp\/v2\/types\/product"}],"wp:featuredmedia":[{"embeddable":true,"href":"https:\/\/lucacastelli.com\/de\/wp-json\/wp\/v2\/media\/596304"}],"wp:attachment":[{"href":"https:\/\/lucacastelli.com\/de\/wp-json\/wp\/v2\/media?parent=606566"}],"wp:term":[{"taxonomy":"product_brand","embeddable":true,"href":"https:\/\/lucacastelli.com\/de\/wp-json\/wp\/v2\/product_brand?post=606566"},{"taxonomy":"product_cat","embeddable":true,"href":"https:\/\/lucacastelli.com\/de\/wp-json\/wp\/v2\/product_cat?post=606566"},{"taxonomy":"product_tag","embeddable":true,"href":"https:\/\/lucacastelli.com\/de\/wp-json\/wp\/v2\/product_tag?post=606566"}],"curies":[{"name":"wp","href":"https:\/\/api.w.org\/{rel}","templated":true}]}}