{"id":606561,"date":"2025-08-10T14:59:36","date_gmt":"2025-08-10T12:59:36","guid":{"rendered":"https:\/\/lucacastelli.com\/prodotto\/milwaukee-energy-kit-8-ah-m18-forge-mit-superschnellem-doppelladegeraet\/"},"modified":"2025-08-10T14:59:36","modified_gmt":"2025-08-10T12:59:36","slug":"milwaukee-energy-kit-8-ah-m18-forge-mit-superschnellem-doppelladegeraet","status":"publish","type":"product","link":"https:\/\/lucacastelli.com\/de\/produkt\/milwaukee-energy-kit-8-ah-m18-forge-mit-superschnellem-doppelladegeraet\/","title":{"rendered":"Milwaukee Energy Kit 8 Ah M18 FORGE\u2122 mit superschnellem Doppelladeger\u00e4t"},"content":{"rendered":"<p>M18FORGENRG-802DBSC\/NRG 2X8+M18DBSC KIT<br \/>\nM18 FB8-Akku;Entfesselt die Leistung des M18\u2122 HIGH OUTPUT\u2122 12 Ah-Akkus in einer kompakteren und leichteren Form;Superschnell: eine Akkuladung auf 80% in nur 35 Minuten, 100% in nur 45 Minuten (mit dem M18 DBSC Superschnell-Simultanladeger\u00e4t);COOL-CYCLE\u2122: Das aktive K\u00fchlsystem kann f\u00fcr eine schnelle K\u00fchlung sorgen, um Ausfallzeiten zu reduzieren;REDLITHIUM\u2122 FORGE\u2122 ist die leistungsst\u00e4rkste Akkutechnologie unter den REDLITHIUM\u2122-Akkus, die sich schneller und mit l\u00e4ngerer Lebensdauer aufl\u00e4dt;L\u00e4ngere Lebensdauer, um mehr Aufladungen und eine bessere Leistung \u00fcber die gesamte Lebensdauer zu gew\u00e4hrleisten;Bietet eine l\u00e4ngere Laufzeit, um mit den anspruchsvollsten Anwendungen fertig zu werden;Langlebiges Geh\u00e4use, das f\u00fcr einen besseren Schutz gegen die g\u00e4ngigsten \u00d6le, L\u00f6sungsmittel und Fette entwickelt wurde;Verbesserte Ladezustandsanzeige f\u00fcr bessere Sichtbarkeit im Sonnenlicht;Intelligente REDLINK\u2122-Elektronik sch\u00fctzt den Akku vor den h\u00e4rtesten Situationen und sorgt f\u00fcr maximale Leistung;Funktioniert mit allen M18-Akkus von Milwaukee;Duales M18 DBSC-Schnellladeger\u00e4t;Bis zu 6-mal schneller als das Standardladeger\u00e4t f\u00fcr maximale Produktivit\u00e4t;Adaptive Ladeverteilung erm\u00f6glicht das gleichzeitige Laden mehrerer Akkus zur Maximierung der Produktivit\u00e4t;Intelligente REDLINK\u2122-Elektronik kommuniziert das Ladeger\u00e4t mit dem Akku, um eine optimale Ladegeschwindigkeit und Leistung zu gew\u00e4hrleisten;Kann 2 M18-Akkus gleichzeitig laden;Kompatibel mit allen M18-Akkus;Das aktive K\u00fchlsystem COOL-CYCLE\u2122 sorgt f\u00fcr eine Hochgeschwindigkeitsk\u00fchlung, um Ausfallzeiten zu reduzieren. Die aktive K\u00fchlfunktion funktioniert mit Akkus, die mit COOL-CYCLE\u2122-Funktionalit\u00e4t ausgestattet sind. <\/p>\n<p>4933498616<br \/>\n4058546524852<\/p>\n","protected":false},"excerpt":{"rendered":"<p>M18FORGENRG-802DBSC\/NRG 2X8+M18DBSC KIT<\/p>\n","protected":false},"featured_media":587629,"template":"","meta":{"_seopress_robots_primary_cat":"","_seopress_titles_title":"","_seopress_titles_desc":"","_seopress_robots_index":""},"product_brand":[3656],"product_cat":[1449,169],"product_tag":[3272],"class_list":{"0":"post-606561","1":"product","2":"type-product","3":"status-publish","4":"has-post-thumbnail","6":"product_brand-milwaukee-de","7":"product_cat-batteriesysteme-zubehor","8":"product_cat-maschinen","9":"product_tag-import-milwau-de","10":"sws-conto-ricavi-merci-rivendita-macchinari-de","11":"sws-gruppo-iva-iva81-de","13":"first","14":"onbackorder","15":"sale","16":"shipping-taxable","17":"purchasable","18":"product-type-simple"},"_links":{"self":[{"href":"https:\/\/lucacastelli.com\/de\/wp-json\/wp\/v2\/product\/606561","targetHints":{"allow":["GET"]}}],"collection":[{"href":"https:\/\/lucacastelli.com\/de\/wp-json\/wp\/v2\/product"}],"about":[{"href":"https:\/\/lucacastelli.com\/de\/wp-json\/wp\/v2\/types\/product"}],"wp:featuredmedia":[{"embeddable":true,"href":"https:\/\/lucacastelli.com\/de\/wp-json\/wp\/v2\/media\/587629"}],"wp:attachment":[{"href":"https:\/\/lucacastelli.com\/de\/wp-json\/wp\/v2\/media?parent=606561"}],"wp:term":[{"taxonomy":"product_brand","embeddable":true,"href":"https:\/\/lucacastelli.com\/de\/wp-json\/wp\/v2\/product_brand?post=606561"},{"taxonomy":"product_cat","embeddable":true,"href":"https:\/\/lucacastelli.com\/de\/wp-json\/wp\/v2\/product_cat?post=606561"},{"taxonomy":"product_tag","embeddable":true,"href":"https:\/\/lucacastelli.com\/de\/wp-json\/wp\/v2\/product_tag?post=606561"}],"curies":[{"name":"wp","href":"https:\/\/api.w.org\/{rel}","templated":true}]}}