{"id":606557,"date":"2025-08-10T14:59:35","date_gmt":"2025-08-10T12:59:35","guid":{"rendered":"https:\/\/lucacastelli.com\/prodotto\/milwaukee-energy-kit-8-ah-m18-forge\/"},"modified":"2025-08-10T14:59:35","modified_gmt":"2025-08-10T12:59:35","slug":"milwaukee-energy-kit-8-ah-m18-forge","status":"publish","type":"product","link":"https:\/\/lucacastelli.com\/de\/produkt\/milwaukee-energy-kit-8-ah-m18-forge\/","title":{"rendered":"Milwaukee Energy Kit 8 Ah M18 FORGE\u2122"},"content":{"rendered":"<p>M18FORGENRG-802\/NRG 2X8+M12-18FC KIT<br \/>\nM18 FB8 Akku;Entfesselt die Kraft des M18\u2122 HIGH OUTPUT\u2122 12 Ah Akkus in einer kompakteren und leichteren Form;COOL-CYCLE\u2122: Das aktive K\u00fchlsystem kann eine Hochgeschwindigkeitsk\u00fchlung bieten, um Ausfallzeiten zu reduzieren;REDLITHIUM\u2122 FORGE\u2122 ist die leistungsst\u00e4rkste Akkutechnologie unter den REDLITHIUM\u2122-Akkus, die sich schneller und mit l\u00e4ngerer Lebensdauer aufl\u00e4dt;L\u00e4ngere Lebensdauer, um mehr Aufladungen und eine bessere Leistung \u00fcber die gesamte Lebensdauer zu gew\u00e4hrleisten;Bietet eine gr\u00f6\u00dfere Reichweite, um die Anwendungen mit der h\u00f6chsten Leistungsaufnahme zu bew\u00e4ltigen;Langlebiges Geh\u00e4use, das einen gr\u00f6\u00dferen Schutz gegen die g\u00e4ngigsten \u00d6le, L\u00f6sungsmittel und Fette bietet;Verbesserte Akkuladezustandsanzeige f\u00fcr bessere Sichtbarkeit im Sonnenlicht;Intelligente REDLINK\u2122-Elektronik sch\u00fctzt den Akku vor den h\u00e4rtesten Situationen und sorgt f\u00fcr maximale Leistung;Funktioniert mit allen Milwaukee M18-Akkus;M12-18 FC-Ladeger\u00e4t;L\u00e4dt alle M18- und M12\u2122-REDLITHIUM-Akkus auf;Sequentielles Laden &#8211; der zuerst eingesetzte Akku wird aufgeladen &#8211; weniger Zeitaufwand f\u00fcr das Lademanagement<\/p>\n<p>4933498612<br \/>\n4058546524814<\/p>\n","protected":false},"excerpt":{"rendered":"<p>M18FORGENRG-802\/NRG 2X8+M12-18FC KIT<\/p>\n","protected":false},"featured_media":587619,"template":"","meta":{"_seopress_robots_primary_cat":"","_seopress_titles_title":"","_seopress_titles_desc":"","_seopress_robots_index":""},"product_brand":[3656],"product_cat":[1449,169],"product_tag":[3272],"class_list":{"0":"post-606557","1":"product","2":"type-product","3":"status-publish","4":"has-post-thumbnail","6":"product_brand-milwaukee-de","7":"product_cat-batteriesysteme-zubehor","8":"product_cat-maschinen","9":"product_tag-import-milwau-de","10":"sws-conto-ricavi-merci-rivendita-macchinari-de","11":"sws-gruppo-iva-iva81-de","13":"first","14":"onbackorder","15":"sale","16":"shipping-taxable","17":"purchasable","18":"product-type-simple"},"_links":{"self":[{"href":"https:\/\/lucacastelli.com\/de\/wp-json\/wp\/v2\/product\/606557","targetHints":{"allow":["GET"]}}],"collection":[{"href":"https:\/\/lucacastelli.com\/de\/wp-json\/wp\/v2\/product"}],"about":[{"href":"https:\/\/lucacastelli.com\/de\/wp-json\/wp\/v2\/types\/product"}],"wp:featuredmedia":[{"embeddable":true,"href":"https:\/\/lucacastelli.com\/de\/wp-json\/wp\/v2\/media\/587619"}],"wp:attachment":[{"href":"https:\/\/lucacastelli.com\/de\/wp-json\/wp\/v2\/media?parent=606557"}],"wp:term":[{"taxonomy":"product_brand","embeddable":true,"href":"https:\/\/lucacastelli.com\/de\/wp-json\/wp\/v2\/product_brand?post=606557"},{"taxonomy":"product_cat","embeddable":true,"href":"https:\/\/lucacastelli.com\/de\/wp-json\/wp\/v2\/product_cat?post=606557"},{"taxonomy":"product_tag","embeddable":true,"href":"https:\/\/lucacastelli.com\/de\/wp-json\/wp\/v2\/product_tag?post=606557"}],"curies":[{"name":"wp","href":"https:\/\/api.w.org\/{rel}","templated":true}]}}