{"id":606549,"date":"2025-08-10T14:59:33","date_gmt":"2025-08-10T12:59:33","guid":{"rendered":"https:\/\/lucacastelli.com\/prodotto\/milwaukee-energie-kit-12-ah-m18-forge\/"},"modified":"2025-08-10T14:59:33","modified_gmt":"2025-08-10T12:59:33","slug":"milwaukee-energie-kit-12-ah-m18-forge","status":"publish","type":"product","link":"https:\/\/lucacastelli.com\/de\/produkt\/milwaukee-energie-kit-12-ah-m18-forge\/","title":{"rendered":"Milwaukee Energie-Kit 12 Ah M18 FORGE\u2122"},"content":{"rendered":"<p>M18FORGENRG-122\/NRG KIT 2X12+M12-18FC<br \/>\nM18 FB12 Akku;COOL-CYCLE\u2122: Das aktive K\u00fchlsystem kann f\u00fcr eine schnelle K\u00fchlung sorgen, um Ausfallzeiten zu reduzieren;REDLITHIUM\u2122 FORGE\u2122 ist die leistungsst\u00e4rkste Akkutechnologie unter den REDLITHIUM\u2122-Akkus, die sich schneller aufl\u00e4dt und eine l\u00e4ngere Lebensdauer hat;Langlebiges Geh\u00e4use, das f\u00fcr einen besseren Schutz gegen die g\u00e4ngigsten \u00d6le, L\u00f6sungsmittel und Fette entwickelt wurde;L\u00e4ngere Lebensdauer, um mehr Aufladungen und eine bessere Leistung \u00fcber die Lebensdauer zu gew\u00e4hrleisten;Maximale Laufzeit, f\u00fcr Anwendungen, die hohe Leistung erfordern;Kompatibel mit allen M18-Werkzeugen der Produktreihe;Kompatibel mit allen M18-Werkzeugen der Produktreihe;Intelligente REDLINK\u2122-Elektronik sch\u00fctzt den Akku vor den h\u00e4rtesten Situationen und sorgt f\u00fcr maximale Leistung;M12-18 FC-Ladeger\u00e4t;L\u00e4dt alle M18- und M12\u2122-REDLITHIUM-Akkus auf;Sequentielles Laden &#8211; der zuerst eingesetzte Akku wird aufgeladen &#8211; weniger Zeitaufwand f\u00fcr das Lademanagement<\/p>\n<p>4933498610<br \/>\n4058546524791<\/p>\n","protected":false},"excerpt":{"rendered":"<p>M18FORGENRG-122\/NRG KIT 2X12+M12-18FC<\/p>\n","protected":false},"featured_media":587614,"template":"","meta":{"_seopress_robots_primary_cat":"","_seopress_titles_title":"","_seopress_titles_desc":"","_seopress_robots_index":""},"product_brand":[3656],"product_cat":[1449,169],"product_tag":[3272],"class_list":{"0":"post-606549","1":"product","2":"type-product","3":"status-publish","4":"has-post-thumbnail","6":"product_brand-milwaukee-de","7":"product_cat-batteriesysteme-zubehor","8":"product_cat-maschinen","9":"product_tag-import-milwau-de","10":"sws-conto-ricavi-merci-rivendita-macchinari-de","11":"sws-gruppo-iva-iva81-de","13":"first","14":"onbackorder","15":"sale","16":"shipping-taxable","17":"purchasable","18":"product-type-simple"},"_links":{"self":[{"href":"https:\/\/lucacastelli.com\/de\/wp-json\/wp\/v2\/product\/606549","targetHints":{"allow":["GET"]}}],"collection":[{"href":"https:\/\/lucacastelli.com\/de\/wp-json\/wp\/v2\/product"}],"about":[{"href":"https:\/\/lucacastelli.com\/de\/wp-json\/wp\/v2\/types\/product"}],"wp:featuredmedia":[{"embeddable":true,"href":"https:\/\/lucacastelli.com\/de\/wp-json\/wp\/v2\/media\/587614"}],"wp:attachment":[{"href":"https:\/\/lucacastelli.com\/de\/wp-json\/wp\/v2\/media?parent=606549"}],"wp:term":[{"taxonomy":"product_brand","embeddable":true,"href":"https:\/\/lucacastelli.com\/de\/wp-json\/wp\/v2\/product_brand?post=606549"},{"taxonomy":"product_cat","embeddable":true,"href":"https:\/\/lucacastelli.com\/de\/wp-json\/wp\/v2\/product_cat?post=606549"},{"taxonomy":"product_tag","embeddable":true,"href":"https:\/\/lucacastelli.com\/de\/wp-json\/wp\/v2\/product_tag?post=606549"}],"curies":[{"name":"wp","href":"https:\/\/api.w.org\/{rel}","templated":true}]}}