{"id":606541,"date":"2025-08-10T16:41:14","date_gmt":"2025-08-10T14:41:14","guid":{"rendered":"https:\/\/lucacastelli.com\/prodotto\/milwaukee-zweistufige-vakuumpumpe-142-l-min\/"},"modified":"2025-08-10T16:41:14","modified_gmt":"2025-08-10T14:41:14","slug":"milwaukee-zweistufige-vakuumpumpe-142-l-min","status":"publish","type":"product","link":"https:\/\/lucacastelli.com\/de\/produkt\/milwaukee-zweistufige-vakuumpumpe-142-l-min\/","title":{"rendered":"Milwaukee Zweistufige Vakuumpumpe 142 l\/min"},"content":{"rendered":"<p>M18FVP5-0\/VAKUUMPUMPEN<br \/>\nBis zu 90 Minuten Autonomie mit einem 8.0 Ah, im &#8220;Kollektor&#8221;-Modus und bis zu 60 Minuten im &#8220;Normal&#8221;-Modus;Leistung wie bei kabelgebundenen Maschinen;Sofortiger Start erm\u00f6glicht sofortiges Vakuum, ohne dass Generatoren oder Steckdosen in der N\u00e4he sein m\u00fcssen;Eing\u00e4nge von 1\/2\u02dd, 3\/8\u02dd, 1\/4\u02dd und ein 5\/16\u02dd-Adapter erm\u00f6glichen die Anpassung der Pumpe an die meisten Rohrleitungen;Selbst bei entladener Batterie h\u00e4lt die Pumpe den Unterdruck aufrecht; das Ventil h\u00e4lt den Unterdruck aufrecht, auch wenn die Pumpe nicht l\u00e4uft; wenn sich die Batterie entl\u00e4dt, gibt die Pumpe einen Ton ab, der von einem Lichtsignal begleitet wird; das spezielle Ventil reduziert die Notwendigkeit, das \u00d6l zu wechseln; es ist nicht n\u00f6tig, den Trichter zu verwenden, um das \u00d6l in die Pumpe zu gie\u00dfen; kompatibel mit Rohrleitungen, die R32 und R410A Gas enthalten<\/p>\n<p>4933492853<br \/>\n4058546477240<\/p>\n","protected":false},"excerpt":{"rendered":"<p>M18FVP5-0\/VAKUUMPUMPEN<\/p>\n","protected":false},"featured_media":584689,"template":"","meta":{"_seopress_robots_primary_cat":"","_seopress_titles_title":"","_seopress_titles_desc":"","_seopress_robots_index":""},"product_brand":[3656],"product_cat":[169,5534],"product_tag":[3272],"class_list":{"0":"post-606541","1":"product","2":"type-product","3":"status-publish","4":"has-post-thumbnail","6":"product_brand-milwaukee-de","7":"product_cat-maschinen","8":"product_cat-verschiedene-maschinen-von-milwaukee","9":"product_tag-import-milwau-de","10":"sws-conto-ricavi-merci-rivendita-macchinari-de","11":"sws-gruppo-iva-iva81-de","13":"first","14":"onbackorder","15":"sale","16":"shipping-taxable","17":"purchasable","18":"product-type-simple"},"_links":{"self":[{"href":"https:\/\/lucacastelli.com\/de\/wp-json\/wp\/v2\/product\/606541","targetHints":{"allow":["GET"]}}],"collection":[{"href":"https:\/\/lucacastelli.com\/de\/wp-json\/wp\/v2\/product"}],"about":[{"href":"https:\/\/lucacastelli.com\/de\/wp-json\/wp\/v2\/types\/product"}],"wp:featuredmedia":[{"embeddable":true,"href":"https:\/\/lucacastelli.com\/de\/wp-json\/wp\/v2\/media\/584689"}],"wp:attachment":[{"href":"https:\/\/lucacastelli.com\/de\/wp-json\/wp\/v2\/media?parent=606541"}],"wp:term":[{"taxonomy":"product_brand","embeddable":true,"href":"https:\/\/lucacastelli.com\/de\/wp-json\/wp\/v2\/product_brand?post=606541"},{"taxonomy":"product_cat","embeddable":true,"href":"https:\/\/lucacastelli.com\/de\/wp-json\/wp\/v2\/product_cat?post=606541"},{"taxonomy":"product_tag","embeddable":true,"href":"https:\/\/lucacastelli.com\/de\/wp-json\/wp\/v2\/product_tag?post=606541"}],"curies":[{"name":"wp","href":"https:\/\/api.w.org\/{rel}","templated":true}]}}