{"id":606538,"date":"2025-08-10T16:46:43","date_gmt":"2025-08-10T14:46:43","guid":{"rendered":"https:\/\/lucacastelli.com\/prodotto\/milwaukee-nutenfraesmaschine-1500w-scheibe-125-mm\/"},"modified":"2025-08-10T16:46:43","modified_gmt":"2025-08-10T14:46:43","slug":"milwaukee-nutenfraesmaschine-1500w-scheibe-125-mm","status":"publish","type":"product","link":"https:\/\/lucacastelli.com\/de\/produkt\/milwaukee-nutenfraesmaschine-1500w-scheibe-125-mm\/","title":{"rendered":"Milwaukee Nutenfr\u00e4smaschine 1500W Scheibe 125 mm"},"content":{"rendered":"<p>WCE 30\/SCANALATORS<br \/>\nLeistungsstarker 1500W-Motor;Ideal f\u00fcr die Erstellung von elektrischen Kabeltrassen;Leistungsstarke Elektronik mit \u00dcberlastungsschutz;Einschaltstrombegrenzung f\u00fcr langsamen Start;Leicht einstellbare Schnittbreite;Integrierter Direktsaugsystemanschluss<\/p>\n<p>4933383855<br \/>\n4002395228980<\/p>\n","protected":false},"excerpt":{"rendered":"<p>WCE 30\/CHANNELERS<\/p>\n","protected":false},"featured_media":568299,"template":"","meta":{"_seopress_robots_primary_cat":"","_seopress_titles_title":"","_seopress_titles_desc":"","_seopress_robots_index":""},"product_brand":[3407],"product_cat":[5531,29],"product_tag":[3270],"class_list":{"0":"post-606538","1":"product","2":"type-product","3":"status-publish","4":"has-post-thumbnail","6":"product_brand-milwaukee","7":"product_cat-vari-macchinari-milwaukee","8":"product_cat-macchinari","9":"product_tag-import-milwau","10":"sws-conto-ricavi-merci-rivendita-macchinari-de","11":"sws-gruppo-iva-iva81-de","13":"first","14":"onbackorder","15":"sale","16":"shipping-taxable","17":"purchasable","18":"product-type-simple"},"_links":{"self":[{"href":"https:\/\/lucacastelli.com\/de\/wp-json\/wp\/v2\/product\/606538","targetHints":{"allow":["GET"]}}],"collection":[{"href":"https:\/\/lucacastelli.com\/de\/wp-json\/wp\/v2\/product"}],"about":[{"href":"https:\/\/lucacastelli.com\/de\/wp-json\/wp\/v2\/types\/product"}],"wp:featuredmedia":[{"embeddable":true,"href":"https:\/\/lucacastelli.com\/de\/wp-json\/wp\/v2\/media\/568299"}],"wp:attachment":[{"href":"https:\/\/lucacastelli.com\/de\/wp-json\/wp\/v2\/media?parent=606538"}],"wp:term":[{"taxonomy":"product_brand","embeddable":true,"href":"https:\/\/lucacastelli.com\/de\/wp-json\/wp\/v2\/product_brand?post=606538"},{"taxonomy":"product_cat","embeddable":true,"href":"https:\/\/lucacastelli.com\/de\/wp-json\/wp\/v2\/product_cat?post=606538"},{"taxonomy":"product_tag","embeddable":true,"href":"https:\/\/lucacastelli.com\/de\/wp-json\/wp\/v2\/product_tag?post=606538"}],"curies":[{"name":"wp","href":"https:\/\/api.w.org\/{rel}","templated":true}]}}