{"id":606535,"date":"2025-08-10T16:46:46","date_gmt":"2025-08-10T14:46:46","guid":{"rendered":"https:\/\/lucacastelli.com\/prodotto\/milwaukee-m12-buerstenlose-hobelmaschine\/"},"modified":"2025-08-10T16:46:46","modified_gmt":"2025-08-10T14:46:46","slug":"milwaukee-m12-buerstenlose-hobelmaschine","status":"publish","type":"product","link":"https:\/\/lucacastelli.com\/de\/produkt\/milwaukee-m12-buerstenlose-hobelmaschine\/","title":{"rendered":"Milwaukee M12\u2122 B\u00fcrstenlose Hobelmaschine"},"content":{"rendered":"<p>M12 BLP-402X \/PLAINER<br \/>\nDer M12\u2122-Hobel ist dank seiner einstellbaren Schnitttiefe von bis zu 2 mm sehr vielseitig. Die Hobelbreite von 51 mm macht ihn perfekt f\u00fcr die g\u00e4ngigsten Anwendungen;Kompakt und leicht, kann er auch mit einer Hand f\u00fcr \u00dcberkopfanwendungen verwendet werden;Staubabsaugung ist von beiden Seiten m\u00f6glich;Der Hobel hat 14.000 U\/min und garantiert ein gleichm\u00e4\u00dfiges und perfektes Finish;Mit einem 4,0 Ah-Akku kannst du bis zu 60 m Eiche mit einer Tiefe von 2 mm bearbeiten;Bis zu 17,5 mm Falz;Abnehmbare Bodenst\u00fctze, um das Material vor versehentlichen Schl\u00e4gen zu sch\u00fctzen;Ersatz-Doppelseitenmesser im Hobel erh\u00e4ltlich <\/p>\n<p>4933492851<br \/>\n4058546477226<\/p>\n","protected":false},"excerpt":{"rendered":"<p>M12 BLP-402X \/PLATTEN<\/p>\n","protected":false},"featured_media":584660,"template":"","meta":{"_seopress_robots_primary_cat":"","_seopress_titles_title":"","_seopress_titles_desc":"","_seopress_robots_index":""},"product_brand":[3407],"product_cat":[5531,29],"product_tag":[3270],"class_list":{"0":"post-606535","1":"product","2":"type-product","3":"status-publish","4":"has-post-thumbnail","6":"product_brand-milwaukee","7":"product_cat-vari-macchinari-milwaukee","8":"product_cat-macchinari","9":"product_tag-import-milwau","10":"sws-conto-ricavi-merci-rivendita-macchinari-de","11":"sws-gruppo-iva-iva81-de","13":"first","14":"onbackorder","15":"sale","16":"shipping-taxable","17":"purchasable","18":"product-type-simple"},"_links":{"self":[{"href":"https:\/\/lucacastelli.com\/de\/wp-json\/wp\/v2\/product\/606535","targetHints":{"allow":["GET"]}}],"collection":[{"href":"https:\/\/lucacastelli.com\/de\/wp-json\/wp\/v2\/product"}],"about":[{"href":"https:\/\/lucacastelli.com\/de\/wp-json\/wp\/v2\/types\/product"}],"wp:featuredmedia":[{"embeddable":true,"href":"https:\/\/lucacastelli.com\/de\/wp-json\/wp\/v2\/media\/584660"}],"wp:attachment":[{"href":"https:\/\/lucacastelli.com\/de\/wp-json\/wp\/v2\/media?parent=606535"}],"wp:term":[{"taxonomy":"product_brand","embeddable":true,"href":"https:\/\/lucacastelli.com\/de\/wp-json\/wp\/v2\/product_brand?post=606535"},{"taxonomy":"product_cat","embeddable":true,"href":"https:\/\/lucacastelli.com\/de\/wp-json\/wp\/v2\/product_cat?post=606535"},{"taxonomy":"product_tag","embeddable":true,"href":"https:\/\/lucacastelli.com\/de\/wp-json\/wp\/v2\/product_tag?post=606535"}],"curies":[{"name":"wp","href":"https:\/\/api.w.org\/{rel}","templated":true}]}}