{"id":606534,"date":"2025-08-10T16:46:44","date_gmt":"2025-08-10T14:46:44","guid":{"rendered":"https:\/\/lucacastelli.com\/prodotto\/milwaukee-sds-plus-klasse-3-kg-meissel\/"},"modified":"2025-08-10T16:46:44","modified_gmt":"2025-08-10T14:46:44","slug":"milwaukee-sds-plus-klasse-3-kg-meissel","status":"publish","type":"product","link":"https:\/\/lucacastelli.com\/de\/produkt\/milwaukee-sds-plus-klasse-3-kg-meissel\/","title":{"rendered":"Milwaukee SDS-Plus Klasse 3 kg Mei\u00dfel"},"content":{"rendered":"<p>PCE 3\/DEMOLITOREN UND BOHRMASCHINEN<br \/>\nLeistungsstarker Mei\u00dfel mit 3,6 J;720 W Leistung;Variabler Geschwindigkeitsschalter, f\u00fcr maximale Kontrolle;Ganzmetallgetriebe, f\u00fcr maximale Festigkeit;Zus\u00e4tzlicher, auf die Anwendung einstellbarer Griff;Anti-Vibrations-Griff AVS, f\u00fcr mehr Komfort;Verriegelungsschalter, f\u00fcr mehr Komfort bei l\u00e4ngerem Einsatz;Mei\u00dfel kann in 35 Positionen eingestellt werden;Kabel 4 m<\/p>\n<p>4933384300<br \/>\n4002395232215<\/p>\n","protected":false},"excerpt":{"rendered":"<p>PCE 3\/DEMOLIERER UND BOHRER<\/p>\n","protected":false},"featured_media":568378,"template":"","meta":{"_seopress_robots_primary_cat":"","_seopress_titles_title":"","_seopress_titles_desc":"","_seopress_robots_index":""},"product_brand":[3407],"product_cat":[5531,29],"product_tag":[3270],"class_list":{"0":"post-606534","1":"product","2":"type-product","3":"status-publish","4":"has-post-thumbnail","6":"product_brand-milwaukee","7":"product_cat-vari-macchinari-milwaukee","8":"product_cat-macchinari","9":"product_tag-import-milwau","10":"sws-conto-ricavi-merci-rivendita-macchinari-de","11":"sws-gruppo-iva-iva81-de","13":"first","14":"onbackorder","15":"sale","16":"shipping-taxable","17":"purchasable","18":"product-type-simple"},"_links":{"self":[{"href":"https:\/\/lucacastelli.com\/de\/wp-json\/wp\/v2\/product\/606534","targetHints":{"allow":["GET"]}}],"collection":[{"href":"https:\/\/lucacastelli.com\/de\/wp-json\/wp\/v2\/product"}],"about":[{"href":"https:\/\/lucacastelli.com\/de\/wp-json\/wp\/v2\/types\/product"}],"wp:featuredmedia":[{"embeddable":true,"href":"https:\/\/lucacastelli.com\/de\/wp-json\/wp\/v2\/media\/568378"}],"wp:attachment":[{"href":"https:\/\/lucacastelli.com\/de\/wp-json\/wp\/v2\/media?parent=606534"}],"wp:term":[{"taxonomy":"product_brand","embeddable":true,"href":"https:\/\/lucacastelli.com\/de\/wp-json\/wp\/v2\/product_brand?post=606534"},{"taxonomy":"product_cat","embeddable":true,"href":"https:\/\/lucacastelli.com\/de\/wp-json\/wp\/v2\/product_cat?post=606534"},{"taxonomy":"product_tag","embeddable":true,"href":"https:\/\/lucacastelli.com\/de\/wp-json\/wp\/v2\/product_tag?post=606534"}],"curies":[{"name":"wp","href":"https:\/\/api.w.org\/{rel}","templated":true}]}}