{"id":606529,"date":"2025-08-10T16:46:48","date_gmt":"2025-08-10T14:46:48","guid":{"rendered":"https:\/\/lucacastelli.com\/prodotto\/milwaukee-mini-hydraulikpumpe-m18-700-bar\/"},"modified":"2025-08-10T16:46:48","modified_gmt":"2025-08-10T14:46:48","slug":"milwaukee-mini-hydraulikpumpe-m18-700-bar","status":"publish","type":"product","link":"https:\/\/lucacastelli.com\/de\/produkt\/milwaukee-mini-hydraulikpumpe-m18-700-bar\/","title":{"rendered":"Milwaukee Mini-Hydraulikpumpe M18 700 bar"},"content":{"rendered":"<p>M18 HMP700-501\/HYDRAULIKPUMPE<br \/>\nDie FORCE LOGIC\u2122-Hydraulikpumpe versorgt g\u00e4ngige Ger\u00e4te mit 700 bar;Die kompakte Gr\u00f6\u00dfe erm\u00f6glicht den Einsatz in engen R\u00e4umen;Die Pumpe hat ein 3\/8-Zoll-Gewinde, um die meisten g\u00e4ngigen Anbauger\u00e4te zu montieren;Die Pumpe h\u00e4lt das Druckniveau f\u00fcr den gleichm\u00e4\u00dfigen Einsatz in einer Vielzahl von Anwendungen aufrecht;Perfekte L\u00f6sung zum Heben und Stanzen;Einfach zu heben und zu tragen dank des praktischen Griffs und Schultergurts;Im Vergleich zu Handpumpen erledigt sie die Arbeit schneller und m\u00fcheloser;B\u00fcrstenloser Motor, REDLINK PLUS\u2122-Elektronik und REDLITHIUM\u2122-Akku sorgen f\u00fcr \u00fcberragende Leistung und Langlebigkeit;Funktioniert mit allen Milwaukee M18-Akkus;REDLITHIUM\u2122-Akku bietet eine fortschrittliche Akku-Konstruktion f\u00fcr l\u00e4ngere Laufzeiten und gleichbleibende Leistung<\/p>\n<p>4933493921<br \/>\n4058546510817<\/p>\n","protected":false},"excerpt":{"rendered":"<p>M18 HMP700-501\/HYDRAULIKPUMPE<\/p>\n","protected":false},"featured_media":586467,"template":"","meta":{"_seopress_robots_primary_cat":"","_seopress_titles_title":"","_seopress_titles_desc":"","_seopress_robots_index":""},"product_brand":[3407],"product_cat":[5531,29],"product_tag":[3270],"class_list":{"0":"post-606529","1":"product","2":"type-product","3":"status-publish","4":"has-post-thumbnail","6":"product_brand-milwaukee","7":"product_cat-vari-macchinari-milwaukee","8":"product_cat-macchinari","9":"product_tag-import-milwau","10":"sws-conto-ricavi-merci-rivendita-macchinari-de","11":"sws-gruppo-iva-iva81-de","13":"first","14":"onbackorder","15":"sale","16":"shipping-taxable","17":"purchasable","18":"product-type-simple"},"_links":{"self":[{"href":"https:\/\/lucacastelli.com\/de\/wp-json\/wp\/v2\/product\/606529","targetHints":{"allow":["GET"]}}],"collection":[{"href":"https:\/\/lucacastelli.com\/de\/wp-json\/wp\/v2\/product"}],"about":[{"href":"https:\/\/lucacastelli.com\/de\/wp-json\/wp\/v2\/types\/product"}],"wp:featuredmedia":[{"embeddable":true,"href":"https:\/\/lucacastelli.com\/de\/wp-json\/wp\/v2\/media\/586467"}],"wp:attachment":[{"href":"https:\/\/lucacastelli.com\/de\/wp-json\/wp\/v2\/media?parent=606529"}],"wp:term":[{"taxonomy":"product_brand","embeddable":true,"href":"https:\/\/lucacastelli.com\/de\/wp-json\/wp\/v2\/product_brand?post=606529"},{"taxonomy":"product_cat","embeddable":true,"href":"https:\/\/lucacastelli.com\/de\/wp-json\/wp\/v2\/product_cat?post=606529"},{"taxonomy":"product_tag","embeddable":true,"href":"https:\/\/lucacastelli.com\/de\/wp-json\/wp\/v2\/product_tag?post=606529"}],"curies":[{"name":"wp","href":"https:\/\/api.w.org\/{rel}","templated":true}]}}