{"id":606414,"date":"2025-08-13T11:25:00","date_gmt":"2025-08-13T09:25:00","guid":{"rendered":"https:\/\/lucacastelli.com\/prodotto\/milwaukee-latexbeschichtete-winterhandschuhe-kat-schnitt-c-72-stueck\/"},"modified":"2025-08-13T11:25:00","modified_gmt":"2025-08-13T09:25:00","slug":"milwaukee-latexbeschichtete-winterhandschuhe-kat-schnitt-c-72-stueck","status":"publish","type":"product","link":"https:\/\/lucacastelli.com\/de\/produkt\/milwaukee-latexbeschichtete-winterhandschuhe-kat-schnitt-c-72-stueck\/","title":{"rendered":"Milwaukee Latexbeschichtete Winterhandschuhe Kat. Schnitt C &#8211; 72 St\u00fcck"},"content":{"rendered":"<p>BULK WINTER CUT C GLOVES &#8211; 8\/M- 72PC<br \/>\nDie Winterk\u00e4lteisolierung h\u00e4lt deine H\u00e4nde warm, wenn du bei kalten Temperaturen arbeitest; Latex-Handfl\u00e4chenbeschichtung. Die Handschuhe bleiben auch nach l\u00e4ngerem Gebrauch bequem;3\/4-Latex-Beschichtung auf dem Handr\u00fccken widersteht Wasserspritzern und h\u00e4lt deine H\u00e4nde auch bei Arbeiten in kalten und nassen Umgebungen warm und trocken;Europ\u00e4ische Zertifizierung f\u00fcr mechanischen und K\u00e4lteschutz: EN ISO 21420 \/ EN 420, EN388: 2016 (2442C), EN511 (02X) <\/p>\n<p>4932479004<br \/>\n4058546362942<\/p>\n","protected":false},"excerpt":{"rendered":"<p>BULK WINTER CUT C GLOVES &#8211; 8\/M- 72PC Die Winterk\u00e4lteisolierung h\u00e4lt deine H\u00e4nde warm, wenn du bei kalten Temperaturen arbeitest;<\/p>\n","protected":false},"featured_media":542642,"template":"","meta":{"_seopress_robots_primary_cat":"","_seopress_titles_title":"","_seopress_titles_desc":"","_seopress_robots_index":""},"product_brand":[3407],"product_cat":[21,284],"product_tag":[],"class_list":{"0":"post-606414","1":"product","2":"type-product","3":"status-publish","4":"has-post-thumbnail","6":"product_brand-milwaukee","7":"product_cat-abbigliamento","8":"product_cat-abbigliamento-da-lavoro","9":"sws-gruppo-abb-libero-de","10":"sws-conto-ricavi-merci-rivendita-abbigliamento-de","11":"sws-gruppo-iva-iva81-de","13":"first","14":"instock","15":"shipping-taxable","16":"purchasable","17":"product-type-variable"},"_links":{"self":[{"href":"https:\/\/lucacastelli.com\/de\/wp-json\/wp\/v2\/product\/606414","targetHints":{"allow":["GET"]}}],"collection":[{"href":"https:\/\/lucacastelli.com\/de\/wp-json\/wp\/v2\/product"}],"about":[{"href":"https:\/\/lucacastelli.com\/de\/wp-json\/wp\/v2\/types\/product"}],"wp:featuredmedia":[{"embeddable":true,"href":"https:\/\/lucacastelli.com\/de\/wp-json\/wp\/v2\/media\/542642"}],"wp:attachment":[{"href":"https:\/\/lucacastelli.com\/de\/wp-json\/wp\/v2\/media?parent=606414"}],"wp:term":[{"taxonomy":"product_brand","embeddable":true,"href":"https:\/\/lucacastelli.com\/de\/wp-json\/wp\/v2\/product_brand?post=606414"},{"taxonomy":"product_cat","embeddable":true,"href":"https:\/\/lucacastelli.com\/de\/wp-json\/wp\/v2\/product_cat?post=606414"},{"taxonomy":"product_tag","embeddable":true,"href":"https:\/\/lucacastelli.com\/de\/wp-json\/wp\/v2\/product_tag?post=606414"}],"curies":[{"name":"wp","href":"https:\/\/api.w.org\/{rel}","templated":true}]}}