{"id":606403,"date":"2025-08-13T11:14:49","date_gmt":"2025-08-13T09:14:49","guid":{"rendered":"https:\/\/lucacastelli.com\/prodotto\/milwaukee-leder-arbeitshandschuhe\/"},"modified":"2025-08-13T11:14:49","modified_gmt":"2025-08-13T09:14:49","slug":"milwaukee-leder-arbeitshandschuhe","status":"publish","type":"product","link":"https:\/\/lucacastelli.com\/de\/produkt\/milwaukee-leder-arbeitshandschuhe\/","title":{"rendered":"Milwaukee Leder-Arbeitshandschuhe"},"content":{"rendered":"<p>LEATHER WORK GLOVES &#8211; M\/8 1pcs<br \/>\nHochwertiges, vollnarbiges Ziegenleder sorgt f\u00fcr zus\u00e4tzliche Haltbarkeit und Schutz der H\u00e4nde; die verst\u00e4rkte Handfl\u00e4che bietet zus\u00e4tzlichen Komfort und Schutz beim Umgang mit schweren Gegenst\u00e4nden;Verst\u00e4rkter Daumen mit einer vom Rest des Handschuhs getrennten Naht, die den Daumen in seiner nat\u00fcrlichen Position h\u00e4lt, um den Komfort und die Bewegungsfreiheit zu erh\u00f6hen;SMARTSWIPE\u2122 &#8211; leitf\u00e4higer Gewebeeinsatz auf dem Kn\u00f6chel des Zeigefingers, der es dem Benutzer erm\u00f6glicht, Touchscreen-Ger\u00e4te zu bedienen, ohne den Handschuh ausziehen zu m\u00fcssen;Europ\u00e4ische Zertifizierung f\u00fcr mechanischen Schutz: EN ISO 21420:2020 und EN388:2016 (2122X)<\/p>\n<p>4932478123<br \/>\n4058546340568<\/p>\n","protected":false},"excerpt":{"rendered":"<p>LEATHER WORK GLOVES &#8211; M\/8 1pcs Hochwertiges, vollnarbiges Ziegenleder sorgt f\u00fcr zus\u00e4tzliche Haltbarkeit und Schutz der H\u00e4nde; die verst\u00e4rkte Handfl\u00e4che<\/p>\n","protected":false},"featured_media":605499,"template":"","meta":{"_seopress_robots_primary_cat":"","_seopress_titles_title":"","_seopress_titles_desc":"","_seopress_robots_index":""},"product_brand":[3656],"product_cat":[82,1382],"product_tag":[],"class_list":{"0":"post-606403","1":"product","2":"type-product","3":"status-publish","4":"has-post-thumbnail","6":"product_brand-milwaukee-de","7":"product_cat-kleidung","8":"product_cat-arbeitskleidung","9":"sws-gruppo-abb-libero-de","10":"sws-conto-ricavi-merci-rivendita-abbigliamento-de","11":"sws-gruppo-iva-iva81-de","13":"first","14":"instock","15":"shipping-taxable","16":"purchasable","17":"product-type-variable"},"_links":{"self":[{"href":"https:\/\/lucacastelli.com\/de\/wp-json\/wp\/v2\/product\/606403","targetHints":{"allow":["GET"]}}],"collection":[{"href":"https:\/\/lucacastelli.com\/de\/wp-json\/wp\/v2\/product"}],"about":[{"href":"https:\/\/lucacastelli.com\/de\/wp-json\/wp\/v2\/types\/product"}],"wp:featuredmedia":[{"embeddable":true,"href":"https:\/\/lucacastelli.com\/de\/wp-json\/wp\/v2\/media\/605499"}],"wp:attachment":[{"href":"https:\/\/lucacastelli.com\/de\/wp-json\/wp\/v2\/media?parent=606403"}],"wp:term":[{"taxonomy":"product_brand","embeddable":true,"href":"https:\/\/lucacastelli.com\/de\/wp-json\/wp\/v2\/product_brand?post=606403"},{"taxonomy":"product_cat","embeddable":true,"href":"https:\/\/lucacastelli.com\/de\/wp-json\/wp\/v2\/product_cat?post=606403"},{"taxonomy":"product_tag","embeddable":true,"href":"https:\/\/lucacastelli.com\/de\/wp-json\/wp\/v2\/product_tag?post=606403"}],"curies":[{"name":"wp","href":"https:\/\/api.w.org\/{rel}","templated":true}]}}