{"id":606378,"date":"2025-08-13T11:24:30","date_gmt":"2025-08-13T09:24:30","guid":{"rendered":"https:\/\/lucacastelli.com\/prodotto\/milwaukee-mesh-nitrilbeschichtete-handschuhe-kat-schnitt-c-144-stk\/"},"modified":"2025-08-13T11:24:30","modified_gmt":"2025-08-13T09:24:30","slug":"milwaukee-mesh-nitrilbeschichtete-handschuhe-kat-schnitt-c-144-stk","status":"publish","type":"product","link":"https:\/\/lucacastelli.com\/de\/produkt\/milwaukee-mesh-nitrilbeschichtete-handschuhe-kat-schnitt-c-144-stk\/","title":{"rendered":"Milwaukee Mesh nitrilbeschichtete Handschuhe Kat. Schnitt C &#8211; 144 Stk."},"content":{"rendered":"<p>BULK CUT C GLOVES &#8211; 8\/M &#8211; 144PC<br \/>\nBietet erh\u00f6hten Schutz vor Schnitten und Abrieb, z.B. beim Einf\u00e4deln von Rohren und Abisolieren von Kabeln;Hervorragende Griffigkeit, Nitrilnetzbeschichtung bietet bessere Leistung als andere Materialien;Hervorragende Durchstichfestigkeit bei scharfen Materialien;SMARTSWIPE\u2122 Handfl\u00e4che und Fingerspitzen erm\u00f6glicht die Nutzung von Touchscreen-Ger\u00e4ten, ohne die Handschuhe ausziehen zu m\u00fcssen;Europ\u00e4ische Zertifizierung f\u00fcr mechanischen Schutz: EN ISO 21420, EN388:2016 (4343C)<\/p>\n<p>4932479012<br \/>\n4058546363024<\/p>\n","protected":false},"excerpt":{"rendered":"<p>BULK CUT C GLOVES &#8211; 8\/M &#8211; 144PC Bietet erh\u00f6hten Schutz vor Schnitten und Abrieb, z.B. beim Einf\u00e4deln von Rohren<\/p>\n","protected":false},"featured_media":605512,"template":"","meta":{"_seopress_robots_primary_cat":"","_seopress_titles_title":"","_seopress_titles_desc":"","_seopress_robots_index":""},"product_brand":[3407],"product_cat":[21,284],"product_tag":[],"class_list":{"0":"post-606378","1":"product","2":"type-product","3":"status-publish","4":"has-post-thumbnail","6":"product_brand-milwaukee","7":"product_cat-abbigliamento","8":"product_cat-abbigliamento-da-lavoro","9":"sws-gruppo-abb-libero-de","10":"sws-conto-ricavi-merci-rivendita-abbigliamento-de","11":"sws-gruppo-iva-iva81-de","13":"first","14":"instock","15":"shipping-taxable","16":"purchasable","17":"product-type-variable"},"_links":{"self":[{"href":"https:\/\/lucacastelli.com\/de\/wp-json\/wp\/v2\/product\/606378","targetHints":{"allow":["GET"]}}],"collection":[{"href":"https:\/\/lucacastelli.com\/de\/wp-json\/wp\/v2\/product"}],"about":[{"href":"https:\/\/lucacastelli.com\/de\/wp-json\/wp\/v2\/types\/product"}],"wp:featuredmedia":[{"embeddable":true,"href":"https:\/\/lucacastelli.com\/de\/wp-json\/wp\/v2\/media\/605512"}],"wp:attachment":[{"href":"https:\/\/lucacastelli.com\/de\/wp-json\/wp\/v2\/media?parent=606378"}],"wp:term":[{"taxonomy":"product_brand","embeddable":true,"href":"https:\/\/lucacastelli.com\/de\/wp-json\/wp\/v2\/product_brand?post=606378"},{"taxonomy":"product_cat","embeddable":true,"href":"https:\/\/lucacastelli.com\/de\/wp-json\/wp\/v2\/product_cat?post=606378"},{"taxonomy":"product_tag","embeddable":true,"href":"https:\/\/lucacastelli.com\/de\/wp-json\/wp\/v2\/product_tag?post=606378"}],"curies":[{"name":"wp","href":"https:\/\/api.w.org\/{rel}","templated":true}]}}