{"id":606371,"date":"2025-08-13T11:08:23","date_gmt":"2025-08-13T09:08:23","guid":{"rendered":"https:\/\/lucacastelli.com\/prodotto\/milwaukee-doppelt-beschichtete-nitrilhandschuhe-kat-schnitt-e\/"},"modified":"2025-08-13T11:08:23","modified_gmt":"2025-08-13T09:08:23","slug":"milwaukee-doppelt-beschichtete-nitrilhandschuhe-kat-schnitt-e","status":"publish","type":"product","link":"https:\/\/lucacastelli.com\/de\/produkt\/milwaukee-doppelt-beschichtete-nitrilhandschuhe-kat-schnitt-e\/","title":{"rendered":"Milwaukee Doppelt beschichtete Nitrilhandschuhe Kat. Schnitt E"},"content":{"rendered":"<p>CAT.5 M\/8-1pcs<br \/>\nDoppellagige Nitrilbeschichtung f\u00fcr zus\u00e4tzliche Haltbarkeit und Schutz vor scharfen Gegenst\u00e4nden;Hervorragende Griffigkeit dank Nitrilbeschichtung. Hervorragende Leistung im Vergleich zu anderen Materialien, auf nassen oder \u00f6ligen Oberfl\u00e4chen;Patentiertes Innenhandmaterial f\u00fcr maximalen Komfort und hohe Atmungsaktivit\u00e4t, den ganzen Arbeitstag lang;SMARTSWIPE\u2122 Handfl\u00e4che und Fingerspitzen erm\u00f6glichen die Nutzung von Touchscreen-Ger\u00e4ten, ohne die Handschuhe ausziehen zu m\u00fcssen;Europ\u00e4ische Zertifizierung f\u00fcr mechanischen Schutz: EN ISO 21420 und EN388:2016 (4X44E)  <\/p>\n<p>4932471424<br \/>\n4058546290528<\/p>\n","protected":false},"excerpt":{"rendered":"<p>CAT.5 M\/8-1pcs Doppellagige Nitrilbeschichtung f\u00fcr zus\u00e4tzliche Haltbarkeit und Schutz vor scharfen Gegenst\u00e4nden;Hervorragende Griffigkeit dank Nitrilbeschichtung. Hervorragende Leistung im Vergleich zu<\/p>\n","protected":false},"featured_media":605256,"template":"","meta":{"_seopress_robots_primary_cat":"","_seopress_titles_title":"","_seopress_titles_desc":"","_seopress_robots_index":""},"product_brand":[3656],"product_cat":[82,1382],"product_tag":[],"class_list":{"0":"post-606371","1":"product","2":"type-product","3":"status-publish","4":"has-post-thumbnail","6":"product_brand-milwaukee-de","7":"product_cat-kleidung","8":"product_cat-arbeitskleidung","9":"sws-gruppo-abb-libero-de","10":"sws-conto-ricavi-merci-rivendita-abbigliamento-de","11":"sws-gruppo-iva-iva81-de","13":"first","14":"instock","15":"shipping-taxable","16":"purchasable","17":"product-type-variable"},"_links":{"self":[{"href":"https:\/\/lucacastelli.com\/de\/wp-json\/wp\/v2\/product\/606371","targetHints":{"allow":["GET"]}}],"collection":[{"href":"https:\/\/lucacastelli.com\/de\/wp-json\/wp\/v2\/product"}],"about":[{"href":"https:\/\/lucacastelli.com\/de\/wp-json\/wp\/v2\/types\/product"}],"wp:featuredmedia":[{"embeddable":true,"href":"https:\/\/lucacastelli.com\/de\/wp-json\/wp\/v2\/media\/605256"}],"wp:attachment":[{"href":"https:\/\/lucacastelli.com\/de\/wp-json\/wp\/v2\/media?parent=606371"}],"wp:term":[{"taxonomy":"product_brand","embeddable":true,"href":"https:\/\/lucacastelli.com\/de\/wp-json\/wp\/v2\/product_brand?post=606371"},{"taxonomy":"product_cat","embeddable":true,"href":"https:\/\/lucacastelli.com\/de\/wp-json\/wp\/v2\/product_cat?post=606371"},{"taxonomy":"product_tag","embeddable":true,"href":"https:\/\/lucacastelli.com\/de\/wp-json\/wp\/v2\/product_tag?post=606371"}],"curies":[{"name":"wp","href":"https:\/\/api.w.org\/{rel}","templated":true}]}}