{"id":606370,"date":"2025-08-13T11:03:10","date_gmt":"2025-08-13T09:03:10","guid":{"rendered":"https:\/\/lucacastelli.com\/prodotto\/milwaukee-schutzhuellen-kat-schnitt-e-2\/"},"modified":"2025-08-13T11:03:10","modified_gmt":"2025-08-13T09:03:10","slug":"milwaukee-schutzhuellen-kat-schnitt-e-2","status":"publish","type":"product","link":"https:\/\/lucacastelli.com\/de\/produkt\/milwaukee-schutzhuellen-kat-schnitt-e-2\/","title":{"rendered":"Milwaukee Schutzh\u00fcllen Kat. Schnitt E"},"content":{"rendered":"<p>ANTITAGL SCHLAUCH KAT. E 45CM &#8211; 1 PAAR<br \/>\nHochelastisches Nylonmaterial mit elastischen Punkten, die sich an die Gr\u00f6\u00dfe der Arme anpassen; konisch zulaufendes Design, breiter am Bizeps und schmaler am Handgelenk, um sich der nat\u00fcrlichen Form des Arms anzupassenElastisches Band mit rutschfesten N\u00e4hten am Bizeps und elastisches B\u00fcndchen, um die \u00c4rmel an Ort und Stelle zu halten und ein Durchh\u00e4ngen zu verhindern;Atmungsaktives, leichtes Material bietet gute Fingerfertigkeit und ganzt\u00e4gigen Tragekomfort;Elastisches Daumenband verhindert Druckgef\u00fchl, wenn gleichzeitig Handschuhe getragen werden;UV-Sonnenschutz mit UPF 50+ gem\u00e4\u00df BS EN 13758-1:2002 +A1:2006;Europ\u00e4ische Zertifizierung f\u00fcr mechanischen Schutz: EN ISO 21420, EN388:2016 (3X42E)<\/p>\n<p>4932479937<br \/>\n4058546377311<\/p>\n","protected":false},"excerpt":{"rendered":"<p>ANTITAGL SCHLAUCH KAT. E 45CM &#8211; 1 PAAR <\/p>\n","protected":false},"featured_media":545432,"template":"","meta":{"_seopress_robots_primary_cat":"","_seopress_titles_title":"","_seopress_titles_desc":"","_seopress_robots_index":""},"product_brand":[3656],"product_cat":[1382,82],"product_tag":[3272],"class_list":{"0":"post-606370","1":"product","2":"type-product","3":"status-publish","4":"has-post-thumbnail","6":"product_brand-milwaukee-de","7":"product_cat-arbeitskleidung","8":"product_cat-kleidung","9":"product_tag-import-milwau-de","10":"sws-gruppo-abb-libero-de","11":"sws-conto-ricavi-merci-rivendita-abbigliamento-de","12":"sws-gruppo-iva-iva81-de","14":"first","15":"onbackorder","16":"shipping-taxable","17":"purchasable","18":"product-type-simple"},"_links":{"self":[{"href":"https:\/\/lucacastelli.com\/de\/wp-json\/wp\/v2\/product\/606370","targetHints":{"allow":["GET"]}}],"collection":[{"href":"https:\/\/lucacastelli.com\/de\/wp-json\/wp\/v2\/product"}],"about":[{"href":"https:\/\/lucacastelli.com\/de\/wp-json\/wp\/v2\/types\/product"}],"wp:featuredmedia":[{"embeddable":true,"href":"https:\/\/lucacastelli.com\/de\/wp-json\/wp\/v2\/media\/545432"}],"wp:attachment":[{"href":"https:\/\/lucacastelli.com\/de\/wp-json\/wp\/v2\/media?parent=606370"}],"wp:term":[{"taxonomy":"product_brand","embeddable":true,"href":"https:\/\/lucacastelli.com\/de\/wp-json\/wp\/v2\/product_brand?post=606370"},{"taxonomy":"product_cat","embeddable":true,"href":"https:\/\/lucacastelli.com\/de\/wp-json\/wp\/v2\/product_cat?post=606370"},{"taxonomy":"product_tag","embeddable":true,"href":"https:\/\/lucacastelli.com\/de\/wp-json\/wp\/v2\/product_tag?post=606370"}],"curies":[{"name":"wp","href":"https:\/\/api.w.org\/{rel}","templated":true}]}}