{"id":606295,"date":"2025-08-13T10:37:48","date_gmt":"2025-08-13T08:37:48","guid":{"rendered":"https:\/\/lucacastelli.com\/prodotto\/milwaukee-nitrilbeschichtete-handschuhe-kat-schnitt-a\/"},"modified":"2025-08-13T10:37:48","modified_gmt":"2025-08-13T08:37:48","slug":"milwaukee-nitrilbeschichtete-handschuhe-kat-schnitt-a","status":"publish","type":"product","link":"https:\/\/lucacastelli.com\/de\/produkt\/milwaukee-nitrilbeschichtete-handschuhe-kat-schnitt-a\/","title":{"rendered":"Milwaukee Nitrilbeschichtete Handschuhe Kat. Schnitt A"},"content":{"rendered":"<p>CAT.1 M\/8-1pcs<br \/>\nEntwickelt f\u00fcr maximale Strapazierf\u00e4higkeit und ganzt\u00e4gigen Komfort, ideal f\u00fcr den Materialumschlag oder leichte Bauarbeiten;Nitrilbeschichtete Handfl\u00e4che f\u00fcr exzellente Griffigkeit;Entwickelt f\u00fcr Fingerfertigkeit beim Umgang mit kleinen Gegenst\u00e4nden;SMARTSWIPE\u2122 Handfl\u00e4che und Fingerspitzen: erm\u00f6glicht die Nutzung von Touchscreen-Ger\u00e4ten, ohne die Handschuhe ausziehen zu m\u00fcssen;Europ\u00e4ische Zertifizierung f\u00fcr mechanischen Schutz: EN ISO 21420, EN388:2016 (4121A) <\/p>\n<p>4932471416<br \/>\n4058546290443<\/p>\n","protected":false},"excerpt":{"rendered":"<p>CAT.1 M\/8-1pcs Entwickelt f\u00fcr maximale Strapazierf\u00e4higkeit und ganzt\u00e4gigen Komfort, ideal f\u00fcr den Materialumschlag oder leichte Bauarbeiten;Nitrilbeschichtete Handfl\u00e4che f\u00fcr exzellente Griffigkeit;Entwickelt<\/p>\n","protected":false},"featured_media":605144,"template":"","meta":{"_seopress_robots_primary_cat":"","_seopress_titles_title":"","_seopress_titles_desc":"","_seopress_robots_index":""},"product_brand":[3407],"product_cat":[21,284],"product_tag":[],"class_list":{"0":"post-606295","1":"product","2":"type-product","3":"status-publish","4":"has-post-thumbnail","6":"product_brand-milwaukee","7":"product_cat-abbigliamento","8":"product_cat-abbigliamento-da-lavoro","9":"sws-gruppo-abb-libero-de","10":"sws-conto-ricavi-merci-rivendita-abbigliamento-de","11":"sws-gruppo-iva-iva81-de","13":"first","14":"instock","15":"shipping-taxable","16":"purchasable","17":"product-type-variable"},"_links":{"self":[{"href":"https:\/\/lucacastelli.com\/de\/wp-json\/wp\/v2\/product\/606295","targetHints":{"allow":["GET"]}}],"collection":[{"href":"https:\/\/lucacastelli.com\/de\/wp-json\/wp\/v2\/product"}],"about":[{"href":"https:\/\/lucacastelli.com\/de\/wp-json\/wp\/v2\/types\/product"}],"wp:featuredmedia":[{"embeddable":true,"href":"https:\/\/lucacastelli.com\/de\/wp-json\/wp\/v2\/media\/605144"}],"wp:attachment":[{"href":"https:\/\/lucacastelli.com\/de\/wp-json\/wp\/v2\/media?parent=606295"}],"wp:term":[{"taxonomy":"product_brand","embeddable":true,"href":"https:\/\/lucacastelli.com\/de\/wp-json\/wp\/v2\/product_brand?post=606295"},{"taxonomy":"product_cat","embeddable":true,"href":"https:\/\/lucacastelli.com\/de\/wp-json\/wp\/v2\/product_cat?post=606295"},{"taxonomy":"product_tag","embeddable":true,"href":"https:\/\/lucacastelli.com\/de\/wp-json\/wp\/v2\/product_tag?post=606295"}],"curies":[{"name":"wp","href":"https:\/\/api.w.org\/{rel}","templated":true}]}}