{"id":606282,"date":"2025-08-13T10:20:08","date_gmt":"2025-08-13T08:20:08","guid":{"rendered":"https:\/\/lucacastelli.com\/prodotto\/milwaukee-nitrilbeschichtete-handschuhe-kat-schnitt-a-12-st\/"},"modified":"2026-03-02T16:12:40","modified_gmt":"2026-03-02T15:12:40","slug":"milwaukee-nitrilbeschichtete-handschuhe-kat-schnitt-a-12-st","status":"publish","type":"product","link":"https:\/\/lucacastelli.com\/de\/produkt\/milwaukee-nitrilbeschichtete-handschuhe-kat-schnitt-a-12-st\/","title":{"rendered":"MILWAUKEE Nitrilbeschichtete Handschuhe Schnittschutzkl. A &#8211; 12 Stk."},"content":{"rendered":"<p>SCHNITTSCHUTZHANDSCHUHE KAT. 1 M\/8-12Stk.<br \/>\nEntwickelt f\u00fcr maximale Haltbarkeit und ganzt\u00e4gigen Komfort, ideal f\u00fcr Materialumschlag oder leichte Bauarbeiten;Nitrilbeschichtete Handfl\u00e4che f\u00fcr hervorragenden Grip;Entwickelt f\u00fcr Fingerfertigkeit beim Umgang mit kleinen Objekten;SMARTSWIPE\u2122 Handfl\u00e4che und Fingerspitzen: erm\u00f6glicht die Nutzung von Touchscreen-Ger\u00e4ten, ohne die Handschuhe auszuziehen;Europ\u00e4ische Zertifizierung f\u00fcr mechanischen Schutz: EN ISO 21420, EN388:2016 (4121A) <\/p>\n<p>4932471614<br \/>\n4058546295134<\/p>\n","protected":false},"excerpt":{"rendered":"<p>SCHNITTSCHUTZHANDSCHUHE KAT. 1 M\/8-12Stk. Entwickelt f\u00fcr maximale Haltbarkeit und ganzt\u00e4gigen Komfort, ideal f\u00fcr Materialumschlag oder leichte Bauarbeiten;Nitrilbeschichtete Handfl\u00e4che f\u00fcr hervorragenden<\/p>\n","protected":false},"featured_media":605118,"template":"","meta":{"_seopress_robots_primary_cat":"none","_seopress_titles_title":"","_seopress_titles_desc":"","_seopress_robots_index":""},"product_brand":[3656],"product_cat":[1382,82],"product_tag":[],"class_list":{"0":"post-606282","1":"product","2":"type-product","3":"status-publish","4":"has-post-thumbnail","6":"product_brand-milwaukee-de","7":"product_cat-arbeitskleidung","8":"product_cat-kleidung","9":"sws-gruppo-abb-libero-de","10":"sws-conto-ricavi-merci-rivendita-abbigliamento-de","11":"sws-gruppo-iva-iva81-de","13":"first","14":"instock","15":"sale","16":"shipping-taxable","17":"purchasable","18":"product-type-variable"},"_links":{"self":[{"href":"https:\/\/lucacastelli.com\/de\/wp-json\/wp\/v2\/product\/606282","targetHints":{"allow":["GET"]}}],"collection":[{"href":"https:\/\/lucacastelli.com\/de\/wp-json\/wp\/v2\/product"}],"about":[{"href":"https:\/\/lucacastelli.com\/de\/wp-json\/wp\/v2\/types\/product"}],"wp:featuredmedia":[{"embeddable":true,"href":"https:\/\/lucacastelli.com\/de\/wp-json\/wp\/v2\/media\/605118"}],"wp:attachment":[{"href":"https:\/\/lucacastelli.com\/de\/wp-json\/wp\/v2\/media?parent=606282"}],"wp:term":[{"taxonomy":"product_brand","embeddable":true,"href":"https:\/\/lucacastelli.com\/de\/wp-json\/wp\/v2\/product_brand?post=606282"},{"taxonomy":"product_cat","embeddable":true,"href":"https:\/\/lucacastelli.com\/de\/wp-json\/wp\/v2\/product_cat?post=606282"},{"taxonomy":"product_tag","embeddable":true,"href":"https:\/\/lucacastelli.com\/de\/wp-json\/wp\/v2\/product_tag?post=606282"}],"curies":[{"name":"wp","href":"https:\/\/api.w.org\/{rel}","templated":true}]}}