{"id":606235,"date":"2025-08-13T10:01:17","date_gmt":"2025-08-13T08:01:17","guid":{"rendered":"https:\/\/lucacastelli.com\/prodotto\/milwaukee-polyurethanbeschichtete-handschuhe-mit-hoher-sichtbarkeit-kat-schnitt-e\/"},"modified":"2025-08-13T10:01:17","modified_gmt":"2025-08-13T08:01:17","slug":"milwaukee-polyurethanbeschichtete-handschuhe-mit-hoher-sichtbarkeit-kat-schnitt-e","status":"publish","type":"product","link":"https:\/\/lucacastelli.com\/de\/produkt\/milwaukee-polyurethanbeschichtete-handschuhe-mit-hoher-sichtbarkeit-kat-schnitt-e\/","title":{"rendered":"Milwaukee Polyurethanbeschichtete Handschuhe mit hoher Sichtbarkeit Kat. Schnitt E"},"content":{"rendered":"<p>HI-VIS CUT LEVEL 5\/E &#8211; S\/7 GLOVES 1PC<br \/>\nFluoreszierendes Tr\u00e4germaterial sorgt f\u00fcr hohe Sichtbarkeit in schwach beleuchteten Umgebungen; Schnittfestigkeit Stufe 5\/E, ideal f\u00fcr Arbeiten mit Blech, Glas, Abisolieren, Rohrleitungen;Leichte und d\u00fcnne Handschuhe mit einer polyurethanbeschichteten Handfl\u00e4che, die eine gute Fingerfertigkeit erm\u00f6glicht; Nitrilverst\u00e4rkung zwischen Daumen und Zeigefinger, an der Stelle des gr\u00f6\u00dften Verschlei\u00dfes, f\u00fcr erh\u00f6hte Haltbarkeit; SMARTSWIPE\u2122 Handfl\u00e4che und Fingerspitzen erm\u00f6glichen die Nutzung von Touchscreen-Ger\u00e4ten, ohne die Handschuhe ausziehen zu m\u00fcssen; Europ\u00e4ische Zertifizierung f\u00fcr mechanischen Schutz: EN ISO 21420, EN388:2016 (4X43E)<\/p>\n<p>4932479931<br \/>\n4058546377250<\/p>\n","protected":false},"excerpt":{"rendered":"<p>HI-VIS CUT LEVEL 5\/E &#8211; S\/7 GLOVES 1PC Fluoreszierendes Tr\u00e4germaterial sorgt f\u00fcr hohe Sichtbarkeit in schwach beleuchteten Umgebungen; Schnittfestigkeit Stufe<\/p>\n","protected":false},"featured_media":545365,"template":"","meta":{"_seopress_robots_primary_cat":"","_seopress_titles_title":"","_seopress_titles_desc":"","_seopress_robots_index":""},"product_brand":[3407],"product_cat":[21,284],"product_tag":[],"class_list":{"0":"post-606235","1":"product","2":"type-product","3":"status-publish","4":"has-post-thumbnail","6":"product_brand-milwaukee","7":"product_cat-abbigliamento","8":"product_cat-abbigliamento-da-lavoro","9":"sws-gruppo-abb-libero-de","10":"sws-conto-ricavi-merci-rivendita-abbigliamento-de","11":"sws-gruppo-iva-iva81-de","13":"first","14":"instock","15":"shipping-taxable","16":"purchasable","17":"product-type-variable"},"_links":{"self":[{"href":"https:\/\/lucacastelli.com\/de\/wp-json\/wp\/v2\/product\/606235","targetHints":{"allow":["GET"]}}],"collection":[{"href":"https:\/\/lucacastelli.com\/de\/wp-json\/wp\/v2\/product"}],"about":[{"href":"https:\/\/lucacastelli.com\/de\/wp-json\/wp\/v2\/types\/product"}],"wp:featuredmedia":[{"embeddable":true,"href":"https:\/\/lucacastelli.com\/de\/wp-json\/wp\/v2\/media\/545365"}],"wp:attachment":[{"href":"https:\/\/lucacastelli.com\/de\/wp-json\/wp\/v2\/media?parent=606235"}],"wp:term":[{"taxonomy":"product_brand","embeddable":true,"href":"https:\/\/lucacastelli.com\/de\/wp-json\/wp\/v2\/product_brand?post=606235"},{"taxonomy":"product_cat","embeddable":true,"href":"https:\/\/lucacastelli.com\/de\/wp-json\/wp\/v2\/product_cat?post=606235"},{"taxonomy":"product_tag","embeddable":true,"href":"https:\/\/lucacastelli.com\/de\/wp-json\/wp\/v2\/product_tag?post=606235"}],"curies":[{"name":"wp","href":"https:\/\/api.w.org\/{rel}","templated":true}]}}