{"id":606220,"date":"2025-08-13T10:07:17","date_gmt":"2025-08-13T08:07:17","guid":{"rendered":"https:\/\/lucacastelli.com\/prodotto\/milwaukee-latexbeschichtete-winterhandschuhe-kat-schnitt-c\/"},"modified":"2025-08-13T10:07:17","modified_gmt":"2025-08-13T08:07:17","slug":"milwaukee-latexbeschichtete-winterhandschuhe-kat-schnitt-c","status":"publish","type":"product","link":"https:\/\/lucacastelli.com\/de\/produkt\/milwaukee-latexbeschichtete-winterhandschuhe-kat-schnitt-c\/","title":{"rendered":"Milwaukee Latexbeschichtete Winterhandschuhe Kat. Schnitt C"},"content":{"rendered":"<p>WINTERHANDSCHUHE. CAT.3 M\/8-1pcs<br \/>\nWinterk\u00e4lteisolierung h\u00e4lt deine H\u00e4nde warm, wenn du bei kalten Temperaturen arbeitest;Latex-Handfl\u00e4chenbeschichtung. Die Handschuhe bleiben auch nach l\u00e4ngerem Gebrauch bequem;3\/4-Latex-Beschichtung auf dem Handr\u00fccken widersteht Wasserspritzern und h\u00e4lt die H\u00e4nde auch bei Arbeiten in kalten und nassen Umgebungen warm und trocken;Europ\u00e4ische Zertifizierung f\u00fcr mechanischen und K\u00e4lteschutz: EN ISO 21420 \/ EN 420, EN388: 2016 (2442C), EN511 (02X)   <\/p>\n<p>4932471347<br \/>\n4058546289751<\/p>\n","protected":false},"excerpt":{"rendered":"<p>WINTERHANDSCHUHE. CAT.3 M\/8-1pcs Winterk\u00e4lteisolierung h\u00e4lt deine H\u00e4nde warm, wenn du bei kalten Temperaturen arbeitest;Latex-Handfl\u00e4chenbeschichtung. Die Handschuhe bleiben auch nach l\u00e4ngerem<\/p>\n","protected":false},"featured_media":549438,"template":"","meta":{"_seopress_robots_primary_cat":"","_seopress_titles_title":"","_seopress_titles_desc":"","_seopress_robots_index":""},"product_brand":[3407],"product_cat":[21,284],"product_tag":[],"class_list":{"0":"post-606220","1":"product","2":"type-product","3":"status-publish","4":"has-post-thumbnail","6":"product_brand-milwaukee","7":"product_cat-abbigliamento","8":"product_cat-abbigliamento-da-lavoro","9":"sws-gruppo-abb-libero-de","10":"sws-conto-ricavi-merci-rivendita-abbigliamento-de","11":"sws-gruppo-iva-iva81-de","13":"first","14":"instock","15":"shipping-taxable","16":"purchasable","17":"product-type-variable"},"_links":{"self":[{"href":"https:\/\/lucacastelli.com\/de\/wp-json\/wp\/v2\/product\/606220","targetHints":{"allow":["GET"]}}],"collection":[{"href":"https:\/\/lucacastelli.com\/de\/wp-json\/wp\/v2\/product"}],"about":[{"href":"https:\/\/lucacastelli.com\/de\/wp-json\/wp\/v2\/types\/product"}],"wp:featuredmedia":[{"embeddable":true,"href":"https:\/\/lucacastelli.com\/de\/wp-json\/wp\/v2\/media\/549438"}],"wp:attachment":[{"href":"https:\/\/lucacastelli.com\/de\/wp-json\/wp\/v2\/media?parent=606220"}],"wp:term":[{"taxonomy":"product_brand","embeddable":true,"href":"https:\/\/lucacastelli.com\/de\/wp-json\/wp\/v2\/product_brand?post=606220"},{"taxonomy":"product_cat","embeddable":true,"href":"https:\/\/lucacastelli.com\/de\/wp-json\/wp\/v2\/product_cat?post=606220"},{"taxonomy":"product_tag","embeddable":true,"href":"https:\/\/lucacastelli.com\/de\/wp-json\/wp\/v2\/product_tag?post=606220"}],"curies":[{"name":"wp","href":"https:\/\/api.w.org\/{rel}","templated":true}]}}