{"id":606213,"date":"2025-08-12T18:49:15","date_gmt":"2025-08-12T16:49:15","guid":{"rendered":"https:\/\/lucacastelli.com\/prodotto\/milwaukee-premium-arbeitsknieschoner-mit-anti-kratz-beschichtung-1-paar\/"},"modified":"2025-08-12T18:49:15","modified_gmt":"2025-08-12T16:49:15","slug":"milwaukee-premium-arbeitsknieschoner-mit-anti-kratz-beschichtung-1-paar","status":"publish","type":"product","link":"https:\/\/lucacastelli.com\/de\/produkt\/milwaukee-premium-arbeitsknieschoner-mit-anti-kratz-beschichtung-1-paar\/","title":{"rendered":"Milwaukee Premium Arbeitsknieschoner mit Anti-Kratz-Beschichtung &#8211; 1 Paar"},"content":{"rendered":"<p>Premium Non-Marking Knee Pad &#8211; 1 Paar<br \/>\nSchaumstoff- und Gel-Polsterung f\u00fcr maximalen Komfort und bessere Druckverteilung;Spezielle Anti-Scratch-Beschichtung zur Vermeidung von Kratzern auf empfindlichen Oberfl\u00e4chen (Marmor, Parkett, Fliesen etc&#8230;);Bequeme und verstellbare Doppelriemen &#8211; breiterer unterer Riemen;Schnellverschluss-Schnallen f\u00fcr einfache Handhabung. Metallnieten;1680D ballistisches Nylon f\u00fcr Strapazierf\u00e4higkeit und guten Halt auf der Oberfl\u00e4che;Breiterer unterer Gurt f\u00fcr weniger Druck auf das Bein;Europ\u00e4ische Zertifizierung f\u00fcr Gelenkschutz: EN 14404 Klasse 1 (zertifiziert f\u00fcr Durchstichfestigkeit 100N und f\u00fcr den Einsatz auf flachen oder unebenen Oberfl\u00e4chen) <\/p>\n<p>4932478139<br \/>\n4058546340728<\/p>\n","protected":false},"excerpt":{"rendered":"<p>Premium-Knieschoner ohne Abrieb &#8211; 1 Paar<\/p>\n","protected":false},"featured_media":540179,"template":"","meta":{"_seopress_robots_primary_cat":"","_seopress_titles_title":"","_seopress_titles_desc":"","_seopress_robots_index":""},"product_brand":[3656],"product_cat":[5529,82,1382,150,1396],"product_tag":[3272],"class_list":{"0":"post-606213","1":"product","2":"type-product","3":"status-publish","4":"has-post-thumbnail","6":"product_brand-milwaukee-de","7":"product_cat-workshop-tools","8":"product_cat-kleidung","9":"product_cat-arbeitskleidung","10":"product_cat-ausrustung","11":"product_cat-arbeitsausrustung","12":"product_tag-import-milwau-de","13":"sws-gruppo-abb-libero-de","14":"sws-conto-ricavi-merci-rivendita-abbigliamento-de","15":"sws-conto-ricavi-merci-rivendita-macchinari-de","16":"sws-gruppo-iva-iva81-de","18":"first","19":"onbackorder","20":"shipping-taxable","21":"purchasable","22":"product-type-simple"},"_links":{"self":[{"href":"https:\/\/lucacastelli.com\/de\/wp-json\/wp\/v2\/product\/606213","targetHints":{"allow":["GET"]}}],"collection":[{"href":"https:\/\/lucacastelli.com\/de\/wp-json\/wp\/v2\/product"}],"about":[{"href":"https:\/\/lucacastelli.com\/de\/wp-json\/wp\/v2\/types\/product"}],"wp:featuredmedia":[{"embeddable":true,"href":"https:\/\/lucacastelli.com\/de\/wp-json\/wp\/v2\/media\/540179"}],"wp:attachment":[{"href":"https:\/\/lucacastelli.com\/de\/wp-json\/wp\/v2\/media?parent=606213"}],"wp:term":[{"taxonomy":"product_brand","embeddable":true,"href":"https:\/\/lucacastelli.com\/de\/wp-json\/wp\/v2\/product_brand?post=606213"},{"taxonomy":"product_cat","embeddable":true,"href":"https:\/\/lucacastelli.com\/de\/wp-json\/wp\/v2\/product_cat?post=606213"},{"taxonomy":"product_tag","embeddable":true,"href":"https:\/\/lucacastelli.com\/de\/wp-json\/wp\/v2\/product_tag?post=606213"}],"curies":[{"name":"wp","href":"https:\/\/api.w.org\/{rel}","templated":true}]}}