{"id":606212,"date":"2025-08-12T18:49:12","date_gmt":"2025-08-12T16:49:12","guid":{"rendered":"https:\/\/lucacastelli.com\/prodotto\/milwaukee-flexible-knieschoner-1-paar\/"},"modified":"2025-08-12T18:49:12","modified_gmt":"2025-08-12T16:49:12","slug":"milwaukee-flexible-knieschoner-1-paar","status":"publish","type":"product","link":"https:\/\/lucacastelli.com\/de\/produkt\/milwaukee-flexible-knieschoner-1-paar\/","title":{"rendered":"Milwaukee Flexible Knieschoner &#8211; 1 Paar"},"content":{"rendered":"<p>FLEXIBLE KEEPERS<br \/>\nLeichte und bequeme Schaumstoffpolsterung; Wasserabweisende St\u00fctzfl\u00e4che. Dringt nicht in die Innenseite des Knies ein;Anti-Penetrations-Einsatz, der verhindert, dass Material versehentlich in den Knieschoner eindringt;Einzelner verstellbarer Riemen f\u00fcr maximalen Komfort;Schnellverschluss-Schnallen f\u00fcr eine einfache Verwendung;Europ\u00e4ische Zertifizierung f\u00fcr Gelenkschutz: EN 14404 Klasse 1 (zertifiziert f\u00fcr Durchstichfestigkeit 100N und f\u00fcr die Verwendung auf flachen oder unebenen Oberfl\u00e4chen);Typ 1, \u00fcber der Hose getragen, ruiniert diese nicht <\/p>\n<p>4932478136<br \/>\n4058546340698<\/p>\n","protected":false},"excerpt":{"rendered":"<p>FLEXIBLE KNIESCHONER<\/p>\n","protected":false},"featured_media":540153,"template":"","meta":{"_seopress_robots_primary_cat":"","_seopress_titles_title":"","_seopress_titles_desc":"","_seopress_robots_index":""},"product_brand":[3407],"product_cat":[5416,21,284,33,537],"product_tag":[3270],"class_list":{"0":"post-606212","1":"product","2":"type-product","3":"status-publish","4":"has-post-thumbnail","6":"product_brand-milwaukee","7":"product_cat-utensili-per-officina","8":"product_cat-abbigliamento","9":"product_cat-abbigliamento-da-lavoro","10":"product_cat-attrezzature","11":"product_cat-attrezzatura-da-lavoro","12":"product_tag-import-milwau","13":"sws-gruppo-abb-libero-de","14":"sws-conto-ricavi-merci-rivendita-abbigliamento-de","15":"sws-conto-ricavi-merci-rivendita-macchinari-de","16":"sws-gruppo-iva-iva81-de","18":"first","19":"onbackorder","20":"shipping-taxable","21":"purchasable","22":"product-type-simple"},"_links":{"self":[{"href":"https:\/\/lucacastelli.com\/de\/wp-json\/wp\/v2\/product\/606212","targetHints":{"allow":["GET"]}}],"collection":[{"href":"https:\/\/lucacastelli.com\/de\/wp-json\/wp\/v2\/product"}],"about":[{"href":"https:\/\/lucacastelli.com\/de\/wp-json\/wp\/v2\/types\/product"}],"wp:featuredmedia":[{"embeddable":true,"href":"https:\/\/lucacastelli.com\/de\/wp-json\/wp\/v2\/media\/540153"}],"wp:attachment":[{"href":"https:\/\/lucacastelli.com\/de\/wp-json\/wp\/v2\/media?parent=606212"}],"wp:term":[{"taxonomy":"product_brand","embeddable":true,"href":"https:\/\/lucacastelli.com\/de\/wp-json\/wp\/v2\/product_brand?post=606212"},{"taxonomy":"product_cat","embeddable":true,"href":"https:\/\/lucacastelli.com\/de\/wp-json\/wp\/v2\/product_cat?post=606212"},{"taxonomy":"product_tag","embeddable":true,"href":"https:\/\/lucacastelli.com\/de\/wp-json\/wp\/v2\/product_tag?post=606212"}],"curies":[{"name":"wp","href":"https:\/\/api.w.org\/{rel}","templated":true}]}}