{"id":606209,"date":"2025-08-12T18:49:14","date_gmt":"2025-08-12T16:49:14","guid":{"rendered":"https:\/\/lucacastelli.com\/prodotto\/milwaukee-rigid-work-knee-pads-1-paar\/"},"modified":"2025-08-12T18:49:14","modified_gmt":"2025-08-12T16:49:14","slug":"milwaukee-rigid-work-knee-pads-1-paar","status":"publish","type":"product","link":"https:\/\/lucacastelli.com\/de\/produkt\/milwaukee-rigid-work-knee-pads-1-paar\/","title":{"rendered":"Milwaukee Rigid Work Knee Pads &#8211; 1 Paar"},"content":{"rendered":"<p>Hard Knee Pad &#8211; 1 Paar<br \/>\nSchaumstoff- und Gel-Polsterung f\u00fcr maximalen Komfort und bessere Druckverteilung; starre Auflagefl\u00e4che f\u00fcr maximale Haltbarkeit, auch in den anspruchsvollsten Arbeitssituationen; doppelte verstellbare Riemen f\u00fcr besseren Halt und maximalen Komfort; Schnellverschluss-Schnallen f\u00fcr einfache Benutzung. Metallnieten;1680D ballistisches Nylon f\u00fcr Strapazierf\u00e4higkeit und einen guten Halt auf der Oberfl\u00e4che;Europ\u00e4ische Zertifizierung f\u00fcr Gelenkschutz: EN 14404 Klasse 2 (zertifiziert bis 250N Perforation und f\u00fcr den Einsatz auf flachen oder unebenen Oberfl\u00e4chen in anspruchsvollen Situationen);Typ 1, \u00fcber der Hose getragen, ohne diese zu ruinieren <\/p>\n<p>4932478137<br \/>\n4058546340704<\/p>\n","protected":false},"excerpt":{"rendered":"<p>Harte Knieschoner &#8211; 1 Paar<\/p>\n","protected":false},"featured_media":540166,"template":"","meta":{"_seopress_robots_primary_cat":"","_seopress_titles_title":"","_seopress_titles_desc":"","_seopress_robots_index":""},"product_brand":[3407],"product_cat":[5416,21,284,33,537],"product_tag":[3270],"class_list":{"0":"post-606209","1":"product","2":"type-product","3":"status-publish","4":"has-post-thumbnail","6":"product_brand-milwaukee","7":"product_cat-utensili-per-officina","8":"product_cat-abbigliamento","9":"product_cat-abbigliamento-da-lavoro","10":"product_cat-attrezzature","11":"product_cat-attrezzatura-da-lavoro","12":"product_tag-import-milwau","13":"sws-gruppo-abb-libero-de","14":"sws-conto-ricavi-merci-rivendita-abbigliamento-de","15":"sws-conto-ricavi-merci-rivendita-macchinari-de","16":"sws-gruppo-iva-iva81-de","18":"first","19":"onbackorder","20":"shipping-taxable","21":"purchasable","22":"product-type-simple"},"_links":{"self":[{"href":"https:\/\/lucacastelli.com\/de\/wp-json\/wp\/v2\/product\/606209","targetHints":{"allow":["GET"]}}],"collection":[{"href":"https:\/\/lucacastelli.com\/de\/wp-json\/wp\/v2\/product"}],"about":[{"href":"https:\/\/lucacastelli.com\/de\/wp-json\/wp\/v2\/types\/product"}],"wp:featuredmedia":[{"embeddable":true,"href":"https:\/\/lucacastelli.com\/de\/wp-json\/wp\/v2\/media\/540166"}],"wp:attachment":[{"href":"https:\/\/lucacastelli.com\/de\/wp-json\/wp\/v2\/media?parent=606209"}],"wp:term":[{"taxonomy":"product_brand","embeddable":true,"href":"https:\/\/lucacastelli.com\/de\/wp-json\/wp\/v2\/product_brand?post=606209"},{"taxonomy":"product_cat","embeddable":true,"href":"https:\/\/lucacastelli.com\/de\/wp-json\/wp\/v2\/product_cat?post=606209"},{"taxonomy":"product_tag","embeddable":true,"href":"https:\/\/lucacastelli.com\/de\/wp-json\/wp\/v2\/product_tag?post=606209"}],"curies":[{"name":"wp","href":"https:\/\/api.w.org\/{rel}","templated":true}]}}