{"id":606203,"date":"2025-08-08T17:54:22","date_gmt":"2025-08-08T15:54:22","guid":{"rendered":"https:\/\/lucacastelli.com\/prodotto\/milwaukee-m18-fuel-bohrhammer\/"},"modified":"2025-08-08T17:54:22","modified_gmt":"2025-08-08T15:54:22","slug":"milwaukee-m18-fuel-bohrhammer","status":"publish","type":"product","link":"https:\/\/lucacastelli.com\/de\/produkt\/milwaukee-m18-fuel-bohrhammer\/","title":{"rendered":"Milwaukee M18 FUEL Bohrhammer"},"content":{"rendered":"<p>M18FPD3-0 BOHRHAMMER<br \/>\nMit einem Drehmoment von 158 Nm kannst du die h\u00e4rtesten Arbeiten erledigen;Nur 175 mm lang. Erm\u00f6glicht den Zugang selbst zu den engsten Stellen;Dank der AUTOSTOP\u2122-Funktion sch\u00fctzt der Bohrer den Bediener vor einer \u00dcberdrehung des Gliedes. Der M18 FPD3 stoppt n\u00e4mlich automatisch, sch\u00fctzt den Benutzer und signalisiert die Aktivierung der AUTOSTOP\u2122-Funktion durch das Aufleuchten einer Kontrollleuchte an der Unterseite der Bohrmaschine;13-mm-Ganzmetallbohrfutter mit Hartmetallz\u00e4hnen f\u00fcr maximale Haltbarkeit und Bohrerhalt;Schnelle Anwendungen auch unter Belastung;POWERSTATE\u2122 b\u00fcrstenloser Motor liefert ein maximales Drehmoment, um die Arbeit zu erledigen; Display zeigt die verbleibende Ladung an; mechanische Kupplung erm\u00f6glicht die Verwendung einer Vielzahl von Schraubengr\u00f6\u00dfen und -typen; optimierte Elektronik f\u00fcr maximale Autonomie; FUEL Technologie definiert Akku-Elektrowerkzeuge neu. B\u00fcrstenloser Motor, REDLINK PLUS\u2122-Elektronik und REDLITHIUM\u2122-Akku bieten \u00fcberragende Leistung und Langlebigkeit;Funktioniert mit allen M18 Milwaukee\u00ae-Akkus  <\/p>\n<p>4933498060<br \/>\n4058546512200<\/p>\n","protected":false},"excerpt":{"rendered":"<p>M18FPD3-0 DRILL PERC.BATT.<\/p>\n","protected":false},"featured_media":581425,"template":"","meta":{"_seopress_robots_primary_cat":"","_seopress_titles_title":"","_seopress_titles_desc":"","_seopress_robots_index":""},"product_brand":[3407],"product_cat":[29,514,549],"product_tag":[3270],"class_list":{"0":"post-606203","1":"product","2":"type-product","3":"status-publish","4":"has-post-thumbnail","6":"product_brand-milwaukee","7":"product_cat-macchinari","8":"product_cat-altri-dispositivi","9":"product_cat-trapani-e-avvitatori","10":"product_tag-import-milwau","11":"sws-conto-ricavi-merci-rivendita-macchinari-de","12":"sws-gruppo-iva-iva81-de","14":"first","15":"onbackorder","16":"sale","17":"shipping-taxable","18":"purchasable","19":"product-type-simple"},"_links":{"self":[{"href":"https:\/\/lucacastelli.com\/de\/wp-json\/wp\/v2\/product\/606203","targetHints":{"allow":["GET"]}}],"collection":[{"href":"https:\/\/lucacastelli.com\/de\/wp-json\/wp\/v2\/product"}],"about":[{"href":"https:\/\/lucacastelli.com\/de\/wp-json\/wp\/v2\/types\/product"}],"wp:featuredmedia":[{"embeddable":true,"href":"https:\/\/lucacastelli.com\/de\/wp-json\/wp\/v2\/media\/581425"}],"wp:attachment":[{"href":"https:\/\/lucacastelli.com\/de\/wp-json\/wp\/v2\/media?parent=606203"}],"wp:term":[{"taxonomy":"product_brand","embeddable":true,"href":"https:\/\/lucacastelli.com\/de\/wp-json\/wp\/v2\/product_brand?post=606203"},{"taxonomy":"product_cat","embeddable":true,"href":"https:\/\/lucacastelli.com\/de\/wp-json\/wp\/v2\/product_cat?post=606203"},{"taxonomy":"product_tag","embeddable":true,"href":"https:\/\/lucacastelli.com\/de\/wp-json\/wp\/v2\/product_tag?post=606203"}],"curies":[{"name":"wp","href":"https:\/\/api.w.org\/{rel}","templated":true}]}}