{"id":606202,"date":"2025-08-08T17:54:25","date_gmt":"2025-08-08T15:54:25","guid":{"rendered":"https:\/\/lucacastelli.com\/prodotto\/milwaukee-m18-buerstenloser-kompaktbohrhammer\/"},"modified":"2025-08-08T17:54:25","modified_gmt":"2025-08-08T15:54:25","slug":"milwaukee-m18-buerstenloser-kompaktbohrhammer","status":"publish","type":"product","link":"https:\/\/lucacastelli.com\/de\/produkt\/milwaukee-m18-buerstenloser-kompaktbohrhammer\/","title":{"rendered":"Milwaukee M18 B\u00fcrstenloser Kompaktbohrhammer"},"content":{"rendered":"<p>M18BLPDRC-0X BOHRER\/SCHRAUBENDREHER REC.<br \/>\nDiese Schlagbohrmaschine misst nur 145 mm;13-mm-Metallbohrfutter bietet au\u00dfergew\u00f6hnlichen Halt f\u00fcr Bohrer oder Bits;Bestes Drehmoment-zu-Gr\u00f6\u00dfe-Verh\u00e4ltnis von 60 Nm;Ausgestattet mit umkehrbarem Metall-G\u00fcrtelhaken;Akkuladezustandsanzeige und LED-Licht zur Ausleuchtung des Einsatzbereichs;B\u00fcrstenloser Motor, REDLINK PLUS\u2122-Elektronik und REDLITHIUM\u2122-Akkupack bieten \u00fcberragende Leistung und Langlebigkeit;Funktioniert mit allen M18 Milwaukee\u00ae-Akkus;Optimierte Drehzahl f\u00fcr schnelleres Bohren und Befestigen (0 &#8211; 550\/ 0 &#8211; 1700 U\/min)<\/p>\n<p>4933492821<br \/>\n4058546476922<\/p>\n","protected":false},"excerpt":{"rendered":"<p>M18BLPDRC-0X BOHRER\/SCHRAUBENDREHER REC. <\/p>\n","protected":false},"featured_media":584206,"template":"","meta":{"_seopress_robots_primary_cat":"","_seopress_titles_title":"","_seopress_titles_desc":"","_seopress_robots_index":""},"product_brand":[3656],"product_cat":[169,1454,1553],"product_tag":[3272],"class_list":{"0":"post-606202","1":"product","2":"type-product","3":"status-publish","4":"has-post-thumbnail","6":"product_brand-milwaukee-de","7":"product_cat-maschinen","8":"product_cat-andere-gerate","9":"product_cat-bohrer-und-schraubendreher","10":"product_tag-import-milwau-de","11":"sws-conto-ricavi-merci-rivendita-macchinari-de","12":"sws-gruppo-iva-iva81-de","14":"first","15":"onbackorder","16":"sale","17":"shipping-taxable","18":"purchasable","19":"product-type-simple"},"_links":{"self":[{"href":"https:\/\/lucacastelli.com\/de\/wp-json\/wp\/v2\/product\/606202","targetHints":{"allow":["GET"]}}],"collection":[{"href":"https:\/\/lucacastelli.com\/de\/wp-json\/wp\/v2\/product"}],"about":[{"href":"https:\/\/lucacastelli.com\/de\/wp-json\/wp\/v2\/types\/product"}],"wp:featuredmedia":[{"embeddable":true,"href":"https:\/\/lucacastelli.com\/de\/wp-json\/wp\/v2\/media\/584206"}],"wp:attachment":[{"href":"https:\/\/lucacastelli.com\/de\/wp-json\/wp\/v2\/media?parent=606202"}],"wp:term":[{"taxonomy":"product_brand","embeddable":true,"href":"https:\/\/lucacastelli.com\/de\/wp-json\/wp\/v2\/product_brand?post=606202"},{"taxonomy":"product_cat","embeddable":true,"href":"https:\/\/lucacastelli.com\/de\/wp-json\/wp\/v2\/product_cat?post=606202"},{"taxonomy":"product_tag","embeddable":true,"href":"https:\/\/lucacastelli.com\/de\/wp-json\/wp\/v2\/product_tag?post=606202"}],"curies":[{"name":"wp","href":"https:\/\/api.w.org\/{rel}","templated":true}]}}