{"id":606196,"date":"2025-08-10T17:55:47","date_gmt":"2025-08-10T15:55:47","guid":{"rendered":"https:\/\/lucacastelli.com\/prodotto\/milwaukee-m18-fuel-elektrosaege-mit-40-cm-schiene\/"},"modified":"2025-08-10T17:55:47","modified_gmt":"2025-08-10T15:55:47","slug":"milwaukee-m18-fuel-elektrosaege-mit-40-cm-schiene","status":"publish","type":"product","link":"https:\/\/lucacastelli.com\/de\/produkt\/milwaukee-m18-fuel-elektrosaege-mit-40-cm-schiene\/","title":{"rendered":"Milwaukee M18 FUEL Elektros\u00e4ge mit 40 cm Schiene"},"content":{"rendered":"<p>M18 FUEL Elektros\u00e4ge mit 40 cm Schiene<br \/>\nM18 FCHS-122 \/ ELEKTRISCHE S\u00c4GEN<br \/>\nDie M18 FUEL-Kettens\u00e4ge liefert die gleiche Leistung wie die leistungsst\u00e4rksten Benzin-Kettens\u00e4gen;die FUEL-Technologie h\u00e4lt die Geschwindigkeit auch bei den anspruchsvollsten Anwendungen konstant und bietet eine bessere Leistung als eine 40-cm\u00b3-Motor-Kettens\u00e4ge;das HIGH OUTPUT\u2122-System erh\u00f6ht die Leistung und Reichweite der M18 FUEL-Technologie;die REDLINK PLUS\u2122-Elektronik bietet einen \u00dcberlastschutz und verbessert die Leistung des Werkzeugs unter Last;der 12.0 Ah-Akku bietet gleichbleibende Leistung und mehr Laufzeit;Erm\u00f6glicht bis zu 150 Schnitte in 100 mm x 100 mm Kiefernholz mit einer Akkuladung (12,0 Ah);Hochfeste Ganzmetallgetriebe;Variabler Geschwindigkeitsschalter f\u00fcr volle Leistungsregelung, sofortige Reaktion und volle Geschwindigkeit in weniger als 1 Sekunde;40 cm Bar, 9,5 mm Klingenteilung;Funktioniert mit allen Milwaukee M18-Akkus<\/p>\n<p>4933499217<br \/>\n4058546563813<\/p>\n","protected":false},"excerpt":{"rendered":"<p>M18 FCHS-122 \/ ELEKTRISCHE S\u00c4GEN<\/p>\n","protected":false},"featured_media":590866,"template":"","meta":{"_seopress_robots_primary_cat":"","_seopress_titles_title":"","_seopress_titles_desc":"","_seopress_robots_index":""},"product_brand":[3656],"product_cat":[1615,1612,169],"product_tag":[3272],"class_list":{"0":"post-606196","1":"product","2":"type-product","3":"status-publish","4":"has-post-thumbnail","6":"product_brand-milwaukee-de","7":"product_cat-akku-kettensagen","8":"product_cat-kettensagen","9":"product_cat-maschinen","10":"product_tag-import-milwau-de","11":"sws-conto-ricavi-merci-rivendita-macchinari-de","12":"sws-gruppo-iva-iva81-de","14":"first","15":"onbackorder","16":"sale","17":"shipping-taxable","18":"purchasable","19":"product-type-simple"},"_links":{"self":[{"href":"https:\/\/lucacastelli.com\/de\/wp-json\/wp\/v2\/product\/606196","targetHints":{"allow":["GET"]}}],"collection":[{"href":"https:\/\/lucacastelli.com\/de\/wp-json\/wp\/v2\/product"}],"about":[{"href":"https:\/\/lucacastelli.com\/de\/wp-json\/wp\/v2\/types\/product"}],"wp:featuredmedia":[{"embeddable":true,"href":"https:\/\/lucacastelli.com\/de\/wp-json\/wp\/v2\/media\/590866"}],"wp:attachment":[{"href":"https:\/\/lucacastelli.com\/de\/wp-json\/wp\/v2\/media?parent=606196"}],"wp:term":[{"taxonomy":"product_brand","embeddable":true,"href":"https:\/\/lucacastelli.com\/de\/wp-json\/wp\/v2\/product_brand?post=606196"},{"taxonomy":"product_cat","embeddable":true,"href":"https:\/\/lucacastelli.com\/de\/wp-json\/wp\/v2\/product_cat?post=606196"},{"taxonomy":"product_tag","embeddable":true,"href":"https:\/\/lucacastelli.com\/de\/wp-json\/wp\/v2\/product_tag?post=606196"}],"curies":[{"name":"wp","href":"https:\/\/api.w.org\/{rel}","templated":true}]}}