{"id":606193,"date":"2025-08-10T18:32:08","date_gmt":"2025-08-10T16:32:08","guid":{"rendered":"https:\/\/lucacastelli.com\/prodotto\/milwaukee-adapter-kit-fuer-rothenberger-super-cut-steckschluesseleinsaetze\/"},"modified":"2025-08-10T18:32:08","modified_gmt":"2025-08-10T16:32:08","slug":"milwaukee-adapter-kit-fuer-rothenberger-super-cut-steckschluesseleinsaetze","status":"publish","type":"product","link":"https:\/\/lucacastelli.com\/de\/produkt\/milwaukee-adapter-kit-fuer-rothenberger-super-cut-steckschluesseleinsaetze\/","title":{"rendered":"Milwaukee Adapter Kit f\u00fcr Rothenberger SUPER CUT Steckschl\u00fcsseleins\u00e4tze"},"content":{"rendered":"<p>KIT ADAT BUSS ROTHENBERGER SUPER CAT<br \/>\nAdapter Kit Gewindebuchse 2\u02dd M18 FUEL;Kleiner Adapter f\u00fcr 1\/8\u02dd bis 1-1\/4\u02dd;Gro\u00dfer Adapter f\u00fcr 1-1\/2\u02dd bis 2\u02dd<\/p>\n<p>4932478840<br \/>\n4058546361228<\/p>\n","protected":false},"excerpt":{"rendered":"<p>ROTHENBERGER SUPER CAT ADAT BUSS KIT<\/p>\n","protected":false},"featured_media":541997,"template":"","meta":{"_seopress_robots_primary_cat":"","_seopress_titles_title":"","_seopress_titles_desc":"","_seopress_robots_index":""},"product_brand":[3407],"product_cat":[29,514,549,550],"product_tag":[3270],"class_list":{"0":"post-606193","1":"product","2":"type-product","3":"status-publish","4":"has-post-thumbnail","6":"product_brand-milwaukee","7":"product_cat-macchinari","8":"product_cat-altri-dispositivi","9":"product_cat-trapani-e-avvitatori","10":"product_cat-accessori-per-trapani-ed-avvitatori","11":"product_tag-import-milwau","12":"sws-conto-ricavi-merci-rivendita-macchinari-de","13":"sws-gruppo-iva-iva81-de","15":"first","16":"onbackorder","17":"sale","18":"shipping-taxable","19":"purchasable","20":"product-type-simple"},"_links":{"self":[{"href":"https:\/\/lucacastelli.com\/de\/wp-json\/wp\/v2\/product\/606193","targetHints":{"allow":["GET"]}}],"collection":[{"href":"https:\/\/lucacastelli.com\/de\/wp-json\/wp\/v2\/product"}],"about":[{"href":"https:\/\/lucacastelli.com\/de\/wp-json\/wp\/v2\/types\/product"}],"wp:featuredmedia":[{"embeddable":true,"href":"https:\/\/lucacastelli.com\/de\/wp-json\/wp\/v2\/media\/541997"}],"wp:attachment":[{"href":"https:\/\/lucacastelli.com\/de\/wp-json\/wp\/v2\/media?parent=606193"}],"wp:term":[{"taxonomy":"product_brand","embeddable":true,"href":"https:\/\/lucacastelli.com\/de\/wp-json\/wp\/v2\/product_brand?post=606193"},{"taxonomy":"product_cat","embeddable":true,"href":"https:\/\/lucacastelli.com\/de\/wp-json\/wp\/v2\/product_cat?post=606193"},{"taxonomy":"product_tag","embeddable":true,"href":"https:\/\/lucacastelli.com\/de\/wp-json\/wp\/v2\/product_tag?post=606193"}],"curies":[{"name":"wp","href":"https:\/\/api.w.org\/{rel}","templated":true}]}}