{"id":606186,"date":"2025-08-10T18:32:05","date_gmt":"2025-08-10T16:32:05","guid":{"rendered":"https:\/\/lucacastelli.com\/prodotto\/milwaukee-switchblade-5-bit-kit-%e2%8c%8035-38-54-65-mm-140-mm-quik-lok-verlaengerung\/"},"modified":"2025-08-10T18:32:05","modified_gmt":"2025-08-10T16:32:05","slug":"milwaukee-switchblade-5-bit-kit-%e2%8c%8035-38-54-65-mm-140-mm-quik-lok-verlaengerung","status":"publish","type":"product","link":"https:\/\/lucacastelli.com\/de\/produkt\/milwaukee-switchblade-5-bit-kit-%e2%8c%8035-38-54-65-mm-140-mm-quik-lok-verlaengerung\/","title":{"rendered":"Milwaukee SWITCHBLADE\u2122 5 Bit-Kit: \u230035 \/ 38 \/ 54 \/ 65 mm, 140 mm QUIK-LOK-Verl\u00e4ngerung"},"content":{"rendered":"<p>SET SELFEED BITS SWITCHBLADE 5 PZ<br \/>\nSWITCHBLADE Ersatzklingen. Das SWITCHBLADE-Wechselklingensystem sorgt daf\u00fcr, dass deine Klinge immer scharf ist. Das steigert die Produktivit\u00e4t, indem es Ausfallzeiten durch Nachsch\u00e4rfen vermeidet und die Gesamtlebensdauer des Bits erh\u00f6ht;Anwendungen: Einlassl\u00f6cher f\u00fcr Kupfer-\/Stahl-\/PVC-\/Pex-Rohre, Einlassl\u00f6cher f\u00fcr gro\u00dfe Rohre und Kan\u00e4le, Durchgangsl\u00f6cher f\u00fcr Dr\u00e4hte und Kabel, f\u00fcr alle L\u00f6cher \u00fcber 30 mm und wo es keine Alternative gibt  <\/p>\n<p>4932479503<br \/>\n4058546372972<\/p>\n","protected":false},"excerpt":{"rendered":"<p>SELFEED BITS SWITCHBLADE SET 5 PCS<\/p>\n","protected":false},"featured_media":544085,"template":"","meta":{"_seopress_robots_primary_cat":"","_seopress_titles_title":"","_seopress_titles_desc":"","_seopress_robots_index":""},"product_brand":[3656],"product_cat":[169,1454,1553,1554],"product_tag":[3270],"class_list":{"0":"post-606186","1":"product","2":"type-product","3":"status-publish","4":"has-post-thumbnail","6":"product_brand-milwaukee-de","7":"product_cat-maschinen","8":"product_cat-andere-gerate","9":"product_cat-bohrer-und-schraubendreher","10":"product_cat-zubehor-fur-bohrmaschinen-und-schraubendreher","11":"product_tag-import-milwau","12":"sws-conto-ricavi-merci-rivendita-macchinari-de","13":"sws-gruppo-iva-iva81-de","15":"first","16":"onbackorder","17":"sale","18":"shipping-taxable","19":"purchasable","20":"product-type-simple"},"_links":{"self":[{"href":"https:\/\/lucacastelli.com\/de\/wp-json\/wp\/v2\/product\/606186","targetHints":{"allow":["GET"]}}],"collection":[{"href":"https:\/\/lucacastelli.com\/de\/wp-json\/wp\/v2\/product"}],"about":[{"href":"https:\/\/lucacastelli.com\/de\/wp-json\/wp\/v2\/types\/product"}],"wp:featuredmedia":[{"embeddable":true,"href":"https:\/\/lucacastelli.com\/de\/wp-json\/wp\/v2\/media\/544085"}],"wp:attachment":[{"href":"https:\/\/lucacastelli.com\/de\/wp-json\/wp\/v2\/media?parent=606186"}],"wp:term":[{"taxonomy":"product_brand","embeddable":true,"href":"https:\/\/lucacastelli.com\/de\/wp-json\/wp\/v2\/product_brand?post=606186"},{"taxonomy":"product_cat","embeddable":true,"href":"https:\/\/lucacastelli.com\/de\/wp-json\/wp\/v2\/product_cat?post=606186"},{"taxonomy":"product_tag","embeddable":true,"href":"https:\/\/lucacastelli.com\/de\/wp-json\/wp\/v2\/product_tag?post=606186"}],"curies":[{"name":"wp","href":"https:\/\/api.w.org\/{rel}","templated":true}]}}