{"id":606176,"date":"2025-08-10T18:32:04","date_gmt":"2025-08-10T16:32:04","guid":{"rendered":"https:\/\/lucacastelli.com\/prodotto\/milwaukee-innensechskant-shw-1-2-std-17mm-1st\/"},"modified":"2025-08-10T18:32:04","modified_gmt":"2025-08-10T16:32:04","slug":"milwaukee-innensechskant-shw-1-2-std-17mm-1st","status":"publish","type":"product","link":"https:\/\/lucacastelli.com\/de\/produkt\/milwaukee-innensechskant-shw-1-2-std-17mm-1st\/","title":{"rendered":"Milwaukee Innensechskant ShW 1\/2 STD 17mm-1St."},"content":{"rendered":"<p>Innensechskant ShW 1\/2 STD 17mm-1pc<br \/>\nSHOCKWAVE\u2122 IMPACT DUTY (Chrom-Molybd\u00e4n)-Stahl ist eine hochwertige Stahllegierung, die maximale Festigkeit und Haltbarkeit bietet;6 Griffpunkte f\u00fcr maximale Pr\u00e4zision;Abgeschr\u00e4gte Ecken erm\u00f6glichen eine bessere Drehmoment\u00fcbertragung und vermeiden \u00fcberm\u00e4\u00dfige Belastung in den Ecken;Der lasergravierte Durchmesser und die wei\u00dfe Tinte erm\u00f6glichen eine einfache Ablesbarkeit und maximale Haltbarkeit; Durchgangsbohrung und Nut zur Aufnahme von Sicherheitszubeh\u00f6r<\/p>\n<p>4932480311<br \/>\n4058546405960<\/p>\n","protected":false},"excerpt":{"rendered":"<p>Innensechskant ShW 1\/2 STD 17mm-1St.<\/p>\n","protected":false},"featured_media":547805,"template":"","meta":{"_seopress_robots_primary_cat":"","_seopress_titles_title":"","_seopress_titles_desc":"","_seopress_robots_index":""},"product_brand":[3407],"product_cat":[29,514,549,550],"product_tag":[3270],"class_list":{"0":"post-606176","1":"product","2":"type-product","3":"status-publish","4":"has-post-thumbnail","6":"product_brand-milwaukee","7":"product_cat-macchinari","8":"product_cat-altri-dispositivi","9":"product_cat-trapani-e-avvitatori","10":"product_cat-accessori-per-trapani-ed-avvitatori","11":"product_tag-import-milwau","12":"sws-conto-ricavi-merci-rivendita-macchinari-de","13":"sws-gruppo-iva-iva81-de","15":"first","16":"onbackorder","17":"sale","18":"shipping-taxable","19":"purchasable","20":"product-type-simple"},"_links":{"self":[{"href":"https:\/\/lucacastelli.com\/de\/wp-json\/wp\/v2\/product\/606176","targetHints":{"allow":["GET"]}}],"collection":[{"href":"https:\/\/lucacastelli.com\/de\/wp-json\/wp\/v2\/product"}],"about":[{"href":"https:\/\/lucacastelli.com\/de\/wp-json\/wp\/v2\/types\/product"}],"wp:featuredmedia":[{"embeddable":true,"href":"https:\/\/lucacastelli.com\/de\/wp-json\/wp\/v2\/media\/547805"}],"wp:attachment":[{"href":"https:\/\/lucacastelli.com\/de\/wp-json\/wp\/v2\/media?parent=606176"}],"wp:term":[{"taxonomy":"product_brand","embeddable":true,"href":"https:\/\/lucacastelli.com\/de\/wp-json\/wp\/v2\/product_brand?post=606176"},{"taxonomy":"product_cat","embeddable":true,"href":"https:\/\/lucacastelli.com\/de\/wp-json\/wp\/v2\/product_cat?post=606176"},{"taxonomy":"product_tag","embeddable":true,"href":"https:\/\/lucacastelli.com\/de\/wp-json\/wp\/v2\/product_tag?post=606176"}],"curies":[{"name":"wp","href":"https:\/\/api.w.org\/{rel}","templated":true}]}}