{"id":606170,"date":"2025-08-10T18:32:03","date_gmt":"2025-08-10T16:32:03","guid":{"rendered":"https:\/\/lucacastelli.com\/prodotto\/milwaukee-hex-skt-shw-packout-3-8-tief-satz-19-st\/"},"modified":"2025-08-10T18:32:03","modified_gmt":"2025-08-10T16:32:03","slug":"milwaukee-hex-skt-shw-packout-3-8-tief-satz-19-st","status":"publish","type":"product","link":"https:\/\/lucacastelli.com\/de\/produkt\/milwaukee-hex-skt-shw-packout-3-8-tief-satz-19-st\/","title":{"rendered":"Milwaukee Hex skt. ShW PACKOUT 3\/8 tief Satz-19 St."},"content":{"rendered":"<p>Hex skt. ShW Packout 3\/8 Deep Set-19pc<br \/>\nSHOCKWAVE\u2122 IMPACT DUTY (Chrom-Molybd\u00e4n) Stahl ist eine hochwertige Stahllegierung, die maximale Festigkeit und Haltbarkeit bietet;6 Griffpunkte f\u00fcr maximale Pr\u00e4zision;Abgeschr\u00e4gte Ecken erm\u00f6glichen eine bessere Drehmoment\u00fcbertragung und vermeiden \u00fcberm\u00e4\u00dfige Spannungen in den Ecken;Lasergravierter Durchmesser und gef\u00fcllt mit wei\u00dfer Tinte erm\u00f6glicht eine einfache Lesbarkeit und maximale Haltbarkeit;Durchgangsloch-Design und Nut zur Aufnahme von Sicherheitszubeh\u00f6r <\/p>\n<p>4932480946<br \/>\n4058546412319<\/p>\n","protected":false},"excerpt":{"rendered":"<p>Sechskant skt. ShW PACKOUT\u2122 3\/8 tief Satz-19 St. <\/p>\n","protected":false},"featured_media":554571,"template":"","meta":{"_seopress_robots_primary_cat":"","_seopress_titles_title":"","_seopress_titles_desc":"","_seopress_robots_index":""},"product_brand":[3407],"product_cat":[29,514,549,550],"product_tag":[3270],"class_list":{"0":"post-606170","1":"product","2":"type-product","3":"status-publish","4":"has-post-thumbnail","6":"product_brand-milwaukee","7":"product_cat-macchinari","8":"product_cat-altri-dispositivi","9":"product_cat-trapani-e-avvitatori","10":"product_cat-accessori-per-trapani-ed-avvitatori","11":"product_tag-import-milwau","12":"sws-conto-ricavi-merci-rivendita-macchinari-de","13":"sws-gruppo-iva-iva81-de","15":"first","16":"onbackorder","17":"sale","18":"shipping-taxable","19":"purchasable","20":"product-type-simple"},"_links":{"self":[{"href":"https:\/\/lucacastelli.com\/de\/wp-json\/wp\/v2\/product\/606170","targetHints":{"allow":["GET"]}}],"collection":[{"href":"https:\/\/lucacastelli.com\/de\/wp-json\/wp\/v2\/product"}],"about":[{"href":"https:\/\/lucacastelli.com\/de\/wp-json\/wp\/v2\/types\/product"}],"wp:featuredmedia":[{"embeddable":true,"href":"https:\/\/lucacastelli.com\/de\/wp-json\/wp\/v2\/media\/554571"}],"wp:attachment":[{"href":"https:\/\/lucacastelli.com\/de\/wp-json\/wp\/v2\/media?parent=606170"}],"wp:term":[{"taxonomy":"product_brand","embeddable":true,"href":"https:\/\/lucacastelli.com\/de\/wp-json\/wp\/v2\/product_brand?post=606170"},{"taxonomy":"product_cat","embeddable":true,"href":"https:\/\/lucacastelli.com\/de\/wp-json\/wp\/v2\/product_cat?post=606170"},{"taxonomy":"product_tag","embeddable":true,"href":"https:\/\/lucacastelli.com\/de\/wp-json\/wp\/v2\/product_tag?post=606170"}],"curies":[{"name":"wp","href":"https:\/\/api.w.org\/{rel}","templated":true}]}}