{"id":606145,"date":"2025-08-10T17:55:44","date_gmt":"2025-08-10T15:55:44","guid":{"rendered":"https:\/\/lucacastelli.com\/prodotto\/milwaukee-m18-fuel-elektrosaege-mit-35-cm-schiene\/"},"modified":"2025-08-10T17:55:44","modified_gmt":"2025-08-10T15:55:44","slug":"milwaukee-m18-fuel-elektrosaege-mit-35-cm-schiene","status":"publish","type":"product","link":"https:\/\/lucacastelli.com\/de\/produkt\/milwaukee-m18-fuel-elektrosaege-mit-35-cm-schiene\/","title":{"rendered":"Milwaukee M18 FUEL Elektros\u00e4ge mit 35 cm Schiene"},"content":{"rendered":"<p>M18 FUEL Elektros\u00e4ge mit 35 cm Schiene<br \/>\nM18 FCHS35-122 \/ ELEKTRISCHE S\u00c4GEN<br \/>\nBietet maximale Leistung f\u00fcr die h\u00e4rtesten Anwendungen und \u00fcbertrifft die Leistung von Benzin-Kettens\u00e4gen;Sorgt f\u00fcr konstante Geschwindigkeit, kein Abbremsen;HIGH OUTPUT\u2122 System, erh\u00f6ht die Leistung und Reichweite der M18 FUEL Technologie;Erm\u00f6glicht bis zu 150 Schnitte auf 100 mm x 100 mm Kiefernholz mit einem 12,0 Ah M18\u2122 HIGH OUTPUT\u2122 Akku.0 Ah;Hochfeste Ganzmetallgetriebe;Variabler Geschwindigkeitsschalter f\u00fcr volle Leistungskontrolle, sofortige Reaktion und volle Geschwindigkeit in weniger als 1 Sekunde;Ganzmetallz\u00e4hne f\u00fcr gr\u00f6\u00dfere Hebelwirkung;Leicht zug\u00e4nglicher, auslaufsicherer \u00d6lbeh\u00e4lter;Funktioniert mit allen Milwaukee\u00ae M18-Akkus<\/p>\n<p>4933499223<br \/>\n4058546563875<\/p>\n","protected":false},"excerpt":{"rendered":"<p>M18 FCHS35-122 \/ ELEKTRISCHE S\u00c4GEN<\/p>\n","protected":false},"featured_media":600673,"template":"","meta":{"_seopress_robots_primary_cat":"","_seopress_titles_title":"","_seopress_titles_desc":"","_seopress_robots_index":""},"product_brand":[3407],"product_cat":[29,268,528],"product_tag":[3270],"class_list":{"0":"post-606145","1":"product","2":"type-product","3":"status-publish","4":"has-post-thumbnail","6":"product_brand-milwaukee","7":"product_cat-macchinari","8":"product_cat-motoseghe","9":"product_cat-motoseghe-a-batteria","10":"product_tag-import-milwau","11":"sws-conto-ricavi-merci-rivendita-macchinari-de","12":"sws-gruppo-iva-iva81-de","14":"first","15":"onbackorder","16":"sale","17":"shipping-taxable","18":"purchasable","19":"product-type-simple"},"_links":{"self":[{"href":"https:\/\/lucacastelli.com\/de\/wp-json\/wp\/v2\/product\/606145","targetHints":{"allow":["GET"]}}],"collection":[{"href":"https:\/\/lucacastelli.com\/de\/wp-json\/wp\/v2\/product"}],"about":[{"href":"https:\/\/lucacastelli.com\/de\/wp-json\/wp\/v2\/types\/product"}],"wp:featuredmedia":[{"embeddable":true,"href":"https:\/\/lucacastelli.com\/de\/wp-json\/wp\/v2\/media\/600673"}],"wp:attachment":[{"href":"https:\/\/lucacastelli.com\/de\/wp-json\/wp\/v2\/media?parent=606145"}],"wp:term":[{"taxonomy":"product_brand","embeddable":true,"href":"https:\/\/lucacastelli.com\/de\/wp-json\/wp\/v2\/product_brand?post=606145"},{"taxonomy":"product_cat","embeddable":true,"href":"https:\/\/lucacastelli.com\/de\/wp-json\/wp\/v2\/product_cat?post=606145"},{"taxonomy":"product_tag","embeddable":true,"href":"https:\/\/lucacastelli.com\/de\/wp-json\/wp\/v2\/product_tag?post=606145"}],"curies":[{"name":"wp","href":"https:\/\/api.w.org\/{rel}","templated":true}]}}