{"id":606142,"date":"2025-08-10T17:55:46","date_gmt":"2025-08-10T15:55:46","guid":{"rendered":"https:\/\/lucacastelli.com\/prodotto\/milwaukee-m18-fuel-elektrosaege-mit-30-cm-schiene\/"},"modified":"2025-08-10T17:55:46","modified_gmt":"2025-08-10T15:55:46","slug":"milwaukee-m18-fuel-elektrosaege-mit-30-cm-schiene","status":"publish","type":"product","link":"https:\/\/lucacastelli.com\/de\/produkt\/milwaukee-m18-fuel-elektrosaege-mit-30-cm-schiene\/","title":{"rendered":"Milwaukee M18 FUEL Elektros\u00e4ge mit 30 cm Schiene"},"content":{"rendered":"<p>M18 FUEL Elektros\u00e4ge mit 30 cm Schiene<br \/>\nM18 FCHSC-122 \/ ELEKTRISCHE S\u00c4GEN<br \/>\nDie FUEL Technologie h\u00e4lt die Geschwindigkeit auch bei den anspruchsvollsten Anwendungen konstant und bietet eine bessere Leistung als eine Kettens\u00e4ge mit einem 40-cm\u00b3-Motor;HIGH OUTPUT\u2122 System, erh\u00f6ht die Leistung und Reichweite der M18 FUEL Technologie;Erm\u00f6glicht bis zu 150 Schnitte in 100 mm x 100 mm Kiefernholz mit einer einzigen Akkuladung (12.0 Ah);30 cm lange Schiene f\u00fcr Anwendungen in engen Bereichen, 9,5 mm Klingenteilung;Variabler Geschwindigkeitsschalter f\u00fcr volle Leistung, sofortige Reaktion und volle Geschwindigkeit in weniger als 1 Sekunde;Metallz\u00e4hne am unteren Ende der Schiene f\u00fcr zus\u00e4tzliche Hebelwirkung beim Schneiden;Leicht erreichbarer \u00d6ltank mit F\u00fcllstandskontrollfenster;Funktioniert mit allen M18 Milwaukee\u00ae Batterien<\/p>\n<p>4933499219<br \/>\n4058546563837<\/p>\n","protected":false},"excerpt":{"rendered":"<p>M18 FCHSC-122 \/ ELEKTRISCHE S\u00c4GEN<\/p>\n","protected":false},"featured_media":590900,"template":"","meta":{"_seopress_robots_primary_cat":"","_seopress_titles_title":"","_seopress_titles_desc":"","_seopress_robots_index":""},"product_brand":[3407],"product_cat":[29,268,528],"product_tag":[3270],"class_list":{"0":"post-606142","1":"product","2":"type-product","3":"status-publish","4":"has-post-thumbnail","6":"product_brand-milwaukee","7":"product_cat-macchinari","8":"product_cat-motoseghe","9":"product_cat-motoseghe-a-batteria","10":"product_tag-import-milwau","11":"sws-conto-ricavi-merci-rivendita-macchinari-de","12":"sws-gruppo-iva-iva81-de","14":"first","15":"onbackorder","16":"sale","17":"shipping-taxable","18":"purchasable","19":"product-type-simple"},"_links":{"self":[{"href":"https:\/\/lucacastelli.com\/de\/wp-json\/wp\/v2\/product\/606142","targetHints":{"allow":["GET"]}}],"collection":[{"href":"https:\/\/lucacastelli.com\/de\/wp-json\/wp\/v2\/product"}],"about":[{"href":"https:\/\/lucacastelli.com\/de\/wp-json\/wp\/v2\/types\/product"}],"wp:featuredmedia":[{"embeddable":true,"href":"https:\/\/lucacastelli.com\/de\/wp-json\/wp\/v2\/media\/590900"}],"wp:attachment":[{"href":"https:\/\/lucacastelli.com\/de\/wp-json\/wp\/v2\/media?parent=606142"}],"wp:term":[{"taxonomy":"product_brand","embeddable":true,"href":"https:\/\/lucacastelli.com\/de\/wp-json\/wp\/v2\/product_brand?post=606142"},{"taxonomy":"product_cat","embeddable":true,"href":"https:\/\/lucacastelli.com\/de\/wp-json\/wp\/v2\/product_cat?post=606142"},{"taxonomy":"product_tag","embeddable":true,"href":"https:\/\/lucacastelli.com\/de\/wp-json\/wp\/v2\/product_tag?post=606142"}],"curies":[{"name":"wp","href":"https:\/\/api.w.org\/{rel}","templated":true}]}}