{"id":606140,"date":"2025-08-10T17:55:42","date_gmt":"2025-08-10T15:55:42","guid":{"rendered":"https:\/\/lucacastelli.com\/prodotto\/milwaukee-elektrische-astsaege-m18-fuel-20-cm\/"},"modified":"2025-08-10T17:55:42","modified_gmt":"2025-08-10T15:55:42","slug":"milwaukee-elektrische-astsaege-m18-fuel-20-cm","status":"publish","type":"product","link":"https:\/\/lucacastelli.com\/de\/produkt\/milwaukee-elektrische-astsaege-m18-fuel-20-cm\/","title":{"rendered":"Milwaukee Elektrische Asts\u00e4ge M18 FUEL 20 cm"},"content":{"rendered":"<p>M18 FHS20-552 \/GARTENGER\u00c4TE<br \/>\nDie M18 FUEL elektrische Baums\u00e4ge bietet un\u00fcbertroffene Leistung und Drehmoment, sodass 20 cm lange Harth\u00f6lzer ohne Verlangsamung geschnitten werden k\u00f6nnen;Entwickelt, um Haltbarkeit, Leistung und Ergonomie f\u00fcr alle professionellen Landschaftsg\u00e4rtner zu bieten;Kompaktes Design f\u00fcr maximale Kontrolle und Man\u00f6vrierbarkeit in engen R\u00e4umen;Bis zu 180 Schnitte von 10 x 10 cm in Zedernholz mit einem 5.5 Ah;Einfacher Zugang zum Kettenspanner;Variabler Geschwindigkeitsschalter, f\u00fcr die richtige Kontrolle;Metallz\u00e4hne f\u00fcr mehr Hebelkraft bei der Anwendung;Selbstschmierend, f\u00fcr maximale Benutzerfreundlichkeit und richtige Kettenschmierung;Platz am Ger\u00e4t f\u00fcr die Aufbewahrung von Kleinwerkzeugen;FUEL Technologie definiert schnurlose Elektrowerkzeuge neu. Der b\u00fcrstenlose Motor, die REDLINK PLUS\u2122-Elektronik und der REDLITHIUM\u2122-Akku bieten \u00fcberragende Leistung und Langlebigkeit;Funktioniert mit allen M18 Milwaukee\u00ae-Akkus <\/p>\n<p>4933480118<br \/>\n4058546404031<\/p>\n","protected":false},"excerpt":{"rendered":"<p>M18 FHS20-552 \/GARTENGER\u00c4TE<\/p>\n","protected":false},"featured_media":600762,"template":"","meta":{"_seopress_robots_primary_cat":"","_seopress_titles_title":"","_seopress_titles_desc":"","_seopress_robots_index":""},"product_brand":[3407],"product_cat":[29,268,528],"product_tag":[3270],"class_list":{"0":"post-606140","1":"product","2":"type-product","3":"status-publish","4":"has-post-thumbnail","6":"product_brand-milwaukee","7":"product_cat-macchinari","8":"product_cat-motoseghe","9":"product_cat-motoseghe-a-batteria","10":"product_tag-import-milwau","11":"sws-conto-ricavi-merci-rivendita-macchinari-de","12":"sws-gruppo-iva-iva81-de","14":"first","15":"onbackorder","16":"sale","17":"shipping-taxable","18":"purchasable","19":"product-type-simple"},"_links":{"self":[{"href":"https:\/\/lucacastelli.com\/de\/wp-json\/wp\/v2\/product\/606140","targetHints":{"allow":["GET"]}}],"collection":[{"href":"https:\/\/lucacastelli.com\/de\/wp-json\/wp\/v2\/product"}],"about":[{"href":"https:\/\/lucacastelli.com\/de\/wp-json\/wp\/v2\/types\/product"}],"wp:featuredmedia":[{"embeddable":true,"href":"https:\/\/lucacastelli.com\/de\/wp-json\/wp\/v2\/media\/600762"}],"wp:attachment":[{"href":"https:\/\/lucacastelli.com\/de\/wp-json\/wp\/v2\/media?parent=606140"}],"wp:term":[{"taxonomy":"product_brand","embeddable":true,"href":"https:\/\/lucacastelli.com\/de\/wp-json\/wp\/v2\/product_brand?post=606140"},{"taxonomy":"product_cat","embeddable":true,"href":"https:\/\/lucacastelli.com\/de\/wp-json\/wp\/v2\/product_cat?post=606140"},{"taxonomy":"product_tag","embeddable":true,"href":"https:\/\/lucacastelli.com\/de\/wp-json\/wp\/v2\/product_tag?post=606140"}],"curies":[{"name":"wp","href":"https:\/\/api.w.org\/{rel}","templated":true}]}}