{"id":606137,"date":"2025-08-10T17:48:52","date_gmt":"2025-08-10T15:48:52","guid":{"rendered":"https:\/\/lucacastelli.com\/prodotto\/milwaukee-m18-one-key-kit-schlagbohrmaschine-schlagschrauber-%c2%bc-%e2%80%b3-hex-18v\/"},"modified":"2026-03-02T16:17:42","modified_gmt":"2026-03-02T15:17:42","slug":"milwaukee-m18-one-key-kit-schlagbohrmaschine-schlagschrauber-%c2%bc-%e2%80%b3-hex-18v","status":"publish","type":"product","link":"https:\/\/lucacastelli.com\/de\/produkt\/milwaukee-m18-one-key-kit-schlagbohrmaschine-schlagschrauber-%c2%bc-%e2%80%b3-hex-18v\/","title":{"rendered":"MILWAUKEE Set M18\u2122 ONE-KEY\u2122 Schlagbohrmaschine + Drehschlagschrauber \u00bc\u2033 hex (18V)"},"content":{"rendered":"<p>M18ONEPP2A3-502X\/PROMOTION KIT<br \/>\nM18ONEPD3-0X\/BOHRMASCHINEN: 158 Nm Drehmoment; Nur 175 mm lang. Erm\u00f6glicht den Zugang auch in engste R\u00e4ume; Bluetooth\u00ae-Verbindung mit der ONE-KEY\u2122-App; Speichert bis zu 3 Einstellungen; Das ONE-KEY\u2122 Tracking &amp; Security System bietet kostenlos einen cloudbasierten Tracking- und Inventarverwaltungsservice mit Fernverriegelungsfunktion; Triggereinstellung \u00fcber die ONE-KEY\u2122-App; Einstellungen k\u00f6nnen f\u00fcr wiederholte Anwendungen ge\u00e4ndert und gespeichert werden; Geschwindigkeitseinstellung, AUTOSTOP\u2122-Kontrolle, Anzeige der optimalen Geschwindigkeit nach Materialart und Anwendung, Einstellung der LED-Helligkeit; Metallg\u00fcrtelclip; Funktioniert mit allen M18\u2122 MILWAUKEE\u00ae Akkus; M18ONEID3-0X\/SECHSKANTAUFNAHME: Speichert bis zu 4 Einstellungen; Bluetooth\u00ae-Verbindung mit der ONE-KEY\u2122-App; Noch schneller als die Vorg\u00e4ngerversion: bis zu 3900 U\/min und 4400 Schl\u00e4ge\/min; Extrem kompakt, nur 113 mm; Triggereinstellung \u00fcber die ONE-KEY\u2122-App; Einstellungen k\u00f6nnen f\u00fcr wiederholte Anwendungen ge\u00e4ndert und gespeichert werden; Geschwindigkeitseinstellung, Pr\u00e4zisionsmodus (f\u00fcr konstante Drehmomente bei wiederholten Anwendungen), M\u00f6glichkeit zur Einstellung des Blechschrauben-Modus optimiert f\u00fcr Metall-auf-Metall-Verschraubungen, Einstellung der LED-Helligkeit; Metallg\u00fcrtelclip; M18 B5\/AKKU 18V: Bis zu 2,5-mal l\u00e4ngere Laufzeit, bis zu 20 % mehr Leistung und 2-mal l\u00e4ngere Lebensdauer (im Vergleich zu anderen Lithium-Ionen-Akkus und\/oder fr\u00fcherer Milwaukee-Technologie. Die Ergebnisse h\u00e4ngen von Spannung, Werkzeug und Anwendung ab); Milwaukee\u00ae REDLINK\u2122-Elektronik \u2013 sch\u00fctzt den Akku unter extremen Bedingungen und maximiert die Zellenleistung; Konstante \u00dcberwachung jeder einzelnen Zelle zur Sicherstellung des Lade- und Entladezyklus; Perfekt fixierte Zellen f\u00fcr erh\u00f6hte Robustheit des Akkus und interne Sto\u00dfd\u00e4mpfer zur Vermeidung von Besch\u00e4digungen durch Vibrationen oder St\u00fcrze; Schutzelement, das Wassereintritte von der Elektronik nach au\u00dfen ableitet; Betrieb bei Temperaturen bis -20\u00b0; LED-Ladestandsanzeige zur jederzeitigen Anzeige der Restladung; Gummibeschichtung; Verbesserte Ableitung der Innentemperatur; M18 B5\/AKKU 18V: Bis zu 2,5-mal l\u00e4ngere Laufzeit, bis zu 20 % mehr Leistung und 2-mal l\u00e4ngere Lebensdauer (im Vergleich zu anderen Lithium-Ionen-Akkus und\/oder fr\u00fcherer Milwaukee-Technologie. Die Ergebnisse h\u00e4ngen von Spannung, Werkzeug und Anwendung ab); Milwaukee\u00ae REDLINK\u2122-Elektronik \u2013 sch\u00fctzt den Akku unter extremen Bedingungen und maximiert die Zellenleistung; Konstante \u00dcberwachung jeder einzelnen Zelle zur Sicherstellung des Lade- und Entladezyklus; Perfekt fixierte Zellen f\u00fcr erh\u00f6hte Robustheit des Akkus und interne Sto\u00dfd\u00e4mpfer zur Vermeidung von Besch\u00e4digungen durch Vibrationen oder St\u00fcrze; Schutzelement, das Wassereintritte von der Elektronik nach au\u00dfen ableitet; Betrieb bei Temperaturen bis -20\u00b0; LED-Ladestandsanzeige zur jederzeitigen Anzeige der Restladung; Gummibeschichtung; Verbesserte Ableitung der Innentemperatur; M12-18 FC\/LADEGER\u00c4T: L\u00e4dt alle M18\u2122, M14\u2122 und M12\u2122 REDLITHIUM-Akkus; Sequenzielles Laden \u2013 der zuerst eingesetzte Akku wird zuerst geladen \u2013 weniger Zeitaufwand f\u00fcr die Ladeverwaltung; Ladezeit der M12\u2122 REDLITHIUM\u2122 Akkus 2,0 Ah und 2,5 Ah 26 min, 3,0 Ah 50 min, 4,0 Ah und 5 Ah 52 min, 6,0 Ah 95 min; Ladezeit der M18\u2122 REDLITHIUM\u2122 Akkus 2,0 Ah \/ 4,0 Ah \/ 5,0 Ah betr\u00e4gt ca. 26 min \/ 52 min \/ 59 min; Kompatibel mit allen MILWAUKEE\u00ae M12\u2122 und M18\u2122 Akkus<\/p>\n<p>4933493244<br \/>\n4058546481155<\/p>\n","protected":false},"excerpt":{"rendered":"<p>M18ONEPP2A3-502X\/PROMOTION KIT<\/p>\n","protected":false},"featured_media":585157,"template":"","meta":{"_seopress_robots_primary_cat":"","_seopress_titles_title":"","_seopress_titles_desc":"","_seopress_robots_index":""},"product_brand":[3407],"product_cat":[5531,29,514,549],"product_tag":[3270],"class_list":{"0":"post-606137","1":"product","2":"type-product","3":"status-publish","4":"has-post-thumbnail","6":"product_brand-milwaukee","7":"product_cat-vari-macchinari-milwaukee","8":"product_cat-macchinari","9":"product_cat-altri-dispositivi","10":"product_cat-trapani-e-avvitatori","11":"product_tag-import-milwau","12":"sws-conto-ricavi-merci-rivendita-macchinari-de","13":"sws-gruppo-iva-iva81-de","15":"first","16":"onbackorder","17":"sale","18":"shipping-taxable","19":"purchasable","20":"product-type-simple"},"_links":{"self":[{"href":"https:\/\/lucacastelli.com\/de\/wp-json\/wp\/v2\/product\/606137","targetHints":{"allow":["GET"]}}],"collection":[{"href":"https:\/\/lucacastelli.com\/de\/wp-json\/wp\/v2\/product"}],"about":[{"href":"https:\/\/lucacastelli.com\/de\/wp-json\/wp\/v2\/types\/product"}],"wp:featuredmedia":[{"embeddable":true,"href":"https:\/\/lucacastelli.com\/de\/wp-json\/wp\/v2\/media\/585157"}],"wp:attachment":[{"href":"https:\/\/lucacastelli.com\/de\/wp-json\/wp\/v2\/media?parent=606137"}],"wp:term":[{"taxonomy":"product_brand","embeddable":true,"href":"https:\/\/lucacastelli.com\/de\/wp-json\/wp\/v2\/product_brand?post=606137"},{"taxonomy":"product_cat","embeddable":true,"href":"https:\/\/lucacastelli.com\/de\/wp-json\/wp\/v2\/product_cat?post=606137"},{"taxonomy":"product_tag","embeddable":true,"href":"https:\/\/lucacastelli.com\/de\/wp-json\/wp\/v2\/product_tag?post=606137"}],"curies":[{"name":"wp","href":"https:\/\/api.w.org\/{rel}","templated":true}]}}