{"id":606135,"date":"2025-08-10T17:48:51","date_gmt":"2025-08-10T15:48:51","guid":{"rendered":"https:\/\/lucacastelli.com\/prodotto\/milwaukee-kit-m18-compact-brushless-rotary-drill-impact-driver-%c2%bc-hex-18v-2\/"},"modified":"2025-08-10T17:48:51","modified_gmt":"2025-08-10T15:48:51","slug":"milwaukee-kit-m18-compact-brushless-rotary-drill-impact-driver-%c2%bc-hex-18v-2","status":"publish","type":"product","link":"https:\/\/lucacastelli.com\/de\/produkt\/milwaukee-kit-m18-compact-brushless-rotary-drill-impact-driver-%c2%bc-hex-18v-2\/","title":{"rendered":"Milwaukee Kit M18 Compact brushless Rotary Drill + Impact Driver \u00bc&#8221; Hex (18V)"},"content":{"rendered":"<p>M18 BLCPP2B-402C \/ Kit<br \/>\nM18BLDDRC-0X DRILL\/AVIT. REC. Mit einer L\u00e4nge von nur 145 mm erreicht sie selbst die engsten Stellen;Das 13-mm-Metallbohrfutter garantiert einen perfekten Bitsitz;Mit einem Drehmoment von 60.5 Nm hat er das beste Verh\u00e4ltnis von Leistung zu Gr\u00f6\u00dfe;Der G\u00fcrtelhaken ist aus Metall und vollst\u00e4ndig umkehrbar;Akkuladeanzeige und LED-Licht zur Ausleuchtung des Einsatzbereichs;B\u00fcrstenloser Motor, REDLINK PLUS\u2122-Elektronik und REDLITHIUM\u2122-Akkupack bieten \u00fcberragende Leistung und Langlebigkeit;Funktioniert mit allen M18 Milwaukee-Akkus;Optimierte Drehzahl zum Bohren (0-550 \/ 0-1700 U\/min);M18 BLIDRC-0 \/ AVV IMPULSI HEX :Mit einer L\u00e4nge von nur 112 mm erm\u00f6glicht er den Zugang selbst in den engsten R\u00e4umen;Leistungsstarker b\u00fcrstenloser Motor liefert 190 Nm Drehmoment bei 3600 U\/min und 4900 H\u00fcben pro Minute;Das Einsetzen des Einsatzes kann mit einer Hand erfolgen, was die Arbeit schneller und bequemer macht;Das Getriebe und das Geh\u00e4use sind komplett aus Metall gefertigt und garantieren Leistung und HaltbarkeitBatterieladezustandsanzeige und LED-Licht zur Ausleuchtung des Einsatzbereichs;Ausgestattet mit einem umkehrbaren G\u00fcrtelhaken aus Metall;B\u00fcrstenloser Motor, REDLINK PLUS\u2122-Elektronik und REDLITHIUM\u2122-Akkupack bieten \u00fcberragende Leistung und Langlebigkeit;Funktioniert mit allen Milwaukee M18-Akkus;M18 B4 \/BATTERY 18V :REDLINK &#8211; \u00dcberladeschutztechnologie f\u00fcr Werkzeug und Akku f\u00fcr maximale Akkulebensdauer;Elektronischer \u00dcberladeschutz: der Akku muss nicht entfernt werden, wenn der Schutz ausgel\u00f6st hat;\u00dcberhitzungsschutz &#8211; erm\u00f6glicht den Betrieb des Akkus bei der idealen Temperatur;St\u00e4ndige \u00dcberwachung jeder einzelnen Zelle, um den Lade- und Entladezyklus des Akkus zu gew\u00e4hrleisten;Bis zu 50% l\u00e4ngere Lebensdauer, 20% mehr Leistung und bis zu 50% mehr Aufladungen;* Im Vergleich zu anderen Lithium-Ionen-Akkus und\/oder fr\u00fcherer Milwaukee-Technologie. Die Ergebnisse h\u00e4ngen von der Spannung, dem Werkzeug und der Anwendung ab;Die Zellen sind in den Rahmen integriert und durch eine gummierte Struktur getrennt, um Vibrationen zu minimieren;Kompatibel mit allen Werkzeugen der M18-Reihe;M18 B4 \/BATTERY 18V :REDLINK &#8211; \u00dcberlastungsschutztechnologie von Werkzeug und Akku f\u00fcr maximale Lebensdauer;Elektronischer \u00dcberlastungsschutz: Der Akku muss nicht entfernt werden, nachdem der Schutz ausgel\u00f6st hat;\u00dcberhitzungsschutz &#8211; erm\u00f6glicht den Betrieb des Akkus bei der idealen Temperatur;St\u00e4ndige \u00dcberwachung jeder einzelnen Zelle, um den Lade- und Entladezyklus des Akkus zu gew\u00e4hrleisten;Bis zu 50 % l\u00e4ngere Lebensdauer, 20 % mehr Leistung und bis zu 50 % mehr Aufladungen;* Im Vergleich zu anderen Lithium-Ionen-Akkus und\/oder fr\u00fcherer Milwaukee-Technologie. Die Ergebnisse h\u00e4ngen von der Spannung, dem Werkzeug und der Anwendung ab;Zellschwei\u00dfung in den Rahmen integriert;Zellen durch eine gummierte Struktur getrennt, um Vibrationen zu minimieren;Kompatibel mit allen Werkzeugen der M18-Reihe;M12-18 C \/Batterieladeger\u00e4t :L\u00e4dt alle M18, M14\u2122 und M12\u2122 REDLITHIUMZoll-Akkus auf;Sequentielles Laden &#8211; der zuerst eingesetzte Akku wird aufgeladen &#8211; weniger Zeitaufwand f\u00fcr das Aufladen;Akku-Ladezeit von 3.0 Ah \/ 4,0 Ah betr\u00e4gt ca. 60 min \/ 80 min;Ladezeit f\u00fcr 1,5 Ah \/ 2,0 Ah Akkus betr\u00e4gt ca. 30 min \/ 40 min;Kompatibel mit allen Milwaukee M12\u2122 und M18 Akkus    <\/p>\n<p>4933492836<br \/>\n4058546477073<\/p>\n","protected":false},"excerpt":{"rendered":"<p>M18 BLCPP2B-402C \/ Bausatz<\/p>\n","protected":false},"featured_media":584480,"template":"","meta":{"_seopress_robots_primary_cat":"","_seopress_titles_title":"","_seopress_titles_desc":"","_seopress_robots_index":""},"product_brand":[3658],"product_cat":[5532,167,1453,1552],"product_tag":[3273],"class_list":{"0":"post-606135","1":"product","2":"type-product","3":"status-publish","4":"has-post-thumbnail","6":"product_brand-milwaukee-fr","7":"product_cat-diverses-machines-milwaukee","8":"product_cat-machines","9":"product_cat-autres-appareils","10":"product_cat-perceuses-et-tournevis","11":"product_tag-import-milwau-fr","12":"sws-conto-ricavi-merci-rivendita-macchinari-de","13":"sws-gruppo-iva-iva81-de","15":"first","16":"onbackorder","17":"sale","18":"shipping-taxable","19":"purchasable","20":"product-type-simple"},"_links":{"self":[{"href":"https:\/\/lucacastelli.com\/de\/wp-json\/wp\/v2\/product\/606135","targetHints":{"allow":["GET"]}}],"collection":[{"href":"https:\/\/lucacastelli.com\/de\/wp-json\/wp\/v2\/product"}],"about":[{"href":"https:\/\/lucacastelli.com\/de\/wp-json\/wp\/v2\/types\/product"}],"wp:featuredmedia":[{"embeddable":true,"href":"https:\/\/lucacastelli.com\/de\/wp-json\/wp\/v2\/media\/584480"}],"wp:attachment":[{"href":"https:\/\/lucacastelli.com\/de\/wp-json\/wp\/v2\/media?parent=606135"}],"wp:term":[{"taxonomy":"product_brand","embeddable":true,"href":"https:\/\/lucacastelli.com\/de\/wp-json\/wp\/v2\/product_brand?post=606135"},{"taxonomy":"product_cat","embeddable":true,"href":"https:\/\/lucacastelli.com\/de\/wp-json\/wp\/v2\/product_cat?post=606135"},{"taxonomy":"product_tag","embeddable":true,"href":"https:\/\/lucacastelli.com\/de\/wp-json\/wp\/v2\/product_tag?post=606135"}],"curies":[{"name":"wp","href":"https:\/\/api.w.org\/{rel}","templated":true}]}}