{"id":606132,"date":"2025-08-10T17:48:50","date_gmt":"2025-08-10T15:48:50","guid":{"rendered":"https:\/\/lucacastelli.com\/prodotto\/milwaukee-kit-m18-compact-brushless-rotary-drill-impact-driver-%c2%bc-hex-18v\/"},"modified":"2025-08-10T17:48:50","modified_gmt":"2025-08-10T15:48:50","slug":"milwaukee-kit-m18-compact-brushless-rotary-drill-impact-driver-%c2%bc-hex-18v","status":"publish","type":"product","link":"https:\/\/lucacastelli.com\/de\/produkt\/milwaukee-kit-m18-compact-brushless-rotary-drill-impact-driver-%c2%bc-hex-18v\/","title":{"rendered":"Milwaukee Kit M18 Compact brushless Rotary Drill + Impact Driver \u00bc&#8221; Hex (18V)"},"content":{"rendered":"<p>M18 BLCPP2B-502C \/Kit<br \/>\nM18BLDDRC-0X DRILL\/AVIT. REC. Mit einer L\u00e4nge von nur 145 mm ist sie perfekt, um auch die engsten Stellen zu erreichen;Das 13-mm-Metallbohrfutter garantiert einen perfekten Halt des Bohrers;Mit einem Drehmoment von 60.5 Nm hat er das beste Verh\u00e4ltnis von Leistung zu Gr\u00f6\u00dfe;Der G\u00fcrtelhaken ist aus Metall und vollst\u00e4ndig umkehrbar;Akkuladeanzeige und LED-Licht zur Ausleuchtung des Einsatzbereichs;B\u00fcrstenloser Motor, REDLINK PLUS\u2122-Elektronik und REDLITHIUM\u2122-Akkupack bieten \u00fcberragende Leistung und Langlebigkeit;Funktioniert mit allen M18 Milwaukee-Akkus;Optimierte Drehzahl zum Bohren (0-550 \/ 0-1700 U\/min);M18 BLIDRC-0 \/ AVV IMPULSI HEX :Mit einer L\u00e4nge von nur 112 mm erm\u00f6glicht er den Zugang selbst in den engsten R\u00e4umen;Leistungsstarker b\u00fcrstenloser Motor liefert 190 Nm Drehmoment bei 3600 U\/min und 4900 H\u00fcben pro Minute;Das Einsetzen des Einsatzes kann mit einer Hand erfolgen, was die Arbeit schneller und bequemer macht;Das Getriebe und das Geh\u00e4use sind komplett aus Metall gefertigt und garantieren Leistung und HaltbarkeitBatterieladezustandsanzeige und LED-Licht zur Ausleuchtung des Einsatzbereichs;Ausgestattet mit einem umkehrbaren G\u00fcrtelhaken aus Metall;B\u00fcrstenloser Motor, REDLINK PLUS\u2122-Elektronik und REDLITHIUM\u2122-Akkupack bieten \u00fcberragende Leistung und Haltbarkeit;Funktioniert mit allen Milwaukee M18-Akkus;M18 B5 \/BATTERY 18V :Bis zu 2.5 mal l\u00e4nger, bis zu 20% mehr Leistung und 2 mal l\u00e4ngere Lebensdauer (im Vergleich zu anderen Lithium-Ionen-Akkus und\/oder fr\u00fcherer Milwaukee-Technologie. Die Ergebnisse h\u00e4ngen von der Spannung, dem Werkzeug und der Anwendung ab);Milwaukee REDLINK\u2122 Elektronik &#8211; sch\u00fctzt den Akku in rauen Situationen und maximiert die Leistung der Zellen;St\u00e4ndige \u00dcberwachung jeder einzelnen Zelle, um den Lade- und Entladezyklus des Akkus zu gew\u00e4hrleisten;Perfekt verriegelte Zellen, um die Robustheit des Akkus zu erh\u00f6hen und interne Anti-Schock-Separatoren, um Sch\u00e4den durch Vibrationen oder St\u00fcrze zu verhindern;Schutzelement, das jegliches Eindringen von Wasser von der Elektronik zur Au\u00dfenseite des Akkus ableitet; Betrieb bei Temperaturen bis -20\u00b0; LED-Akkuladestandsanzeige, damit du jederzeit \u00fcber die verbleibende Ladung Bescheid wei\u00dft; Gummibeschichtung; Erh\u00f6hte interne Temperaturstreuung; M18 B5 \/BATTERY 18V :Bis zu 2.5 mal l\u00e4nger, bis zu 20% mehr Leistung und 2 mal l\u00e4ngere Lebensdauer (im Vergleich zu anderen Lithium-Ionen-Akkus und\/oder fr\u00fcherer Milwaukee-Technologie. Die Ergebnisse h\u00e4ngen von der Spannung, dem Werkzeug und der Anwendung ab);Milwaukee REDLINK\u2122 Elektronik &#8211; sch\u00fctzt den Akku in rauen Situationen und maximiert die Leistung der Zellen;St\u00e4ndige \u00dcberwachung jeder einzelnen Zelle, um den Lade- und Entladezyklus des Akkus zu gew\u00e4hrleisten;Perfekt verschlossene Zellen, um die Robustheit des Akkus zu erh\u00f6hen und interne Anti-Schock-Separatoren, um Sch\u00e4den durch Vibrationen oder St\u00fcrze zu verhindern;Schutzelement, das jegliches Eindringen von Wasser von der Elektronik zur Au\u00dfenseite des Akkus ableitet; Betrieb bei Temperaturen bis -20\u00b0; LED-Akkuladestatusanzeige, damit du jederzeit \u00fcber die verbleibende Ladung Bescheid wei\u00dft; Gummibeschichtung; erh\u00f6hte interne Temperaturstreuung; M12-18 C \/Akkuladeger\u00e4t :L\u00e4dt alle M18, M14\u2122 und M12\u2122 REDLITHIUMZoll-Akkus auf;Sequentielles Laden &#8211; der zuerst eingelegte Akku wird aufgeladen &#8211; weniger Zeitaufwand f\u00fcr das Aufladen;Akkuladezeit von 3.0 Ah \/ 4,0 Ah betr\u00e4gt ca. 60 min \/ 80 min;Ladezeit f\u00fcr 1,5 Ah \/ 2,0 Ah Akkus betr\u00e4gt ca. 30 min \/ 40 min;Kompatibel mit allen Milwaukee M12\u2122 und M18 Akkus  <\/p>\n<p>4933492837<br \/>\n4058546477080<\/p>\n","protected":false},"excerpt":{"rendered":"<p>M18 BLCPP2B-502C \/Kit<\/p>\n","protected":false},"featured_media":600750,"template":"","meta":{"_seopress_robots_primary_cat":"","_seopress_titles_title":"","_seopress_titles_desc":"","_seopress_robots_index":""},"product_brand":[3656],"product_cat":[1454,1553,169,5534],"product_tag":[3272],"class_list":{"0":"post-606132","1":"product","2":"type-product","3":"status-publish","4":"has-post-thumbnail","6":"product_brand-milwaukee-de","7":"product_cat-andere-gerate","8":"product_cat-bohrer-und-schraubendreher","9":"product_cat-maschinen","10":"product_cat-verschiedene-maschinen-von-milwaukee","11":"product_tag-import-milwau-de","12":"sws-conto-ricavi-merci-rivendita-macchinari-de","13":"sws-gruppo-iva-iva81-de","15":"first","16":"onbackorder","17":"sale","18":"shipping-taxable","19":"purchasable","20":"product-type-simple"},"_links":{"self":[{"href":"https:\/\/lucacastelli.com\/de\/wp-json\/wp\/v2\/product\/606132","targetHints":{"allow":["GET"]}}],"collection":[{"href":"https:\/\/lucacastelli.com\/de\/wp-json\/wp\/v2\/product"}],"about":[{"href":"https:\/\/lucacastelli.com\/de\/wp-json\/wp\/v2\/types\/product"}],"wp:featuredmedia":[{"embeddable":true,"href":"https:\/\/lucacastelli.com\/de\/wp-json\/wp\/v2\/media\/600750"}],"wp:attachment":[{"href":"https:\/\/lucacastelli.com\/de\/wp-json\/wp\/v2\/media?parent=606132"}],"wp:term":[{"taxonomy":"product_brand","embeddable":true,"href":"https:\/\/lucacastelli.com\/de\/wp-json\/wp\/v2\/product_brand?post=606132"},{"taxonomy":"product_cat","embeddable":true,"href":"https:\/\/lucacastelli.com\/de\/wp-json\/wp\/v2\/product_cat?post=606132"},{"taxonomy":"product_tag","embeddable":true,"href":"https:\/\/lucacastelli.com\/de\/wp-json\/wp\/v2\/product_tag?post=606132"}],"curies":[{"name":"wp","href":"https:\/\/api.w.org\/{rel}","templated":true}]}}