{"id":606130,"date":"2025-08-10T17:48:49","date_gmt":"2025-08-10T15:48:49","guid":{"rendered":"https:\/\/lucacastelli.com\/prodotto\/milwaukee-m18-compact-brushless-hammer-drill-impact-driver-%c2%bc-hex-18v\/"},"modified":"2025-08-10T17:48:49","modified_gmt":"2025-08-10T15:48:49","slug":"milwaukee-m18-compact-brushless-hammer-drill-impact-driver-%c2%bc-hex-18v","status":"publish","type":"product","link":"https:\/\/lucacastelli.com\/de\/produkt\/milwaukee-m18-compact-brushless-hammer-drill-impact-driver-%c2%bc-hex-18v\/","title":{"rendered":"Milwaukee M18 Compact brushless Hammer Drill + Impact Driver \u00bc&#8221; Hex (18V)"},"content":{"rendered":"<p>M18 BLCPP2A-402C \/Kit<br \/>\nM18BLPDRC-0X TRAPANO\/AVIT. REC. :Diese Schlagbohrmaschine misst nur 145 mm;13-mm-Metallbohrfutter bietet au\u00dfergew\u00f6hnlichen Halt f\u00fcr Bohrer oder Bits;Bestes Verh\u00e4ltnis von Drehmoment zu Gr\u00f6\u00dfe, beeindruckende 60 Nm;Ausgestattet mit umkehrbarem G\u00fcrtelhaken aus Metall;Akkuladezustandsanzeige und LED-Licht zur Ausleuchtung des Einsatzbereichs;B\u00fcrstenloser Motor, REDLINK PLUS\u2122-Elektronik und REDLITHIUM\u2122-Akku bieten \u00fcberragende Leistung und Haltbarkeit;Funktioniert mit allen M18 Milwaukee\u00ae-Akkus;Optimierte Drehzahl f\u00fcr schnelleres Bohren und Befestigen (0 &#8211; 550\/ 0 &#8211; 1700 U\/min);M18 BLIDRC-0 \/ AVV IMPULSI HEX :Mit einer L\u00e4nge von nur 112 mm erm\u00f6glicht er den Zugang selbst in den engsten R\u00e4umen;Der leistungsstarke b\u00fcrstenlose Motor liefert ein Drehmoment von 190 Nm bei 3600 U\/min und 4900 H\u00fcben pro Minute;Das Einsetzen des Einsatzes kann mit einer Hand erfolgen, was die Arbeit schneller und bequemer macht;Das Getriebe und das Geh\u00e4use, in dem es sich befindet, sind vollst\u00e4ndig aus Metall gefertigt, was Leistung und Best\u00e4ndigkeit auf Dauer garantiert;Batterieladezustandsanzeige und LED-Licht zur Ausleuchtung des Einsatzbereichs;Ausgestattet mit einem umkehrbaren G\u00fcrtelhaken aus Metall;B\u00fcrstenloser Motor, REDLINK PLUS\u2122-Elektronik und REDLITHIUM\u2122-Akku bieten \u00fcberragende Leistung und Haltbarkeit;Funktioniert mit allen Milwaukee M18-Akkus;M18 B4 \/BATTERY 18V :REDLINK &#8211; \u00dcberladeschutztechnologie f\u00fcr Werkzeug und Akku f\u00fcr maximale Akkulebensdauer;Elektronischer \u00dcberladeschutz: der Akku muss nicht entfernt werden, wenn der Schutz ausgel\u00f6st hat;\u00dcberhitzungsschutz &#8211; erm\u00f6glicht den Betrieb des Akkus bei der idealen Temperatur;St\u00e4ndige \u00dcberwachung jeder einzelnen Zelle, um den Lade- und Entladezyklus des Akkus zu gew\u00e4hrleisten;Bis zu 50% l\u00e4ngere Lebensdauer, 20% mehr Leistung und bis zu 50% mehr Aufladungen;* Im Vergleich zu anderen Lithium-Ionen-Akkus und\/oder fr\u00fcherer Milwaukee-Technologie. Die Ergebnisse h\u00e4ngen von der Spannung, dem Werkzeug und der Anwendung ab;Die Zellen sind in den Rahmen integriert und durch eine gummierte Struktur getrennt, um Vibrationen zu minimieren;Kompatibel mit allen Werkzeugen der M18-Reihe;M18 B4 \/BATTERY 18V :REDLINK &#8211; \u00dcberlastungsschutztechnologie von Werkzeug und Akku f\u00fcr maximale Lebensdauer;Elektronischer \u00dcberlastungsschutz: Es ist nicht n\u00f6tig, den Akku zu entfernen, nachdem der Schutz eingesetzt hat;\u00dcberhitzungsschutz &#8211; erm\u00f6glicht den Betrieb des Akkus bei der idealen Temperatur;St\u00e4ndige \u00dcberwachung jeder einzelnen Zelle, um den Lade- und Entladezyklus des Akkus zu gew\u00e4hrleisten;Bis zu 50% l\u00e4ngere Lebensdauer, 20% mehr Leistung und bis zu 50% mehr Aufladungen;* Im Vergleich zu anderen Lithium-Ionen-Akkus und\/oder fr\u00fcherer Milwaukee-Technologie. Die Ergebnisse h\u00e4ngen von der Spannung, dem Werkzeug und der Anwendung ab;Zellschwei\u00dfung in den Rahmen integriert;Zellen durch eine gummierte Struktur getrennt, um Vibrationen zu minimieren;Kompatibel mit allen Werkzeugen der M18-Reihe;M12-18 C \/Batterieladeger\u00e4t :L\u00e4dt alle M18, M14\u2122 und M12\u2122 REDLITHIUMZoll-Akkus auf;Sequentielles Laden &#8211; der zuerst eingesetzte Akku wird aufgeladen &#8211; weniger Zeitaufwand f\u00fcr das Aufladen;Akku-Ladezeit von 3.0 Ah \/ 4,0 Ah ungef\u00e4hre Ladezeit ist 60 min \/ 80 min;Ladezeit f\u00fcr 1,5 Ah \/ 2,0 Ah ungef\u00e4hre Ladezeit ist 30 min \/ 40 min;Kompatibel mit allen Milwaukee M12\u2122 und M18 Akkus    <\/p>\n<p>4933492827<br \/>\n4058546476984<\/p>\n","protected":false},"excerpt":{"rendered":"<p>M18 BLCPP2A-402C \/Kit<\/p>\n","protected":false},"featured_media":600754,"template":"","meta":{"_seopress_robots_primary_cat":"","_seopress_titles_title":"","_seopress_titles_desc":"","_seopress_robots_index":""},"product_brand":[3656],"product_cat":[1454,1553,169,5534],"product_tag":[3272],"class_list":{"0":"post-606130","1":"product","2":"type-product","3":"status-publish","4":"has-post-thumbnail","6":"product_brand-milwaukee-de","7":"product_cat-andere-gerate","8":"product_cat-bohrer-und-schraubendreher","9":"product_cat-maschinen","10":"product_cat-verschiedene-maschinen-von-milwaukee","11":"product_tag-import-milwau-de","12":"sws-conto-ricavi-merci-rivendita-macchinari-de","13":"sws-gruppo-iva-iva81-de","15":"first","16":"onbackorder","17":"sale","18":"shipping-taxable","19":"purchasable","20":"product-type-simple"},"_links":{"self":[{"href":"https:\/\/lucacastelli.com\/de\/wp-json\/wp\/v2\/product\/606130","targetHints":{"allow":["GET"]}}],"collection":[{"href":"https:\/\/lucacastelli.com\/de\/wp-json\/wp\/v2\/product"}],"about":[{"href":"https:\/\/lucacastelli.com\/de\/wp-json\/wp\/v2\/types\/product"}],"wp:featuredmedia":[{"embeddable":true,"href":"https:\/\/lucacastelli.com\/de\/wp-json\/wp\/v2\/media\/600754"}],"wp:attachment":[{"href":"https:\/\/lucacastelli.com\/de\/wp-json\/wp\/v2\/media?parent=606130"}],"wp:term":[{"taxonomy":"product_brand","embeddable":true,"href":"https:\/\/lucacastelli.com\/de\/wp-json\/wp\/v2\/product_brand?post=606130"},{"taxonomy":"product_cat","embeddable":true,"href":"https:\/\/lucacastelli.com\/de\/wp-json\/wp\/v2\/product_cat?post=606130"},{"taxonomy":"product_tag","embeddable":true,"href":"https:\/\/lucacastelli.com\/de\/wp-json\/wp\/v2\/product_tag?post=606130"}],"curies":[{"name":"wp","href":"https:\/\/api.w.org\/{rel}","templated":true}]}}