{"id":606115,"date":"2025-08-10T17:12:32","date_gmt":"2025-08-10T15:12:32","guid":{"rendered":"https:\/\/lucacastelli.com\/prodotto\/milwaukee-ersatzplastik-fuer-staubfaenger\/"},"modified":"2025-08-10T17:12:32","modified_gmt":"2025-08-10T15:12:32","slug":"milwaukee-ersatzplastik-fuer-staubfaenger","status":"publish","type":"product","link":"https:\/\/lucacastelli.com\/de\/produkt\/milwaukee-ersatzplastik-fuer-staubfaenger\/","title":{"rendered":"Milwaukee Ersatzplastik f\u00fcr Staubf\u00e4nger"},"content":{"rendered":"<p>RIC. KUNSTSTOFFROHR SIST.RAC. POLV &#8211; 5pcs<br \/>\nUniversal &#8211; passend f\u00fcr alle SDS-Plus-Bohrer verschiedener Formen und Marken;Passend f\u00fcr alle SDS-Plus-Bohrer bis zu einer L\u00e4nge von 215mm;Passend f\u00fcr alle Staubsauger;Transparente Abdeckung f\u00fcr mehr Genauigkeit und Sichtbarkeit;Sammelt bis zu 99% des Staubs;Kann mit oder ohne Staubsauger verwendet werden <\/p>\n<p>4932464917<br \/>\n4058546228620<\/p>\n","protected":false},"excerpt":{"rendered":"<p>RIC. KUNSTSTOFFROHR SIST.RAC. POLV &#8211; 5St. <\/p>\n","protected":false},"featured_media":530132,"template":"","meta":{"_seopress_robots_primary_cat":"","_seopress_titles_title":"","_seopress_titles_desc":"","_seopress_robots_index":""},"product_brand":[3407],"product_cat":[5531,29],"product_tag":[3270],"class_list":{"0":"post-606115","1":"product","2":"type-product","3":"status-publish","4":"has-post-thumbnail","6":"product_brand-milwaukee","7":"product_cat-vari-macchinari-milwaukee","8":"product_cat-macchinari","9":"product_tag-import-milwau","10":"sws-conto-ricavi-merci-rivendita-macchinari-de","11":"sws-gruppo-iva-iva81-de","13":"first","14":"onbackorder","15":"sale","16":"shipping-taxable","17":"purchasable","18":"product-type-simple"},"_links":{"self":[{"href":"https:\/\/lucacastelli.com\/de\/wp-json\/wp\/v2\/product\/606115","targetHints":{"allow":["GET"]}}],"collection":[{"href":"https:\/\/lucacastelli.com\/de\/wp-json\/wp\/v2\/product"}],"about":[{"href":"https:\/\/lucacastelli.com\/de\/wp-json\/wp\/v2\/types\/product"}],"wp:featuredmedia":[{"embeddable":true,"href":"https:\/\/lucacastelli.com\/de\/wp-json\/wp\/v2\/media\/530132"}],"wp:attachment":[{"href":"https:\/\/lucacastelli.com\/de\/wp-json\/wp\/v2\/media?parent=606115"}],"wp:term":[{"taxonomy":"product_brand","embeddable":true,"href":"https:\/\/lucacastelli.com\/de\/wp-json\/wp\/v2\/product_brand?post=606115"},{"taxonomy":"product_cat","embeddable":true,"href":"https:\/\/lucacastelli.com\/de\/wp-json\/wp\/v2\/product_cat?post=606115"},{"taxonomy":"product_tag","embeddable":true,"href":"https:\/\/lucacastelli.com\/de\/wp-json\/wp\/v2\/product_tag?post=606115"}],"curies":[{"name":"wp","href":"https:\/\/api.w.org\/{rel}","templated":true}]}}