{"id":606109,"date":"2025-08-08T20:08:51","date_gmt":"2025-08-08T18:08:51","guid":{"rendered":"https:\/\/lucacastelli.com\/prodotto\/milwaukee-universal-dust-trap-saugsystem\/"},"modified":"2025-08-08T20:08:51","modified_gmt":"2025-08-08T18:08:51","slug":"milwaukee-universal-dust-trap-saugsystem","status":"publish","type":"product","link":"https:\/\/lucacastelli.com\/de\/produkt\/milwaukee-universal-dust-trap-saugsystem\/","title":{"rendered":"Milwaukee Universal Dust Trap Saugsystem"},"content":{"rendered":"<p>DUST COLLECTION SYSTEM &#8211; 1 St\u00fcck<br \/>\nUniversell &#8211; passend f\u00fcr alle SDS-Plus-Bohrer verschiedener Formen und Marken;Passend f\u00fcr alle SDS-Plus-Bohrer bis zu einer L\u00e4nge von 215mm;Passend f\u00fcr alle Staubsauger;Transparente Abdeckung f\u00fcr mehr Genauigkeit und Sichtbarkeit;Sammelt bis zu 99% des Staubs;Kann mit oder ohne Staubsauger verwendet werden<\/p>\n<p>4932464916<br \/>\n4058546228613<\/p>\n","protected":false},"excerpt":{"rendered":"<p>DUST COLLECTION SYSTEM &#8211; 1 St\u00fcck<\/p>\n","protected":false},"featured_media":530132,"template":"","meta":{"_seopress_robots_primary_cat":"","_seopress_titles_title":"","_seopress_titles_desc":"","_seopress_robots_index":""},"product_brand":[3656],"product_cat":[1454,169,1475],"product_tag":[3272],"class_list":{"0":"post-606109","1":"product","2":"type-product","3":"status-publish","4":"has-post-thumbnail","6":"product_brand-milwaukee-de","7":"product_cat-andere-gerate","8":"product_cat-maschinen","9":"product_cat-staubsauger","10":"product_tag-import-milwau-de","11":"sws-conto-ricavi-merci-rivendita-macchinari-de","12":"sws-gruppo-iva-iva81-de","14":"first","15":"onbackorder","16":"sale","17":"shipping-taxable","18":"purchasable","19":"product-type-simple"},"_links":{"self":[{"href":"https:\/\/lucacastelli.com\/de\/wp-json\/wp\/v2\/product\/606109","targetHints":{"allow":["GET"]}}],"collection":[{"href":"https:\/\/lucacastelli.com\/de\/wp-json\/wp\/v2\/product"}],"about":[{"href":"https:\/\/lucacastelli.com\/de\/wp-json\/wp\/v2\/types\/product"}],"wp:featuredmedia":[{"embeddable":true,"href":"https:\/\/lucacastelli.com\/de\/wp-json\/wp\/v2\/media\/530132"}],"wp:attachment":[{"href":"https:\/\/lucacastelli.com\/de\/wp-json\/wp\/v2\/media?parent=606109"}],"wp:term":[{"taxonomy":"product_brand","embeddable":true,"href":"https:\/\/lucacastelli.com\/de\/wp-json\/wp\/v2\/product_brand?post=606109"},{"taxonomy":"product_cat","embeddable":true,"href":"https:\/\/lucacastelli.com\/de\/wp-json\/wp\/v2\/product_cat?post=606109"},{"taxonomy":"product_tag","embeddable":true,"href":"https:\/\/lucacastelli.com\/de\/wp-json\/wp\/v2\/product_tag?post=606109"}],"curies":[{"name":"wp","href":"https:\/\/api.w.org\/{rel}","templated":true}]}}