{"id":606108,"date":"2025-08-06T12:27:54","date_gmt":"2025-08-06T10:27:54","guid":{"rendered":"https:\/\/lucacastelli.com\/prodotto\/milwaukee-m18-buerstenloser-schlagbohrer-schlagschrauber\/"},"modified":"2025-08-06T12:27:54","modified_gmt":"2025-08-06T10:27:54","slug":"milwaukee-m18-buerstenloser-schlagbohrer-schlagschrauber","status":"publish","type":"product","link":"https:\/\/lucacastelli.com\/de\/produkt\/milwaukee-m18-buerstenloser-schlagbohrer-schlagschrauber\/","title":{"rendered":"Milwaukee M18 b\u00fcrstenloser Schlagbohrer\/Schlagschrauber"},"content":{"rendered":"<p>M18 Brushless Hammer Drill Driver<br \/>\nM18 BLPD2-402X\/TRAPANI<br \/>\nDer neue leistungsstarke b\u00fcrstenlose Motor bietet bis zu 40 % mehr Drehmoment als das Vorg\u00e4ngermodell &#8211; bis zu 82 Nm; misst nur 180 mm Gesamtl\u00e4nge; das neue 13-mm-Metallbohrfutter sorgt f\u00fcr einen besseren Halt des Bithalters und eine bessere Griffigkeit; REDLINK\u2122-Elektronik f\u00fcr erh\u00f6hten \u00dcberlastungsschutz und l\u00e4ngere Akkulaufzeit;REDLITHIUM\u2122-Akku bietet eine \u00fcberlegene Akkukonstruktion, Elektronik und gleichbleibende Leistung f\u00fcr mehr Laufzeit und mehr Arbeit \u00fcber die gesamte Lebensdauer des Akkus;Optimierte Drehzahl f\u00fcr Bohr- und Schraubanwendungen (0-550 \/ 0-1800 U\/min);Akkuladestatus und LED-Licht zur Beleuchtung des Arbeitsbereichs;Funktioniert mit allen Milwaukee M18-Akkus<\/p>\n<p>4933464560<br \/>\n4058546225056<\/p>\n","protected":false},"excerpt":{"rendered":"<p>M18 BLPD2-402X\/BOHRER<\/p>\n","protected":false},"featured_media":593045,"template":"","meta":{"_seopress_robots_primary_cat":"","_seopress_titles_title":"","_seopress_titles_desc":"","_seopress_robots_index":""},"product_brand":[3656],"product_cat":[1394,169,1454,1553],"product_tag":[3272],"class_list":{"0":"post-606108","1":"product","2":"type-product","3":"status-publish","4":"has-post-thumbnail","6":"product_brand-milwaukee-de","7":"product_cat-sonstige-freizeitbekleidung","8":"product_cat-maschinen","9":"product_cat-andere-gerate","10":"product_cat-bohrer-und-schraubendreher","11":"product_tag-import-milwau-de","12":"sws-conto-ricavi-merci-rivendita-macchinari-de","13":"sws-gruppo-iva-iva81-de","15":"first","16":"onbackorder","17":"sale","18":"shipping-taxable","19":"purchasable","20":"product-type-simple"},"_links":{"self":[{"href":"https:\/\/lucacastelli.com\/de\/wp-json\/wp\/v2\/product\/606108","targetHints":{"allow":["GET"]}}],"collection":[{"href":"https:\/\/lucacastelli.com\/de\/wp-json\/wp\/v2\/product"}],"about":[{"href":"https:\/\/lucacastelli.com\/de\/wp-json\/wp\/v2\/types\/product"}],"wp:featuredmedia":[{"embeddable":true,"href":"https:\/\/lucacastelli.com\/de\/wp-json\/wp\/v2\/media\/593045"}],"wp:attachment":[{"href":"https:\/\/lucacastelli.com\/de\/wp-json\/wp\/v2\/media?parent=606108"}],"wp:term":[{"taxonomy":"product_brand","embeddable":true,"href":"https:\/\/lucacastelli.com\/de\/wp-json\/wp\/v2\/product_brand?post=606108"},{"taxonomy":"product_cat","embeddable":true,"href":"https:\/\/lucacastelli.com\/de\/wp-json\/wp\/v2\/product_cat?post=606108"},{"taxonomy":"product_tag","embeddable":true,"href":"https:\/\/lucacastelli.com\/de\/wp-json\/wp\/v2\/product_tag?post=606108"}],"curies":[{"name":"wp","href":"https:\/\/api.w.org\/{rel}","templated":true}]}}