{"id":606090,"date":"2025-08-13T09:51:16","date_gmt":"2025-08-13T07:51:16","guid":{"rendered":"https:\/\/lucacastelli.com\/prodotto\/milwaukee-premium-warnweste-gelb\/"},"modified":"2025-08-13T09:51:16","modified_gmt":"2025-08-13T07:51:16","slug":"milwaukee-premium-warnweste-gelb","status":"publish","type":"product","link":"https:\/\/lucacastelli.com\/de\/produkt\/milwaukee-premium-warnweste-gelb\/","title":{"rendered":"Milwaukee Premium Warnweste Gelb"},"content":{"rendered":"<p>PREMIUM HIGH VIS YELLOW VEST S\/M -1pcs<br \/>\n15 F\u00e4cher zum bequemen Verstauen all deiner Habseligkeiten; Platz zum Einstecken deines Ausweises; gro\u00dfe Tasche auf der R\u00fcckseite der Weste zum bequemen Verstauen deines Tablets oder Notebooks; M\u00f6glichkeit, die Gr\u00f6\u00dfe nach deinen Bed\u00fcrfnissen anzupassen; gepolsterter Kragen f\u00fcr mehr Komfort bei l\u00e4ngerem Tragen; ideal f\u00fcr die Verwendung mit Sicherheitsgurten; europ\u00e4ische Zertifizierung als Warnschutzkleidung Klasse 2: EN ISO 20471: 2013\/A1: 2016;Maximal 25 W\u00e4schen;Verbesserte Atmungsaktivit\u00e4t im R\u00fcckenbereich dank Netzmaterial<\/p>\n<p>4932471895<br \/>\n4058546297947<\/p>\n","protected":false},"excerpt":{"rendered":"<p>PREMIUM HIGH VIS YELLOW VEST S\/M -1pcs 15 F\u00e4cher zum bequemen Verstauen all deiner Habseligkeiten; Platz zum Einstecken deines Ausweises;<\/p>\n","protected":false},"featured_media":604985,"template":"","meta":{"_seopress_robots_primary_cat":"","_seopress_titles_title":"","_seopress_titles_desc":"","_seopress_robots_index":""},"product_brand":[3407],"product_cat":[21,284],"product_tag":[],"class_list":{"0":"post-606090","1":"product","2":"type-product","3":"status-publish","4":"has-post-thumbnail","6":"product_brand-milwaukee","7":"product_cat-abbigliamento","8":"product_cat-abbigliamento-da-lavoro","9":"sws-gruppo-abb-libero-de","10":"sws-conto-ricavi-merci-rivendita-abbigliamento-de","11":"sws-gruppo-iva-iva81-de","13":"first","14":"instock","15":"shipping-taxable","16":"purchasable","17":"product-type-variable"},"_links":{"self":[{"href":"https:\/\/lucacastelli.com\/de\/wp-json\/wp\/v2\/product\/606090","targetHints":{"allow":["GET"]}}],"collection":[{"href":"https:\/\/lucacastelli.com\/de\/wp-json\/wp\/v2\/product"}],"about":[{"href":"https:\/\/lucacastelli.com\/de\/wp-json\/wp\/v2\/types\/product"}],"wp:featuredmedia":[{"embeddable":true,"href":"https:\/\/lucacastelli.com\/de\/wp-json\/wp\/v2\/media\/604985"}],"wp:attachment":[{"href":"https:\/\/lucacastelli.com\/de\/wp-json\/wp\/v2\/media?parent=606090"}],"wp:term":[{"taxonomy":"product_brand","embeddable":true,"href":"https:\/\/lucacastelli.com\/de\/wp-json\/wp\/v2\/product_brand?post=606090"},{"taxonomy":"product_cat","embeddable":true,"href":"https:\/\/lucacastelli.com\/de\/wp-json\/wp\/v2\/product_cat?post=606090"},{"taxonomy":"product_tag","embeddable":true,"href":"https:\/\/lucacastelli.com\/de\/wp-json\/wp\/v2\/product_tag?post=606090"}],"curies":[{"name":"wp","href":"https:\/\/api.w.org\/{rel}","templated":true}]}}