{"id":606061,"date":"2025-08-10T17:21:02","date_gmt":"2025-08-10T15:21:02","guid":{"rendered":"https:\/\/lucacastelli.com\/prodotto\/milwaukee-m18-inspektionssystem-30-m-videosonde-25-mm-hdr-kamera\/"},"modified":"2025-08-10T17:21:02","modified_gmt":"2025-08-10T15:21:02","slug":"milwaukee-m18-inspektionssystem-30-m-videosonde-25-mm-hdr-kamera","status":"publish","type":"product","link":"https:\/\/lucacastelli.com\/de\/produkt\/milwaukee-m18-inspektionssystem-30-m-videosonde-25-mm-hdr-kamera\/","title":{"rendered":"Milwaukee M18 Inspektionssystem &#8211; 30 m Videosonde, 25 mm HDR-Kamera"},"content":{"rendered":"<p>M18SIC30HDR-0 SEWER INSPECT CAMERA<br \/>\nDas modulare System von Milwaukee\u00ae erm\u00f6glicht es, den Smart Hub je nach Bedarf auf verschiedene Trommell\u00e4ngen umzustellen;Die neue 25-mm-Kamera (High Dynamic Range) garantiert auch bei schlechten Lichtverh\u00e4ltnissen qualitativ hochwertige Bilder;30 Meter langes, 9,5 mm dickes Kabel;Integrierte Sonde zur schnellen und einfachen Ortung. Funktioniert mit den von f\u00fchrenden Herstellern verwendeten Frequenzen 512 Hz, 640 Hz, 33 kHz;M\u00f6glichkeit, das Kabel dank des Ortungsger\u00e4ts zur\u00fcckzuverfolgen;Geschlossene Trommel f\u00fcr besseren R\u00fcckhalt von Schutt und Reinigung des Wagens;Schultergurt f\u00fcr den Transport;Inklusive 50 und 64 mm F\u00fchrungsscheiben;Gummif\u00fc\u00dfe f\u00fcr horizontales Arbeiten;Integrierte 12 LEDs sorgen f\u00fcr eine hervorragende Ausleuchtung im Inneren des Rohrs <\/p>\n<p>4933493952<br \/>\n4058546511128<\/p>\n","protected":false},"excerpt":{"rendered":"<p>M18SIC30HDR-0 KANALISATIONSINSPEKTIONSKAMERA<\/p>\n","protected":false},"featured_media":586595,"template":"","meta":{"_seopress_robots_primary_cat":"","_seopress_titles_title":"","_seopress_titles_desc":"","_seopress_robots_index":""},"product_brand":[3407],"product_cat":[29,514,551],"product_tag":[3270],"class_list":{"0":"post-606061","1":"product","2":"type-product","3":"status-publish","4":"has-post-thumbnail","6":"product_brand-milwaukee","7":"product_cat-macchinari","8":"product_cat-altri-dispositivi","9":"product_cat-apparecchi-di-misurazione","10":"product_tag-import-milwau","11":"sws-conto-ricavi-merci-rivendita-macchinari-de","12":"sws-gruppo-iva-iva81-de","14":"first","15":"onbackorder","16":"sale","17":"shipping-taxable","18":"purchasable","19":"product-type-simple"},"_links":{"self":[{"href":"https:\/\/lucacastelli.com\/de\/wp-json\/wp\/v2\/product\/606061","targetHints":{"allow":["GET"]}}],"collection":[{"href":"https:\/\/lucacastelli.com\/de\/wp-json\/wp\/v2\/product"}],"about":[{"href":"https:\/\/lucacastelli.com\/de\/wp-json\/wp\/v2\/types\/product"}],"wp:featuredmedia":[{"embeddable":true,"href":"https:\/\/lucacastelli.com\/de\/wp-json\/wp\/v2\/media\/586595"}],"wp:attachment":[{"href":"https:\/\/lucacastelli.com\/de\/wp-json\/wp\/v2\/media?parent=606061"}],"wp:term":[{"taxonomy":"product_brand","embeddable":true,"href":"https:\/\/lucacastelli.com\/de\/wp-json\/wp\/v2\/product_brand?post=606061"},{"taxonomy":"product_cat","embeddable":true,"href":"https:\/\/lucacastelli.com\/de\/wp-json\/wp\/v2\/product_cat?post=606061"},{"taxonomy":"product_tag","embeddable":true,"href":"https:\/\/lucacastelli.com\/de\/wp-json\/wp\/v2\/product_tag?post=606061"}],"curies":[{"name":"wp","href":"https:\/\/api.w.org\/{rel}","templated":true}]}}