{"id":606058,"date":"2025-08-10T17:20:58","date_gmt":"2025-08-10T15:20:58","guid":{"rendered":"https:\/\/lucacastelli.com\/prodotto\/milwaukee-magnetwasserwaage-mit-i-profil-3\/"},"modified":"2025-08-10T17:20:58","modified_gmt":"2025-08-10T15:20:58","slug":"milwaukee-magnetwasserwaage-mit-i-profil-3","status":"publish","type":"product","link":"https:\/\/lucacastelli.com\/de\/produkt\/milwaukee-magnetwasserwaage-mit-i-profil-3\/","title":{"rendered":"Milwaukee Magnetwasserwaage mit I-Profil"},"content":{"rendered":"<p>MAGNETIC LEVEL 60 cm mit I-Profil<br \/>\nVerst\u00e4rkter Aluminiumrahmen;Magnetisches Profil erm\u00f6glicht freih\u00e4ndiges Arbeiten auf Metalloberfl\u00e4chen;Genauigkeit 0,029\u00b0( 0,0005&#8243;\/in, 0,5mm\/M) in Standard- und umgedrehter Position;Ableseringe auf der Libelle mit 1 oder 2 Grad Genauigkeit;Kontrastreiche Libelle zur Maximierung der Sichtbarkeit;Gummiendkappen zur Absorption von St\u00f6\u00dfen<\/p>\n<p>4932478565<br \/>\n4058546347581<\/p>\n","protected":false},"excerpt":{"rendered":"<p>60 cm MAGNETIC LEVEL mit I-Profil<\/p>\n","protected":false},"featured_media":541206,"template":"","meta":{"_seopress_robots_primary_cat":"","_seopress_titles_title":"","_seopress_titles_desc":"","_seopress_robots_index":""},"product_brand":[3656],"product_cat":[1454,169,1470],"product_tag":[3272],"class_list":{"0":"post-606058","1":"product","2":"type-product","3":"status-publish","4":"has-post-thumbnail","6":"product_brand-milwaukee-de","7":"product_cat-andere-gerate","8":"product_cat-maschinen","9":"product_cat-messgerate","10":"product_tag-import-milwau-de","11":"sws-conto-ricavi-merci-rivendita-macchinari-de","12":"sws-gruppo-iva-iva81-de","14":"first","15":"onbackorder","16":"sale","17":"shipping-taxable","18":"purchasable","19":"product-type-simple"},"_links":{"self":[{"href":"https:\/\/lucacastelli.com\/de\/wp-json\/wp\/v2\/product\/606058","targetHints":{"allow":["GET"]}}],"collection":[{"href":"https:\/\/lucacastelli.com\/de\/wp-json\/wp\/v2\/product"}],"about":[{"href":"https:\/\/lucacastelli.com\/de\/wp-json\/wp\/v2\/types\/product"}],"wp:featuredmedia":[{"embeddable":true,"href":"https:\/\/lucacastelli.com\/de\/wp-json\/wp\/v2\/media\/541206"}],"wp:attachment":[{"href":"https:\/\/lucacastelli.com\/de\/wp-json\/wp\/v2\/media?parent=606058"}],"wp:term":[{"taxonomy":"product_brand","embeddable":true,"href":"https:\/\/lucacastelli.com\/de\/wp-json\/wp\/v2\/product_brand?post=606058"},{"taxonomy":"product_cat","embeddable":true,"href":"https:\/\/lucacastelli.com\/de\/wp-json\/wp\/v2\/product_cat?post=606058"},{"taxonomy":"product_tag","embeddable":true,"href":"https:\/\/lucacastelli.com\/de\/wp-json\/wp\/v2\/product_tag?post=606058"}],"curies":[{"name":"wp","href":"https:\/\/api.w.org\/{rel}","templated":true}]}}