{"id":606054,"date":"2025-08-10T17:20:59","date_gmt":"2025-08-10T15:20:59","guid":{"rendered":"https:\/\/lucacastelli.com\/prodotto\/milwaukee-torpedo-taschenwasserwaage\/"},"modified":"2025-08-10T17:20:59","modified_gmt":"2025-08-10T15:20:59","slug":"milwaukee-torpedo-taschenwasserwaage","status":"publish","type":"product","link":"https:\/\/lucacastelli.com\/de\/produkt\/milwaukee-torpedo-taschenwasserwaage\/","title":{"rendered":"Milwaukee Torpedo-Taschenwasserwaage"},"content":{"rendered":"<p>POCKET TORPEDO LEVELLER 1 St\u00fcck<br \/>\nSHARPSITE Technologie mit robustem und sto\u00dffestem Libellengeh\u00e4use;Kompaktes Design f\u00fcr Arbeiten auf engstem Raum;V-Rille zum Nivellieren an Rohren;Zentrales Rillendesign zum Nivellieren auch von Werkst\u00fccken mit Schwei\u00dfn\u00e4hten;Verst\u00e4rkte Seltenerdmagnete. Das Magnetdesign leitet den Magnetismus in eine Richtung und verst\u00e4rkt so die Wirkung; Genauigkeit 0,029\u00b0 (0,0005 Zoll\/in, 0,5 mm\/m) <\/p>\n<p>4932472122<br \/>\n4058546325183<\/p>\n","protected":false},"excerpt":{"rendered":"<p>TORPEDO POCKET LEVEL 1St.<\/p>\n","protected":false},"featured_media":539095,"template":"","meta":{"_seopress_robots_primary_cat":"","_seopress_titles_title":"","_seopress_titles_desc":"","_seopress_robots_index":""},"product_brand":[3407],"product_cat":[29,514,551],"product_tag":[3270],"class_list":{"0":"post-606054","1":"product","2":"type-product","3":"status-publish","4":"has-post-thumbnail","6":"product_brand-milwaukee","7":"product_cat-macchinari","8":"product_cat-altri-dispositivi","9":"product_cat-apparecchi-di-misurazione","10":"product_tag-import-milwau","11":"sws-conto-ricavi-merci-rivendita-macchinari-de","12":"sws-gruppo-iva-iva81-de","14":"first","15":"onbackorder","16":"sale","17":"shipping-taxable","18":"purchasable","19":"product-type-simple"},"_links":{"self":[{"href":"https:\/\/lucacastelli.com\/de\/wp-json\/wp\/v2\/product\/606054","targetHints":{"allow":["GET"]}}],"collection":[{"href":"https:\/\/lucacastelli.com\/de\/wp-json\/wp\/v2\/product"}],"about":[{"href":"https:\/\/lucacastelli.com\/de\/wp-json\/wp\/v2\/types\/product"}],"wp:featuredmedia":[{"embeddable":true,"href":"https:\/\/lucacastelli.com\/de\/wp-json\/wp\/v2\/media\/539095"}],"wp:attachment":[{"href":"https:\/\/lucacastelli.com\/de\/wp-json\/wp\/v2\/media?parent=606054"}],"wp:term":[{"taxonomy":"product_brand","embeddable":true,"href":"https:\/\/lucacastelli.com\/de\/wp-json\/wp\/v2\/product_brand?post=606054"},{"taxonomy":"product_cat","embeddable":true,"href":"https:\/\/lucacastelli.com\/de\/wp-json\/wp\/v2\/product_cat?post=606054"},{"taxonomy":"product_tag","embeddable":true,"href":"https:\/\/lucacastelli.com\/de\/wp-json\/wp\/v2\/product_tag?post=606054"}],"curies":[{"name":"wp","href":"https:\/\/api.w.org\/{rel}","templated":true}]}}