{"id":606053,"date":"2025-08-10T17:20:57","date_gmt":"2025-08-10T15:20:57","guid":{"rendered":"https:\/\/lucacastelli.com\/prodotto\/milwaukee-standard-torpedo-level\/"},"modified":"2025-08-10T17:20:57","modified_gmt":"2025-08-10T15:20:57","slug":"milwaukee-standard-torpedo-level","status":"publish","type":"product","link":"https:\/\/lucacastelli.com\/de\/produkt\/milwaukee-standard-torpedo-level\/","title":{"rendered":"Milwaukee Standard-Torpedo-Level"},"content":{"rendered":"<p>STANDARD TORPEDO LEVEL<br \/>\nSTANDARD TORPEDO LEVEL<br \/>\nKontrastreiche Rahmen erh\u00f6hen die Sichtbarkeit der Libellen; 3 gut sichtbare Libellen; AMPLIFIED &#8220;Seltene Erden&#8221;-Magnete f\u00fcr erh\u00f6hten magnetischen Widerstand; Optimiertes V-f\u00f6rmiges Design f\u00fcr maximale Stabilit\u00e4t auf Rohren und Schl\u00e4uchen; Aluminiumrahmen, der den Bedingungen auf der Baustelle standh\u00e4lt; Verj\u00fcngtes Design f\u00fcr einfache Aufbewahrung in Taschen und Werkzeugk\u00e4sten; Genauigkeit 0.029 Grad (0,5 mm\/ m) in Standardposition<\/p>\n<p>4932498716<br \/>\n4058546525859<\/p>\n","protected":false},"excerpt":{"rendered":"<p>STANDARD-TORPEDO-WASSERWAAGE<\/p>\n","protected":false},"featured_media":592229,"template":"","meta":{"_seopress_robots_primary_cat":"","_seopress_titles_title":"","_seopress_titles_desc":"","_seopress_robots_index":""},"product_brand":[3407],"product_cat":[29,514,551],"product_tag":[3270],"class_list":{"0":"post-606053","1":"product","2":"type-product","3":"status-publish","4":"has-post-thumbnail","6":"product_brand-milwaukee","7":"product_cat-macchinari","8":"product_cat-altri-dispositivi","9":"product_cat-apparecchi-di-misurazione","10":"product_tag-import-milwau","11":"sws-conto-ricavi-merci-rivendita-macchinari-de","12":"sws-gruppo-iva-iva81-de","14":"first","15":"onbackorder","16":"sale","17":"shipping-taxable","18":"purchasable","19":"product-type-simple"},"_links":{"self":[{"href":"https:\/\/lucacastelli.com\/de\/wp-json\/wp\/v2\/product\/606053","targetHints":{"allow":["GET"]}}],"collection":[{"href":"https:\/\/lucacastelli.com\/de\/wp-json\/wp\/v2\/product"}],"about":[{"href":"https:\/\/lucacastelli.com\/de\/wp-json\/wp\/v2\/types\/product"}],"wp:featuredmedia":[{"embeddable":true,"href":"https:\/\/lucacastelli.com\/de\/wp-json\/wp\/v2\/media\/592229"}],"wp:attachment":[{"href":"https:\/\/lucacastelli.com\/de\/wp-json\/wp\/v2\/media?parent=606053"}],"wp:term":[{"taxonomy":"product_brand","embeddable":true,"href":"https:\/\/lucacastelli.com\/de\/wp-json\/wp\/v2\/product_brand?post=606053"},{"taxonomy":"product_cat","embeddable":true,"href":"https:\/\/lucacastelli.com\/de\/wp-json\/wp\/v2\/product_cat?post=606053"},{"taxonomy":"product_tag","embeddable":true,"href":"https:\/\/lucacastelli.com\/de\/wp-json\/wp\/v2\/product_tag?post=606053"}],"curies":[{"name":"wp","href":"https:\/\/api.w.org\/{rel}","templated":true}]}}