{"id":606045,"date":"2025-08-10T17:20:54","date_gmt":"2025-08-10T15:20:54","guid":{"rendered":"https:\/\/lucacastelli.com\/prodotto\/milwaukee-magnetwasserwaage-mit-i-profil-2\/"},"modified":"2025-08-10T17:20:54","modified_gmt":"2025-08-10T15:20:54","slug":"milwaukee-magnetwasserwaage-mit-i-profil-2","status":"publish","type":"product","link":"https:\/\/lucacastelli.com\/de\/produkt\/milwaukee-magnetwasserwaage-mit-i-profil-2\/","title":{"rendered":"Milwaukee Magnetwasserwaage mit I-Profil"},"content":{"rendered":"<p>MAGNETIC LEVEL 120 cm I-Profil<br \/>\nVerst\u00e4rkter Aluminiumrahmen;Magnetisches Profil erm\u00f6glicht freih\u00e4ndiges Arbeiten auf Metalloberfl\u00e4chen;Genauigkeit 0,029\u00b0( 0,0005&#8243;\/in, 0,5mm\/M) in Standard- und \u00dcberkopfposition;Ableseringe auf der Libelle mit 1 oder 2 Grad Genauigkeit;Kontrastreiche Libelle f\u00fcr maximale Sichtbarkeit;Gummiendkappen zur Sto\u00dfd\u00e4mpfung<\/p>\n<p>4932478566<br \/>\n4058546347598<\/p>\n","protected":false},"excerpt":{"rendered":"<p>LEVEL 120 cm MAGNETIC I-Profil<\/p>\n","protected":false},"featured_media":541223,"template":"","meta":{"_seopress_robots_primary_cat":"","_seopress_titles_title":"","_seopress_titles_desc":"","_seopress_robots_index":""},"product_brand":[3407],"product_cat":[29,514,551],"product_tag":[3270],"class_list":{"0":"post-606045","1":"product","2":"type-product","3":"status-publish","4":"has-post-thumbnail","6":"product_brand-milwaukee","7":"product_cat-macchinari","8":"product_cat-altri-dispositivi","9":"product_cat-apparecchi-di-misurazione","10":"product_tag-import-milwau","11":"sws-conto-ricavi-merci-rivendita-macchinari-de","12":"sws-gruppo-iva-iva81-de","14":"first","15":"onbackorder","16":"sale","17":"shipping-taxable","18":"purchasable","19":"product-type-simple"},"_links":{"self":[{"href":"https:\/\/lucacastelli.com\/de\/wp-json\/wp\/v2\/product\/606045","targetHints":{"allow":["GET"]}}],"collection":[{"href":"https:\/\/lucacastelli.com\/de\/wp-json\/wp\/v2\/product"}],"about":[{"href":"https:\/\/lucacastelli.com\/de\/wp-json\/wp\/v2\/types\/product"}],"wp:featuredmedia":[{"embeddable":true,"href":"https:\/\/lucacastelli.com\/de\/wp-json\/wp\/v2\/media\/541223"}],"wp:attachment":[{"href":"https:\/\/lucacastelli.com\/de\/wp-json\/wp\/v2\/media?parent=606045"}],"wp:term":[{"taxonomy":"product_brand","embeddable":true,"href":"https:\/\/lucacastelli.com\/de\/wp-json\/wp\/v2\/product_brand?post=606045"},{"taxonomy":"product_cat","embeddable":true,"href":"https:\/\/lucacastelli.com\/de\/wp-json\/wp\/v2\/product_cat?post=606045"},{"taxonomy":"product_tag","embeddable":true,"href":"https:\/\/lucacastelli.com\/de\/wp-json\/wp\/v2\/product_tag?post=606045"}],"curies":[{"name":"wp","href":"https:\/\/api.w.org\/{rel}","templated":true}]}}