{"id":606040,"date":"2025-08-10T17:20:55","date_gmt":"2025-08-10T15:20:55","guid":{"rendered":"https:\/\/lucacastelli.com\/prodotto\/milwaukee-teleskop-wasserwaage\/"},"modified":"2025-08-10T17:20:55","modified_gmt":"2025-08-10T15:20:55","slug":"milwaukee-teleskop-wasserwaage","status":"publish","type":"product","link":"https:\/\/lucacastelli.com\/de\/produkt\/milwaukee-teleskop-wasserwaage\/","title":{"rendered":"Milwaukee Teleskop-Wasserwaage"},"content":{"rendered":"<p>TELESKOP-Wasserwaage 200 &#8211; 365cm 1 St\u00fcck<br \/>\nKann jede L\u00e4nge von 200 cm bis 366 cm abdecken; SHARPSITE\u2122-Libellentechnologie erm\u00f6glicht eine bessere Sichtbarkeit; Verst\u00e4rkte Innenteile sch\u00fctzen die Wasserwaage vor Besch\u00e4digung und Verschlei\u00df; Gefr\u00e4ste Messfl\u00e4che gew\u00e4hrleistet Genauigkeit in allen Arbeitspositionen;Genauigkeit von 0,029\u00b0 (0,0005dogan\/in, 0,5 mm\/m) in normaler und umgekehrter Position;Das kontrastreiche Libellensystem ist leicht zu reinigen und optimiert die Sichtbarkeit;Vollgriffiger Rahmen f\u00fcr verbesserte Ergonomie beim Transport und w\u00e4hrend der Anwendung;Abnehmbare Abstandshalter<\/p>\n<p>4932471355<br \/>\n4058546289836<\/p>\n","protected":false},"excerpt":{"rendered":"<p>TELESKOPLEVEL 200 &#8211; 365cm 1St\u00fcck<\/p>\n","protected":false},"featured_media":536402,"template":"","meta":{"_seopress_robots_primary_cat":"","_seopress_titles_title":"","_seopress_titles_desc":"","_seopress_robots_index":""},"product_brand":[3407],"product_cat":[29,514,551],"product_tag":[3270],"class_list":{"0":"post-606040","1":"product","2":"type-product","3":"status-publish","4":"has-post-thumbnail","6":"product_brand-milwaukee","7":"product_cat-macchinari","8":"product_cat-altri-dispositivi","9":"product_cat-apparecchi-di-misurazione","10":"product_tag-import-milwau","11":"sws-conto-ricavi-merci-rivendita-macchinari-de","12":"sws-gruppo-iva-iva81-de","14":"first","15":"onbackorder","16":"sale","17":"shipping-taxable","18":"purchasable","19":"product-type-simple"},"_links":{"self":[{"href":"https:\/\/lucacastelli.com\/de\/wp-json\/wp\/v2\/product\/606040","targetHints":{"allow":["GET"]}}],"collection":[{"href":"https:\/\/lucacastelli.com\/de\/wp-json\/wp\/v2\/product"}],"about":[{"href":"https:\/\/lucacastelli.com\/de\/wp-json\/wp\/v2\/types\/product"}],"wp:featuredmedia":[{"embeddable":true,"href":"https:\/\/lucacastelli.com\/de\/wp-json\/wp\/v2\/media\/536402"}],"wp:attachment":[{"href":"https:\/\/lucacastelli.com\/de\/wp-json\/wp\/v2\/media?parent=606040"}],"wp:term":[{"taxonomy":"product_brand","embeddable":true,"href":"https:\/\/lucacastelli.com\/de\/wp-json\/wp\/v2\/product_brand?post=606040"},{"taxonomy":"product_cat","embeddable":true,"href":"https:\/\/lucacastelli.com\/de\/wp-json\/wp\/v2\/product_cat?post=606040"},{"taxonomy":"product_tag","embeddable":true,"href":"https:\/\/lucacastelli.com\/de\/wp-json\/wp\/v2\/product_tag?post=606040"}],"curies":[{"name":"wp","href":"https:\/\/api.w.org\/{rel}","templated":true}]}}