{"id":606039,"date":"2025-08-10T17:20:53","date_gmt":"2025-08-10T15:20:53","guid":{"rendered":"https:\/\/lucacastelli.com\/prodotto\/milwaukee-rotierende-laserwasserwaage-m18-600-m-roter-horizontalradius-mit-one-key\/"},"modified":"2025-08-10T17:20:53","modified_gmt":"2025-08-10T15:20:53","slug":"milwaukee-rotierende-laserwasserwaage-m18-600-m-roter-horizontalradius-mit-one-key","status":"publish","type":"product","link":"https:\/\/lucacastelli.com\/de\/produkt\/milwaukee-rotierende-laserwasserwaage-m18-600-m-roter-horizontalradius-mit-one-key\/","title":{"rendered":"Milwaukee Rotierende Laserwasserwaage M18 600 m roter Horizontalradius mit ONE-KEY\u2122"},"content":{"rendered":"<p>M18 RLOH600-201C \/ROTATIONSLASER<br \/>\nRotationslaser f\u00fcr den Au\u00dfenbereich f\u00fcr maximale Ergebnisse bei der Nivellierung des Gel\u00e4ndes; einfache und intuitive Benutzeroberfl\u00e4che, Ein-Knopf-Einrichtung; manuelle Abdeckklappen zur Vermeidung von Laserinterferenzen und Laserreflexionen an Fenstern; entwickelt, um den widrigsten Bedingungen auf der Baustelle standzuhalten: Schutzart IP66, widersteht St\u00fcrzen bis zu 1.5 Meter; \u00b15 Grad Selbstnivellierung f\u00fcr eine schnelle und genaue Aufstellung; 600 Meter Reichweite (Durchmesser) mit Empf\u00e4nger (RD600), optimiert f\u00fcr den Einsatz im Freien; leicht ablesbares Empf\u00e4ngerdisplay, hintergrundbeleuchtete Anzeige in mm und Zoll auf der Vorder- und R\u00fcckseite f\u00fcr klare Sicht; Sto\u00dfalarm mit einstellbarer Empfindlichkeit, um den Benutzer \u00fcber Laserbewegungen oder St\u00f6\u00dfe zu informieren;\u00dcber 40 Stunden Akkulaufzeit mit dem M18 2 Ah-Akku;ONE-KEY\u2122 Tracking &amp; Security System bietet kostenlose, cloudbasierte Bestandsverfolgung und -verwaltung sowie Fernsperrung und Anwendungsberichte;Funktioniert mit allen Milwaukee M18-Akkus<\/p>\n<p>4933493191<br \/>\n4058546480622<\/p>\n","protected":false},"excerpt":{"rendered":"<p>M18 RLOH600-201C \/ROTATIONSLASER<\/p>\n","protected":false},"featured_media":584938,"template":"","meta":{"_seopress_robots_primary_cat":"","_seopress_titles_title":"","_seopress_titles_desc":"","_seopress_robots_index":""},"product_brand":[3407],"product_cat":[29,514,551],"product_tag":[3270],"class_list":{"0":"post-606039","1":"product","2":"type-product","3":"status-publish","4":"has-post-thumbnail","6":"product_brand-milwaukee","7":"product_cat-macchinari","8":"product_cat-altri-dispositivi","9":"product_cat-apparecchi-di-misurazione","10":"product_tag-import-milwau","11":"sws-conto-ricavi-merci-rivendita-macchinari-de","12":"sws-gruppo-iva-iva81-de","14":"first","15":"onbackorder","16":"sale","17":"shipping-taxable","18":"purchasable","19":"product-type-simple"},"_links":{"self":[{"href":"https:\/\/lucacastelli.com\/de\/wp-json\/wp\/v2\/product\/606039","targetHints":{"allow":["GET"]}}],"collection":[{"href":"https:\/\/lucacastelli.com\/de\/wp-json\/wp\/v2\/product"}],"about":[{"href":"https:\/\/lucacastelli.com\/de\/wp-json\/wp\/v2\/types\/product"}],"wp:featuredmedia":[{"embeddable":true,"href":"https:\/\/lucacastelli.com\/de\/wp-json\/wp\/v2\/media\/584938"}],"wp:attachment":[{"href":"https:\/\/lucacastelli.com\/de\/wp-json\/wp\/v2\/media?parent=606039"}],"wp:term":[{"taxonomy":"product_brand","embeddable":true,"href":"https:\/\/lucacastelli.com\/de\/wp-json\/wp\/v2\/product_brand?post=606039"},{"taxonomy":"product_cat","embeddable":true,"href":"https:\/\/lucacastelli.com\/de\/wp-json\/wp\/v2\/product_cat?post=606039"},{"taxonomy":"product_tag","embeddable":true,"href":"https:\/\/lucacastelli.com\/de\/wp-json\/wp\/v2\/product_tag?post=606039"}],"curies":[{"name":"wp","href":"https:\/\/api.w.org\/{rel}","templated":true}]}}